{"id":16568,"date":"2026-02-16T14:57:11","date_gmt":"2026-02-16T17:57:11","guid":{"rendered":"https:\/\/bodegasre.cl\/?page_id=16568"},"modified":"2026-02-16T15:54:00","modified_gmt":"2026-02-16T18:54:00","slug":"gracias-por-tu-compra","status":"publish","type":"page","link":"https:\/\/bodegasre.cl\/en\/gracias-por-tu-compra\/","title":{"rendered":"Gracias por tu compra"},"content":{"rendered":"\t\t<div data-elementor-type=\"wp-page\" data-elementor-id=\"16568\" class=\"elementor elementor-16568\" data-elementor-post-type=\"page\">\n\t\t\t\t<div class=\"elementor-element elementor-element-d8321ff e-flex e-con-boxed e-con e-parent\" data-id=\"d8321ff\" data-element_type=\"container\" data-e-type=\"container\">\n\t\t\t\t\t<div class=\"e-con-inner\">\n\t\t\t\t\t<\/div>\n\t\t\t\t<\/div>\n\t\t<div class=\"elementor-element elementor-element-9e5ac9d e-flex e-con-boxed e-con e-parent\" data-id=\"9e5ac9d\" data-element_type=\"container\" data-e-type=\"container\">\n\t\t\t\t\t<div class=\"e-con-inner\">\n\t\t\t\t\t<\/div>\n\t\t\t\t<\/div>\n\t\t<div class=\"elementor-element elementor-element-1e57d33 e-flex e-con-boxed e-con e-parent\" data-id=\"1e57d33\" data-element_type=\"container\" data-e-type=\"container\">\n\t\t\t\t\t<div class=\"e-con-inner\">\n\t\t\t\t<div class=\"elementor-element elementor-element-94682f0 elementor-widget elementor-widget-text-editor\" data-id=\"94682f0\" data-element_type=\"widget\" data-e-type=\"widget\" data-widget_type=\"text-editor.default\">\n\t\t\t\t<div class=\"elementor-widget-container\">\n\t\t\t\t\t\t\t\t\t<p style=\"text-align: center;\" data-path-to-node=\"4,0\"><b data-path-to-node=\"4,0\" data-index-in-node=\"0\">\u00a1Gracias por ser parte de RE!<\/b><\/p>\n<p style=\"text-align: center;\" data-path-to-node=\"4,1\">Tu pedido ha sido REcibido y ya estamos preparando tus productos con el mismo cuidado con el que tratamos nuestras tinajas.<\/p>\n<p style=\"text-align: center;\" data-path-to-node=\"4,2\"><b data-path-to-node=\"4,2\" data-index-in-node=\"0\">\u00bfQu\u00e9 sigue? <br><\/b>Pronto REcibir\u00e1s un correo con los detalles de tu REserva o Compra donde nuestros ejecutivos gestionar\u00e1n a la brevedad la emisi\u00f3n de tu boleta o el seguimiento de tu env\u00edo.<\/p>\n<p style=\"text-align: center;\" data-path-to-node=\"4,2\">\n<strong>REcrear &#8211; REinventa &#8211; REvelar<\/strong><\/p>\t\t\t\t\t\t\t\t<\/div>\n\t\t\t\t<\/div>\n\t\t\t\t\t<\/div>\n\t\t\t\t<\/div>\n\t\t\t\t<\/div>\n\t\t","protected":false},"excerpt":{"rendered":"<p>\u00a1Gracias por ser parte de RE! Tu pedido ha sido REcibido y ya estamos preparando tus productos con el mismo cuidado con el que tratamos nuestras tinajas. \u00bfQu\u00e9 sigue? Pronto REcibir\u00e1s un correo con los detalles de tu REserva o Compra donde nuestros ejecutivos gestionar\u00e1n a la brevedad la emisi\u00f3n de tu boleta o el [&hellip;]<\/p>\n","protected":false},"author":1,"featured_media":0,"parent":0,"menu_order":0,"comment_status":"closed","ping_status":"closed","template":"redux-templates_contained","meta":{"inline_featured_image":false,"footnotes":""},"class_list":["post-16568","page","type-page","status-publish","hentry"],"_links":{"self":[{"href":"https:\/\/bodegasre.cl\/en\/wp-json\/wp\/v2\/pages\/16568","targetHints":{"allow":["GET"]}}],"collection":[{"href":"https:\/\/bodegasre.cl\/en\/wp-json\/wp\/v2\/pages"}],"about":[{"href":"https:\/\/bodegasre.cl\/en\/wp-json\/wp\/v2\/types\/page"}],"author":[{"embeddable":true,"href":"https:\/\/bodegasre.cl\/en\/wp-json\/wp\/v2\/users\/1"}],"replies":[{"embeddable":true,"href":"https:\/\/bodegasre.cl\/en\/wp-json\/wp\/v2\/comments?post=16568"}],"version-history":[{"count":7,"href":"https:\/\/bodegasre.cl\/en\/wp-json\/wp\/v2\/pages\/16568\/revisions"}],"predecessor-version":[{"id":16576,"href":"https:\/\/bodegasre.cl\/en\/wp-json\/wp\/v2\/pages\/16568\/revisions\/16576"}],"wp:attachment":[{"href":"https:\/\/bodegasre.cl\/en\/wp-json\/wp\/v2\/media?parent=16568"}],"curies":[{"name":"wp","href":"https:\/\/api.w.org\/{rel}","templated":true}]}}