{"id":9370,"date":"2024-06-11T20:33:16","date_gmt":"2024-06-12T00:33:16","guid":{"rendered":"https:\/\/bodegasre.cl\/vigno\/"},"modified":"2025-03-10T16:13:35","modified_gmt":"2025-03-10T19:13:35","slug":"vigno","status":"publish","type":"page","link":"https:\/\/bodegasre.cl\/en\/vigno\/","title":{"rendered":"VIGNO"},"content":{"rendered":"\t\t<div data-elementor-type=\"wp-page\" data-elementor-id=\"9370\" class=\"elementor elementor-9370 elementor-7252\" data-elementor-post-type=\"page\">\n\t\t\t\t<div class=\"elementor-element elementor-element-402cd59 e-con-full e-flex e-con e-parent\" data-id=\"402cd59\" data-element_type=\"container\" data-e-type=\"container\" data-settings=\"{&quot;background_background&quot;:&quot;classic&quot;}\">\n\t\t\t\t<\/div>\n\t\t<div class=\"elementor-element elementor-element-45e14ad e-flex e-con-boxed e-con e-parent\" data-id=\"45e14ad\" data-element_type=\"container\" data-e-type=\"container\">\n\t\t\t\t\t<div class=\"e-con-inner\">\n\t\t<div class=\"elementor-element elementor-element-2feec80 e-con-full e-flex e-con e-child\" data-id=\"2feec80\" data-element_type=\"container\" data-e-type=\"container\">\n\t\t\t\t<div class=\"elementor-element elementor-element-c880454 elementor-widget elementor-widget-ld_fancy_image\" data-id=\"c880454\" data-element_type=\"widget\" data-e-type=\"widget\" data-widget_type=\"ld_fancy_image.default\">\n\t\t\t\t<div class=\"elementor-widget-container\">\n\t\t\t\t\t\n\t\t<div class=\"lqd-imggrp-single d-block pos-rel \">\n\t\t\t<div class=\"lqd-imggrp-img-container d-inline-flex pos-rel align-items-center justify-content-center \">\n\t\t\t\t\t\t\t\t<figure class=\"w-100 pos-rel\">\n\t\t\t\t\t<img fetchpriority=\"high\" decoding=\"async\" width=\"555\" height=\"1024\" src=\"https:\/\/bodegasre.cl\/wp-content\/uploads\/2024\/06\/vino-VIGNO-15.png\" class=\"attachment-full size-full wp-image-7117\" alt=\"\" srcset=\"https:\/\/bodegasre.cl\/wp-content\/uploads\/2024\/06\/vino-VIGNO-15.png 555w, https:\/\/bodegasre.cl\/wp-content\/uploads\/2024\/06\/vino-VIGNO-15-163x300.png 163w, https:\/\/bodegasre.cl\/wp-content\/uploads\/2024\/06\/vino-VIGNO-15-300x553.png 300w\" sizes=\"(max-width: 555px) 100vw, 555px\" itemprop=\"image\" \/>\t\t\t\t\t\t\t\t\t\t\t\t\t\t\t\t\t\t\t\t\t\t\t\t\t\t\t\t\t<\/figure>\n\t\t\t<\/div>\n\t\t<\/div>\n\n\t\t\t\t\t<\/div>\n\t\t\t\t<\/div>\n\t\t\t\t<\/div>\n\t\t<div class=\"elementor-element elementor-element-af7bde9 e-flex e-con-boxed e-con e-child\" data-id=\"af7bde9\" data-element_type=\"container\" data-e-type=\"container\">\n\t\t\t\t\t<div class=\"e-con-inner\">\n\t\t\t\t<div class=\"elementor-element elementor-element-8cc981d elementor-widget elementor-widget-heading\" data-id=\"8cc981d\" data-element_type=\"widget\" data-e-type=\"widget\" data-widget_type=\"heading.default\">\n\t\t\t\t<div class=\"elementor-widget-container\">\n\t\t\t\t\t<h2 class=\"elementor-heading-title elementor-size-default\">VIGNO\n<\/h2>\t\t\t\t<\/div>\n\t\t\t\t<\/div>\n\t\t\t\t<div class=\"elementor-element elementor-element-aa9a591 elementor-widget elementor-widget-heading\" data-id=\"aa9a591\" data-element_type=\"widget\" data-e-type=\"widget\" data-widget_type=\"heading.default\">\n\t\t\t\t<div class=\"elementor-widget-container\">\n\t\t\t\t\t<h6 class=\"elementor-heading-title elementor-size-default\">2019<\/h6>\t\t\t\t<\/div>\n\t\t\t\t<\/div>\n\t\t\t\t<div class=\"elementor-element elementor-element-2e29181 elementor-widget elementor-widget-hub_fancy_heading\" data-id=\"2e29181\" data-element_type=\"widget\" data-e-type=\"widget\" data-widget_type=\"hub_fancy_heading.default\">\n\t\t\t\t<div class=\"elementor-widget-container\">\n\t\t\t\t\t\n\t\t<div id=\"ld-fancy-heading-69e530605fa6f\" class=\"ld-fancy-heading pos-rel\">\n\t\t\t<h2 class=\"ld-fh-element d-inline-block pos-rel  elementor-heading-title lqd-highlight-classic lqd-highlight-grow-left h2\"  > It is a conceptual wine, it is REcreating the ancestral Genesis, through the use of artisanal processes of vinification in clay amphorae and large jars, with current techniques and knowledge, original wines of great value.<\/h2>\t\t<\/div>\n\n\t\t\t\t\t\t<\/div>\n\t\t\t\t<\/div>\n\t\t\t\t<div class=\"elementor-element elementor-element-c8ef640 elementor-widget elementor-widget-heading\" data-id=\"c8ef640\" data-element_type=\"widget\" data-e-type=\"widget\" data-widget_type=\"heading.default\">\n\t\t\t\t<div class=\"elementor-widget-container\">\n\t\t\t\t\t<h2 class=\"elementor-heading-title elementor-size-default\">Appellation of Origin: Maule.<\/h2>\t\t\t\t<\/div>\n\t\t\t\t<\/div>\n\t\t\t\t<div class=\"elementor-element elementor-element-1b3ee50 elementor-widget elementor-widget-heading\" data-id=\"1b3ee50\" data-element_type=\"widget\" data-e-type=\"widget\" data-widget_type=\"heading.default\">\n\t\t\t\t<div class=\"elementor-widget-container\">\n\t\t\t\t\t<h2 class=\"elementor-heading-title elementor-size-default\">RECOGNITIONS:  <\/h2>\t\t\t\t<\/div>\n\t\t\t\t<\/div>\n\t\t<div class=\"elementor-element elementor-element-e28893c e-con-full e-flex e-con e-child\" data-id=\"e28893c\" data-element_type=\"container\" data-e-type=\"container\">\n\t\t\t\t<\/div>\n\t\t\t\t<div class=\"elementor-element elementor-element-b527ffe elementor-icon-list--layout-traditional elementor-list-item-link-full_width elementor-widget elementor-widget-icon-list\" data-id=\"b527ffe\" data-element_type=\"widget\" data-e-type=\"widget\" data-widget_type=\"icon-list.default\">\n\t\t\t\t<div class=\"elementor-widget-container\">\n\t\t\t\t\t\t\t<ul class=\"elementor-icon-list-items\">\n\t\t\t\t\t\t\t<li class=\"elementor-icon-list-item\">\n\t\t\t\t\t\t\t\t\t\t\t<a href=\"https:\/\/bodegasre.cl\/wp-content\/uploads\/2025\/02\/VIGNO-2019.pdf\" target=\"_blank\">\n\n\t\t\t\t\t\t\t\t\t\t\t\t<span class=\"elementor-icon-list-icon\">\n\t\t\t\t\t\t\t<svg aria-hidden=\"true\" class=\"e-font-icon-svg e-fas-download\" viewBox=\"0 0 512 512\" xmlns=\"http:\/\/www.w3.org\/2000\/svg\"><path d=\"M216 0h80c13.3 0 24 10.7 24 24v168h87.7c17.8 0 26.7 21.5 14.1 34.1L269.7 378.3c-7.5 7.5-19.8 7.5-27.3 0L90.1 226.1c-12.6-12.6-3.7-34.1 14.1-34.1H192V24c0-13.3 10.7-24 24-24zm296 376v112c0 13.3-10.7 24-24 24H24c-13.3 0-24-10.7-24-24V376c0-13.3 10.7-24 24-24h146.7l49 49c20.1 20.1 52.5 20.1 72.6 0l49-49H488c13.3 0 24 10.7 24 24zm-124 88c0-11-9-20-20-20s-20 9-20 20 9 20 20 20 20-9 20-20zm64 0c0-11-9-20-20-20s-20 9-20 20 9 20 20 20 20-9 20-20z\"><\/path><\/svg>\t\t\t\t\t\t<\/span>\n\t\t\t\t\t\t\t\t\t\t<span class=\"elementor-icon-list-text\">TECHNICAL DATA SHEET<\/span>\n\t\t\t\t\t\t\t\t\t\t\t<\/a>\n\t\t\t\t\t\t\t\t\t<\/li>\n\t\t\t\t\t\t\t\t<li class=\"elementor-icon-list-item\">\n\t\t\t\t\t\t\t\t\t\t\t<a href=\"https:\/\/bodegasre.cl\/wp-content\/uploads\/2024\/06\/vino-VIGNO-15.png\">\n\n\t\t\t\t\t\t\t\t\t\t\t\t<span class=\"elementor-icon-list-icon\">\n\t\t\t\t\t\t\t<svg aria-hidden=\"true\" class=\"e-font-icon-svg e-fas-download\" viewBox=\"0 0 512 512\" xmlns=\"http:\/\/www.w3.org\/2000\/svg\"><path d=\"M216 0h80c13.3 0 24 10.7 24 24v168h87.7c17.8 0 26.7 21.5 14.1 34.1L269.7 378.3c-7.5 7.5-19.8 7.5-27.3 0L90.1 226.1c-12.6-12.6-3.7-34.1 14.1-34.1H192V24c0-13.3 10.7-24 24-24zm296 376v112c0 13.3-10.7 24-24 24H24c-13.3 0-24-10.7-24-24V376c0-13.3 10.7-24 24-24h146.7l49 49c20.1 20.1 52.5 20.1 72.6 0l49-49H488c13.3 0 24 10.7 24 24zm-124 88c0-11-9-20-20-20s-20 9-20 20 9 20 20 20 20-9 20-20zm64 0c0-11-9-20-20-20s-20 9-20 20 9 20 20 20 20-9 20-20z\"><\/path><\/svg>\t\t\t\t\t\t<\/span>\n\t\t\t\t\t\t\t\t\t\t<span class=\"elementor-icon-list-text\">BOTTLE IMAGE<\/span>\n\t\t\t\t\t\t\t\t\t\t\t<\/a>\n\t\t\t\t\t\t\t\t\t<\/li>\n\t\t\t\t\t\t<\/ul>\n\t\t\t\t\t\t<\/div>\n\t\t\t\t<\/div>\n\t\t<div class=\"elementor-element elementor-element-76af0c9 e-flex e-con-boxed e-con e-child\" data-id=\"76af0c9\" data-element_type=\"container\" data-e-type=\"container\">\n\t\t\t\t\t<div class=\"e-con-inner\">\n\t\t<div class=\"elementor-element elementor-element-16561ae e-con-full e-flex e-con e-child\" data-id=\"16561ae\" data-element_type=\"container\" data-e-type=\"container\">\n\t\t\t\t<div class=\"elementor-element elementor-element-a3b2c98 elementor-widget elementor-widget-hub_fancy_heading\" data-id=\"a3b2c98\" data-element_type=\"widget\" data-e-type=\"widget\" data-widget_type=\"hub_fancy_heading.default\">\n\t\t\t\t<div class=\"elementor-widget-container\">\n\t\t\t\t\t\n\t\t<div id=\"ld-fancy-heading-69e53060605ab\" class=\"ld-fancy-heading pos-rel\">\n\t\t\t<h2 class=\"ld-fh-element d-inline-block pos-rel  elementor-heading-title lqd-highlight-classic lqd-highlight-grow-left h2\"  > Share<\/h2>\t\t<\/div>\n\n\t\t\t\t\t\t<\/div>\n\t\t\t\t<\/div>\n\t\t\t\t<\/div>\n\t\t<div class=\"elementor-element elementor-element-a2e68c2 e-flex e-con-boxed e-con e-child\" data-id=\"a2e68c2\" data-element_type=\"container\" data-e-type=\"container\">\n\t\t\t\t\t<div class=\"e-con-inner\">\n\t\t\t\t<div class=\"elementor-element elementor-element-217429a elementor-widget elementor-widget-ld_woo_product_sharing\" data-id=\"217429a\" data-element_type=\"widget\" data-e-type=\"widget\" data-widget_type=\"ld_woo_product_sharing.default\">\n\t\t\t\t<div class=\"elementor-widget-container\">\n\t\t\t\t\t\n\t\t<div class=\"product product-layout-component lqd-product-sharing\">\n\t\t\t<ul class=\"social-icon scheme-dark reset-ul inline-ul\">\n\t<li class=\"me-3\"><a rel=\"nofollow\" href=\"https:\/\/www.facebook.com\/sharer\/sharer.php?u=https%3A%2F%2Fbodegasre.cl%2Fen%2Fvigno%2F&#038;t=VIGNO\"><svg xmlns=\"http:\/\/www.w3.org\/2000\/svg\" viewBox=\"0 0 320 512\" style=\"width: 1em; height: 1em;\"><path fill=\"currentColor\" d=\"M279.14 288l14.22-92.66h-88.91v-60.13c0-25.35 12.42-50.06 52.24-50.06h40.42V6.26S260.43 0 225.36 0c-73.22 0-121.08 44.38-121.08 124.72v70.62H22.89V288h81.39v224h100.17V288z\"\/><\/svg><\/a><\/li>\n\t<li class=\"me-3\"><a rel=\"nofollow\" href=\"https:\/\/twitter.com\/intent\/tweet?text=VIGNO&#038;url=https%3A%2F%2Fbodegasre.cl%2Fen%2Fvigno%2F\"><svg xmlns=\"http:\/\/www.w3.org\/2000\/svg\" viewBox=\"0 0 24 24\" style=\"width: 1em; height: 1em;\"><path d=\"M8 2H1L9.26086 13.0145L1.44995 21.9999H4.09998L10.4883 14.651L16 22H23L14.3917 10.5223L21.8001 2H19.1501L13.1643 8.88578L8 2ZM17 20L5 4H7L19 20H17Z\"><\/path><\/svg><\/a><\/li>\n\t<li><a rel=\"nofollow\" href=\"https:\/\/pinterest.com\/pin\/create\/button\/?url=https%3A%2F%2Fbodegasre.cl%2Fen%2Fvigno%2F&#038;media=&#038;description=VIGNO\"><svg xmlns=\"http:\/\/www.w3.org\/2000\/svg\" viewBox=\"0 0 384 512\" style=\"width: 1em; height: 1em;\"><path fill=\"currentColor\" d=\"M204 6.5C101.4 6.5 0 74.9 0 185.6 0 256 39.6 296 63.6 296c9.9 0 15.6-27.6 15.6-35.4 0-9.3-23.7-29.1-23.7-67.8 0-80.4 61.2-137.4 140.4-137.4 68.1 0 118.5 38.7 118.5 109.8 0 53.1-21.3 152.7-90.3 152.7-24.9 0-46.2-18-46.2-43.8 0-37.8 26.4-74.4 26.4-113.4 0-66.2-93.9-54.2-93.9 25.8 0 16.8 2.1 35.4 9.6 50.7-13.8 59.4-42 147.9-42 209.1 0 18.9 2.7 37.5 4.5 56.4 3.4 3.8 1.7 3.4 6.9 1.5 50.4-69 48.6-82.5 71.4-172.8 12.3 23.4 44.1 36 69.3 36 106.2 0 153.9-103.5 153.9-196.8C384 71.3 298.2 6.5 204 6.5z\"\/><\/svg><\/a><\/li>\n<\/ul>\n\t\t<\/div>\n\n\t\t\t\t\t\t<\/div>\n\t\t\t\t<\/div>\n\t\t\t\t\t<\/div>\n\t\t\t\t<\/div>\n\t\t\t\t\t<\/div>\n\t\t\t\t<\/div>\n\t\t\t\t\t<\/div>\n\t\t\t\t<\/div>\n\t\t\t\t\t<\/div>\n\t\t\t\t<\/div>\n\t\t<div class=\"elementor-element elementor-element-36849af e-flex e-con-boxed e-con e-parent\" data-id=\"36849af\" data-element_type=\"container\" data-e-type=\"container\">\n\t\t\t\t\t<div class=\"e-con-inner\">\n\t\t\t\t<div class=\"elementor-element elementor-element-979239e elementor-widget elementor-widget-ld_tabs\" data-id=\"979239e\" data-element_type=\"widget\" data-e-type=\"widget\" data-widget_type=\"ld_tabs.default\">\n\t\t\t\t<div class=\"elementor-widget-container\">\n\t\t\t\t\t\t\t<div class=\"lqd-tabs lqd-tabs-style-1 lqd-tabs-nav-iconbox d-flex lqd-tabs-nav-items-not-expanded flex-column 979239e lqd-nav-underline-\" data-tabs-options=\"{&quot;trigger&quot;:&quot;click&quot;}\">\n\n\t\t\t<nav class=\"lqd-tabs-nav-wrap\">\n\t\t\t\t<ul class=\"reset-ul lqd-tabs-nav d-flex align-items-center justify-content-between flex-wrap pos-rel\" role=\"tablist\"><li data-controls=\"lqd-tab-1581\" role=\"presentation\" class=\"elementor-repeater-item-39e9652 active mb-5\"><a class=\"d-block\" href=\"#lqd-tab-1581\" data-bs-target=\"#lqd-tab-1581\" aria-expanded=\"false\" aria-controls=\"lqd-tab-1581\" role=\"tab\" data-toggle=\"tab\" data-bs-toggle=\"tab\"><span class=\"lqd-tabs-nav-icon d-flex flex-wrap\"><span class=\"lqd-tabs-nav-content d-block\"><span class=\"d-block h3 mt-0 mb-3\">Notas de cata y elaboraci\u00f3n<\/span><\/span><\/span><\/a><\/li><li data-controls=\"lqd-tab-1582\" role=\"presentation\" class=\"elementor-repeater-item-701ceaa mb-5\"><a class=\"d-block\" href=\"#lqd-tab-1582\" data-bs-target=\"#lqd-tab-1582\" aria-expanded=\"false\" aria-controls=\"lqd-tab-1582\" role=\"tab\" data-toggle=\"tab\" data-bs-toggle=\"tab\"><span class=\"lqd-tabs-nav-icon d-flex flex-wrap\"><span class=\"lqd-tabs-nav-content d-block\"><span class=\"d-block h3 mt-0 mb-3\">Vi\u00f1edos de origen<\/span><\/span><\/span><\/a><\/li><li data-controls=\"lqd-tab-1583\" role=\"presentation\" class=\"elementor-repeater-item-0a5c0c8 mb-5\"><a class=\"d-block\" href=\"#lqd-tab-1583\" data-bs-target=\"#lqd-tab-1583\" aria-expanded=\"false\" aria-controls=\"lqd-tab-1583\" role=\"tab\" data-toggle=\"tab\" data-bs-toggle=\"tab\"><span class=\"lqd-tabs-nav-icon d-flex flex-wrap\"><span class=\"lqd-tabs-nav-content d-block\"><span class=\"d-block h3 mt-0 mb-3\">An\u00e1lisis <\/span><\/span><\/span><\/a><\/li><\/ul>\t\t\t\t\t\t\t<\/nav>\n\n\t\t\t<div class=\"lqd-tabs-content pos-rel\"><div id=\"lqd-tab-1581\" role=\"tabpanel\" class=\"lqd-tabs-pane fade active in\"><p>Se fermenta en grandes \u00e1nforas, de un dise\u00f1o singular y \u00fanico. Estas \u00e1nforas son \u00fanicas en<br \/>el mundo y su especial forma, permite una fermentaci\u00f3n perfecta por su propio movimiento<br \/>de convecci\u00f3n, que no requiere pr\u00e1cticas o labores, ni de uso de refrigerantes. El proceso<br \/>de fermentaci\u00f3n y maceraci\u00f3n, es largamente extendido, por m\u00e1s de dos meses, a objeto<br \/>de lograr una alta gama de sabores e intensos colores. Se cr\u00eda luego en fudres y barricas,<br \/>posteriormente dos a\u00f1os en botella. 100% Carignan, de color rojo cereza y rub\u00ed, brillante y<br \/>luminoso. De aromas a guindas y rosas salvajes, frutos del bosque, casta\u00f1as y avellanas<br \/>tostadas. Especiado con notas de vainilla. Tambi\u00e9n destaca por un ligero y atractivo<br \/>perfume de flores azules como las violetas. De paso de boca ligera, vivaz, de mucho<br \/>car\u00e1cter y de largo y elegante final. De f\u00e1cil recuerdo y evocador al verano maulino.<\/p> <\/div><div id=\"lqd-tab-1582\" role=\"tabpanel\" class=\"lqd-tabs-pane fade\"><p>100% Carignan, de color rojo cereza y rub\u00ed, brillante y luminoso. De aromas a guindas y rosas salvajes, frutos del bosque, casta\u00f1as y avellanas tostadas. Especiado con notas de vainilla. Tambi\u00e9n destaca por un ligero y atractivo perfume de flores azules como las violetas. De paso de boca ligero, vivaz, de mucho car\u00e1cter y de largo y elegante final. De f\u00e1cil recuerdo y evocador al est\u00edo maulino.<\/p><p>Se recomienda consumir con la gastronom\u00eda tradicional maulina, de carnes rojas en general y cordero en especial. Piezas de caza menor, liebre y conejo silvestre, pato, perdiz, y ave casina. Muy apreciado con cerdo y su arrollado campesino, chorizo y prietas. Ideal para gastronom\u00eda mediterr\u00e1nea, con abundancia de legumbres y verduras guisadas.<\/p> <\/div><div id=\"lqd-tab-1583\" role=\"tabpanel\" class=\"lqd-tabs-pane fade\"><p>A\u00f1o: 2019.<br \/>Variedad: Carignan 100%.<br \/>Alcohol: 15\u00b0.<\/p> <\/div><\/div>\n\t\t<\/div>\n\t\t\t\t\t<\/div>\n\t\t\t\t<\/div>\n\t\t\t\t\t<\/div>\n\t\t\t\t<\/div>\n\t\t\t\t<\/div>\n\t\t","protected":false},"excerpt":{"rendered":"<p>VIGNO 2019 It is a conceptual wine, it is REcreating the ancestral Genesis, through the use of artisanal processes of vinification in clay amphorae and large jars, with current techniques and knowledge, original wines of great value. Appellation of Origin: Maule. RECOGNITIONS: TECHNICAL DATA SHEET BOTTLE IMAGE Share Notas de cata y elaboraci\u00f3n Vi\u00f1edos de [&hellip;]<\/p>\n","protected":false},"author":1,"featured_media":0,"parent":0,"menu_order":0,"comment_status":"closed","ping_status":"closed","template":"","meta":{"inline_featured_image":false,"footnotes":""},"class_list":["post-9370","page","type-page","status-publish","hentry"],"_links":{"self":[{"href":"https:\/\/bodegasre.cl\/en\/wp-json\/wp\/v2\/pages\/9370","targetHints":{"allow":["GET"]}}],"collection":[{"href":"https:\/\/bodegasre.cl\/en\/wp-json\/wp\/v2\/pages"}],"about":[{"href":"https:\/\/bodegasre.cl\/en\/wp-json\/wp\/v2\/types\/page"}],"author":[{"embeddable":true,"href":"https:\/\/bodegasre.cl\/en\/wp-json\/wp\/v2\/users\/1"}],"replies":[{"embeddable":true,"href":"https:\/\/bodegasre.cl\/en\/wp-json\/wp\/v2\/comments?post=9370"}],"version-history":[{"count":2,"href":"https:\/\/bodegasre.cl\/en\/wp-json\/wp\/v2\/pages\/9370\/revisions"}],"predecessor-version":[{"id":10952,"href":"https:\/\/bodegasre.cl\/en\/wp-json\/wp\/v2\/pages\/9370\/revisions\/10952"}],"wp:attachment":[{"href":"https:\/\/bodegasre.cl\/en\/wp-json\/wp\/v2\/media?parent=9370"}],"curies":[{"name":"wp","href":"https:\/\/api.w.org\/{rel}","templated":true}]}}