{"id":10833,"date":"2025-03-06T21:40:16","date_gmt":"2025-03-07T00:40:16","guid":{"rendered":"https:\/\/bodegasre.cl\/politica-de-devolucao-e-reembolso\/"},"modified":"2025-03-07T14:02:17","modified_gmt":"2025-03-07T17:02:17","slug":"politica-de-devolucao-e-reembolso","status":"publish","type":"page","link":"https:\/\/bodegasre.cl\/pt-br\/politica-de-devolucao-e-reembolso\/","title":{"rendered":"Pol\u00edtica de devolu\u00e7\u00e3o e reembolso"},"content":{"rendered":"\n<p><b>Esta \u00e9 uma p\u00e1gina de amostra.<\/b><\/p>\n\n<h2 class=\"wp-block-heading\">Vis\u00e3o geral<\/h2>\n\n<p>Nossa pol\u00edtica de reembolso e devolu\u00e7\u00f5es tem dura\u00e7\u00e3o de 30 dias. Se j\u00e1 se passaram 30 dias desde a sua compra, n\u00e3o poderemos oferecer a voc\u00ea um reembolso total ou uma troca. <\/p>\n\n<p>Para se qualificar para uma devolu\u00e7\u00e3o, o item deve estar sem uso e na mesma condi\u00e7\u00e3o em que voc\u00ea o recebeu. Ele tamb\u00e9m deve estar na embalagem original. <\/p>\n\n<p>V\u00e1rios tipos de mercadorias est\u00e3o isentos de devolu\u00e7\u00e3o. Produtos perec\u00edveis, como alimentos, flores, jornais ou revistas, n\u00e3o podem ser devolvidos. Tamb\u00e9m n\u00e3o aceitamos produtos que sejam produtos \u00edntimos ou sanit\u00e1rios, materiais perigosos ou l\u00edquidos ou gases inflam\u00e1veis.  <\/p>\n\n<p>Itens adicionais que n\u00e3o podem ser devolvidos:<\/p>\n\n<ul class=\"wp-block-list\">\n<li>Cart\u00f5es-presente<\/li>\n<li>Produtos de software para download<\/li>\n<li>Alguns itens de sa\u00fade e cuidados pessoais<\/li>\n<\/ul>\n\n<p>Para concluir sua devolu\u00e7\u00e3o, solicitamos um recibo ou comprovante de compra.<\/p>\n\n<p>N\u00e3o envie sua compra de volta para o fabricante.<\/p>\n\n<p>H\u00e1 determinadas situa\u00e7\u00f5es em que apenas reembolsos parciais s\u00e3o concedidos:<\/p>\n\n<ul class=\"wp-block-list\">\n<li>Livro com sinais \u00f3bvios de uso<\/li>\n<li>CD, DVD, fita VHS, software, videogame, fita cassete ou disco de vinil que tenha sido aberto.<\/li>\n<li>Qualquer item que n\u00e3o esteja em sua condi\u00e7\u00e3o original, esteja danificado ou faltando pe\u00e7as por motivos que n\u00e3o se devam a erro nosso.<\/li>\n<li>Qualquer item que seja devolvido mais de 30 dias ap\u00f3s a entrega<\/li>\n<\/ul>\n\n<h2 class=\"wp-block-heading\">Reembolsos<\/h2>\n\n<p>Assim que a sua devolu\u00e7\u00e3o for recebida e inspecionada, enviaremos um e-mail para notific\u00e1-lo de que recebemos o item devolvido. Tamb\u00e9m notificaremos voc\u00ea sobre a aprova\u00e7\u00e3o ou rejei\u00e7\u00e3o do seu reembolso. <\/p>\n\n<p>Se voc\u00ea for aprovado, seu reembolso ser\u00e1 processado e um cr\u00e9dito ser\u00e1 automaticamente aplicado ao seu cart\u00e3o de cr\u00e9dito ou m\u00e9todo original de pagamento, dentro de um determinado per\u00edodo de dias.<\/p>\n\n<h3 class=\"wp-block-heading\">Reembolsos atrasados ou ausentes<\/h3>\n\n<p>Se voc\u00ea ainda n\u00e3o recebeu um reembolso, primeiro verifique novamente sua conta banc\u00e1ria.<\/p>\n\n<p>Em seguida, entre em contato com a empresa do seu cart\u00e3o de cr\u00e9dito, pois pode levar algum tempo at\u00e9 que o reembolso seja oficialmente lan\u00e7ado.<\/p>\n\n<p>Em seguida, entre em contato com o seu banco. Geralmente, h\u00e1 algum tempo de processamento antes que o reembolso seja lan\u00e7ado. <\/p>\n\n<p>Se voc\u00ea fez tudo isso e ainda n\u00e3o recebeu seu reembolso, entre em contato conosco pelo endere\u00e7o {endere\u00e7o de e-mail}.<\/p>\n\n<h3 class=\"wp-block-heading\">Itens em promo\u00e7\u00e3o<\/h3>\n\n<p>Somente itens com pre\u00e7o normal podem ser reembolsados. Itens em promo\u00e7\u00e3o n\u00e3o podem ser reembolsados. <\/p>\n\n<h2 class=\"wp-block-heading\">Trocas<\/h2>\n\n<p>Somente substitu\u00edmos itens se eles estiverem com defeito ou danificados. Se voc\u00ea precisar troc\u00e1-lo pelo mesmo item, envie-nos um e-mail para {endere\u00e7o de e-mail} e envie seu item para: {endere\u00e7o f\u00edsico}. <\/p>\n\n<h2 class=\"wp-block-heading\">Presentes<\/h2>\n\n<p>Se o item foi marcado como presente quando comprado e enviado diretamente para voc\u00ea, voc\u00ea receber\u00e1 um cr\u00e9dito de presente no valor da sua devolu\u00e7\u00e3o. Assim que o item devolvido for recebido, um certificado de presente ser\u00e1 enviado a voc\u00ea. <\/p>\n\n<p>Se o item n\u00e3o tiver sido marcado como presente no momento da compra ou se o presenteador tiver enviado o pedido para ele mesmo para entregar a voc\u00ea mais tarde, enviaremos um reembolso ao presenteador e ele ficar\u00e1 sabendo da sua devolu\u00e7\u00e3o.<\/p>\n\n<h2 class=\"wp-block-heading\">Devolu\u00e7\u00f5es de remessas<\/h2>\n\n<p>Para devolver seu produto, voc\u00ea deve envi\u00e1-lo para: {endere\u00e7o f\u00edsico}.<\/p>\n\n<p>Voc\u00ea ser\u00e1 respons\u00e1vel por pagar seus pr\u00f3prios custos de remessa para devolver o item. Os custos de remessa n\u00e3o s\u00e3o reembols\u00e1veis. Se voc\u00ea receber um reembolso, o custo do frete de devolu\u00e7\u00e3o ser\u00e1 deduzido do seu reembolso.  <\/p>\n\n<p>Dependendo de onde voc\u00ea mora, o tempo que pode levar para o produto trocado chegar at\u00e9 voc\u00ea pode variar.<\/p>\n\n<p>Se estiver devolvendo itens mais caros, voc\u00ea pode considerar o uso de um servi\u00e7o de remessa rastre\u00e1vel ou a compra de um seguro de remessa. N\u00e3o garantimos que receberemos seu item devolvido. <\/p>\n\n<h2 class=\"wp-block-heading\">Voc\u00ea precisa de ajuda?<\/h2>\n\n<p>Entre em contato conosco pelo e-mail {email} para quest\u00f5es relacionadas a reembolsos e devolu\u00e7\u00f5es.<\/p>\n","protected":false},"excerpt":{"rendered":"<p>Esta \u00e9 uma p\u00e1gina de amostra. Vis\u00e3o geral Nossa pol\u00edtica de reembolso e devolu\u00e7\u00f5es tem dura\u00e7\u00e3o de 30 dias. Se j\u00e1 se passaram 30 dias desde a sua compra, n\u00e3o poderemos oferecer a voc\u00ea um reembolso total ou uma troca. Para se qualificar para uma devolu\u00e7\u00e3o, o item deve estar sem uso e na mesma [&hellip;]<\/p>\n","protected":false},"author":1,"featured_media":0,"parent":0,"menu_order":0,"comment_status":"closed","ping_status":"closed","template":"","meta":{"inline_featured_image":false,"footnotes":""},"class_list":["post-10833","page","type-page","status-publish","hentry"],"_links":{"self":[{"href":"https:\/\/bodegasre.cl\/pt-br\/wp-json\/wp\/v2\/pages\/10833","targetHints":{"allow":["GET"]}}],"collection":[{"href":"https:\/\/bodegasre.cl\/pt-br\/wp-json\/wp\/v2\/pages"}],"about":[{"href":"https:\/\/bodegasre.cl\/pt-br\/wp-json\/wp\/v2\/types\/page"}],"author":[{"embeddable":true,"href":"https:\/\/bodegasre.cl\/pt-br\/wp-json\/wp\/v2\/users\/1"}],"replies":[{"embeddable":true,"href":"https:\/\/bodegasre.cl\/pt-br\/wp-json\/wp\/v2\/comments?post=10833"}],"version-history":[{"count":1,"href":"https:\/\/bodegasre.cl\/pt-br\/wp-json\/wp\/v2\/pages\/10833\/revisions"}],"predecessor-version":[{"id":10835,"href":"https:\/\/bodegasre.cl\/pt-br\/wp-json\/wp\/v2\/pages\/10833\/revisions\/10835"}],"wp:attachment":[{"href":"https:\/\/bodegasre.cl\/pt-br\/wp-json\/wp\/v2\/media?parent=10833"}],"curies":[{"name":"wp","href":"https:\/\/api.w.org\/{rel}","templated":true}]}}