{"id":9393,"date":"2024-06-11T15:42:00","date_gmt":"2024-06-11T19:42:00","guid":{"rendered":"https:\/\/bodegasre.cl\/re-cabergnan\/"},"modified":"2025-03-10T16:13:24","modified_gmt":"2025-03-10T19:13:24","slug":"re-cabergnan","status":"publish","type":"page","link":"https:\/\/bodegasre.cl\/pt-br\/re-cabergnan\/","title":{"rendered":"RE Cabergnan"},"content":{"rendered":"\t\t<div data-elementor-type=\"wp-page\" data-elementor-id=\"9393\" class=\"elementor elementor-9393 elementor-7192\" data-elementor-post-type=\"page\">\n\t\t\t\t<div class=\"elementor-element elementor-element-60a0a9e e-con-full e-flex e-con e-parent\" data-id=\"60a0a9e\" data-element_type=\"container\" data-e-type=\"container\" data-settings=\"{&quot;background_background&quot;:&quot;classic&quot;}\">\n\t\t\t\t<\/div>\n\t\t<div class=\"elementor-element elementor-element-cab3896 e-flex e-con-boxed e-con e-parent\" data-id=\"cab3896\" data-element_type=\"container\" data-e-type=\"container\">\n\t\t\t\t\t<div class=\"e-con-inner\">\n\t\t<div class=\"elementor-element elementor-element-a9f56ef e-con-full e-flex e-con e-child\" data-id=\"a9f56ef\" data-element_type=\"container\" data-e-type=\"container\">\n\t\t\t\t<div class=\"elementor-element elementor-element-e4172f0 elementor-widget elementor-widget-ld_fancy_image\" data-id=\"e4172f0\" data-element_type=\"widget\" data-e-type=\"widget\" data-widget_type=\"ld_fancy_image.default\">\n\t\t\t\t<div class=\"elementor-widget-container\">\n\t\t\t\t\t\n\t\t<div class=\"lqd-imggrp-single d-block pos-rel \">\n\t\t\t<div class=\"lqd-imggrp-img-container d-inline-flex pos-rel align-items-center justify-content-center \">\n\t\t\t\t\t\t\t\t<figure class=\"w-100 pos-rel\">\n\t\t\t\t\t<img fetchpriority=\"high\" decoding=\"async\" width=\"555\" height=\"1024\" src=\"https:\/\/bodegasre.cl\/wp-content\/uploads\/2024\/04\/vino-CABERGNAN-re.png\" class=\"attachment-full size-full wp-image-6330\" alt=\"vino-CABERGNAN-re\" srcset=\"https:\/\/bodegasre.cl\/wp-content\/uploads\/2024\/04\/vino-CABERGNAN-re.png 555w, https:\/\/bodegasre.cl\/wp-content\/uploads\/2024\/04\/vino-CABERGNAN-re-163x300.png 163w, https:\/\/bodegasre.cl\/wp-content\/uploads\/2024\/04\/vino-CABERGNAN-re-600x1107.png 600w\" sizes=\"(max-width: 555px) 100vw, 555px\" itemprop=\"image\" \/>\t\t\t\t\t\t\t\t\t\t\t\t\t\t\t\t\t\t\t\t\t\t\t\t\t\t\t\t\t<\/figure>\n\t\t\t<\/div>\n\t\t<\/div>\n\n\t\t\t\t\t<\/div>\n\t\t\t\t<\/div>\n\t\t\t\t<\/div>\n\t\t<div class=\"elementor-element elementor-element-8af1e78 e-flex e-con-boxed e-con e-child\" data-id=\"8af1e78\" data-element_type=\"container\" data-e-type=\"container\">\n\t\t\t\t\t<div class=\"e-con-inner\">\n\t\t\t\t<div class=\"elementor-element elementor-element-01a50ed elementor-widget elementor-widget-heading\" data-id=\"01a50ed\" data-element_type=\"widget\" data-e-type=\"widget\" data-widget_type=\"heading.default\">\n\t\t\t\t<div class=\"elementor-widget-container\">\n\t\t\t\t\t<h2 class=\"elementor-heading-title elementor-size-default\">RE Cabergnan\n<\/h2>\t\t\t\t<\/div>\n\t\t\t\t<\/div>\n\t\t\t\t<div class=\"elementor-element elementor-element-24f25be elementor-widget elementor-widget-heading\" data-id=\"24f25be\" data-element_type=\"widget\" data-e-type=\"widget\" data-widget_type=\"heading.default\">\n\t\t\t\t<div class=\"elementor-widget-container\">\n\t\t\t\t\t<h6 class=\"elementor-heading-title elementor-size-default\">2017<\/h6>\t\t\t\t<\/div>\n\t\t\t\t<\/div>\n\t\t\t\t<div class=\"elementor-element elementor-element-9289c23 elementor-widget elementor-widget-hub_fancy_heading\" data-id=\"9289c23\" data-element_type=\"widget\" data-e-type=\"widget\" data-widget_type=\"hub_fancy_heading.default\">\n\t\t\t\t<div class=\"elementor-widget-container\">\n\t\t\t\t\t\n\t\t<div id=\"ld-fancy-heading-69e1e7f721aad\" class=\"ld-fancy-heading pos-rel\">\n\t\t\t<h2 class=\"ld-fh-element d-inline-block pos-rel  elementor-heading-title lqd-highlight-classic lqd-highlight-grow-left h2\"  > \u00c9 um vinho conceitual, \u00e9 recriar a G\u00eanese ancestral, atrav\u00e9s do uso de processos artesanais de vinifica\u00e7\u00e3o em \u00e2nforas de barro e grandes jarras, com t\u00e9cnicas e conhecimentos atuais, vinhos originais de grande valor.<\/h2>\t\t<\/div>\n\n\t\t\t\t\t\t<\/div>\n\t\t\t\t<\/div>\n\t\t\t\t<div class=\"elementor-element elementor-element-add95f3 elementor-widget elementor-widget-heading\" data-id=\"add95f3\" data-element_type=\"widget\" data-e-type=\"widget\" data-widget_type=\"heading.default\">\n\t\t\t\t<div class=\"elementor-widget-container\">\n\t\t\t\t\t<h2 class=\"elementor-heading-title elementor-size-default\">DESIGNA\u00c7\u00c3O DE ORIGEM: Maule.<\/h2>\t\t\t\t<\/div>\n\t\t\t\t<\/div>\n\t\t\t\t<div class=\"elementor-element elementor-element-3a4b1a7 elementor-widget elementor-widget-heading\" data-id=\"3a4b1a7\" data-element_type=\"widget\" data-e-type=\"widget\" data-widget_type=\"heading.default\">\n\t\t\t\t<div class=\"elementor-widget-container\">\n\t\t\t\t\t<h2 class=\"elementor-heading-title elementor-size-default\">AGRADECIMENTOS:  <\/h2>\t\t\t\t<\/div>\n\t\t\t\t<\/div>\n\t\t<div class=\"elementor-element elementor-element-c965722 e-con-full e-flex e-con e-child\" data-id=\"c965722\" data-element_type=\"container\" data-e-type=\"container\">\n\t\t\t\t<div class=\"elementor-element elementor-element-930dcb1 elementor-widget__width-initial elementor-widget elementor-widget-image\" data-id=\"930dcb1\" data-element_type=\"widget\" data-e-type=\"widget\" data-widget_type=\"image.default\">\n\t\t\t\t<div class=\"elementor-widget-container\">\n\t\t\t\t\t\t\t\t\t\t\t\t\t\t\t<img decoding=\"async\" width=\"200\" height=\"200\" src=\"https:\/\/bodegasre.cl\/wp-content\/uploads\/2024\/06\/TIM-94.png\" class=\"attachment-large size-large wp-image-8640\" alt=\"\" srcset=\"https:\/\/bodegasre.cl\/wp-content\/uploads\/2024\/06\/TIM-94.png 200w, https:\/\/bodegasre.cl\/wp-content\/uploads\/2024\/06\/TIM-94-150x150.png 150w\" sizes=\"(max-width: 200px) 100vw, 200px\" \/>\t\t\t\t\t\t\t\t\t\t\t\t\t\t\t<\/div>\n\t\t\t\t<\/div>\n\t\t\t\t<div class=\"elementor-element elementor-element-d23e29f elementor-widget__width-initial elementor-widget elementor-widget-image\" data-id=\"d23e29f\" data-element_type=\"widget\" data-e-type=\"widget\" data-widget_type=\"image.default\">\n\t\t\t\t<div class=\"elementor-widget-container\">\n\t\t\t\t\t\t\t\t\t\t\t\t\t\t\t<img decoding=\"async\" width=\"200\" height=\"200\" src=\"data:image\/svg+xml;charset=utf-8,%3Csvg xmlns%3D&#039;http%3A%2F%2Fwww.w3.org%2F2000%2Fsvg&#039; viewBox%3D&#039;0 0 200 200&#039;%2F%3E\" class=\"attachment-large size-large wp-image-8436 ld-lazyload\" alt=\"\" data-src=\"https:\/\/bodegasre.cl\/wp-content\/uploads\/2024\/04\/LACAV.png\" data-srcset=\"https:\/\/bodegasre.cl\/wp-content\/uploads\/2024\/04\/LACAV.png 200w, https:\/\/bodegasre.cl\/wp-content\/uploads\/2024\/04\/LACAV-150x150.png 150w\" data-sizes=\"(max-width: 200px) 100vw, 200px\" data-aspect=\"1\" \/>\t\t\t\t\t\t\t\t\t\t\t\t\t\t\t<\/div>\n\t\t\t\t<\/div>\n\t\t\t\t<\/div>\n\t\t\t\t<div class=\"elementor-element elementor-element-d0a76e6 elementor-icon-list--layout-traditional elementor-list-item-link-full_width elementor-widget elementor-widget-icon-list\" data-id=\"d0a76e6\" data-element_type=\"widget\" data-e-type=\"widget\" data-widget_type=\"icon-list.default\">\n\t\t\t\t<div class=\"elementor-widget-container\">\n\t\t\t\t\t\t\t<ul class=\"elementor-icon-list-items\">\n\t\t\t\t\t\t\t<li class=\"elementor-icon-list-item\">\n\t\t\t\t\t\t\t\t\t\t\t<a href=\"https:\/\/bodegasre.cl\/wp-content\/uploads\/2025\/02\/Cabergnan-2017.pdf\" target=\"_blank\">\n\n\t\t\t\t\t\t\t\t\t\t\t\t<span class=\"elementor-icon-list-icon\">\n\t\t\t\t\t\t\t<svg aria-hidden=\"true\" class=\"e-font-icon-svg e-fas-download\" viewBox=\"0 0 512 512\" xmlns=\"http:\/\/www.w3.org\/2000\/svg\"><path d=\"M216 0h80c13.3 0 24 10.7 24 24v168h87.7c17.8 0 26.7 21.5 14.1 34.1L269.7 378.3c-7.5 7.5-19.8 7.5-27.3 0L90.1 226.1c-12.6-12.6-3.7-34.1 14.1-34.1H192V24c0-13.3 10.7-24 24-24zm296 376v112c0 13.3-10.7 24-24 24H24c-13.3 0-24-10.7-24-24V376c0-13.3 10.7-24 24-24h146.7l49 49c20.1 20.1 52.5 20.1 72.6 0l49-49H488c13.3 0 24 10.7 24 24zm-124 88c0-11-9-20-20-20s-20 9-20 20 9 20 20 20 20-9 20-20zm64 0c0-11-9-20-20-20s-20 9-20 20 9 20 20 20 20-9 20-20z\"><\/path><\/svg>\t\t\t\t\t\t<\/span>\n\t\t\t\t\t\t\t\t\t\t<span class=\"elementor-icon-list-text\">DADOS T\u00c9CNICOS<\/span>\n\t\t\t\t\t\t\t\t\t\t\t<\/a>\n\t\t\t\t\t\t\t\t\t<\/li>\n\t\t\t\t\t\t\t\t<li class=\"elementor-icon-list-item\">\n\t\t\t\t\t\t\t\t\t\t\t<a href=\"https:\/\/bodegasre.cl\/wp-content\/uploads\/2024\/04\/vino-CABERGNAN-re-600x1107.png\">\n\n\t\t\t\t\t\t\t\t\t\t\t\t<span class=\"elementor-icon-list-icon\">\n\t\t\t\t\t\t\t<svg aria-hidden=\"true\" class=\"e-font-icon-svg e-fas-download\" viewBox=\"0 0 512 512\" xmlns=\"http:\/\/www.w3.org\/2000\/svg\"><path d=\"M216 0h80c13.3 0 24 10.7 24 24v168h87.7c17.8 0 26.7 21.5 14.1 34.1L269.7 378.3c-7.5 7.5-19.8 7.5-27.3 0L90.1 226.1c-12.6-12.6-3.7-34.1 14.1-34.1H192V24c0-13.3 10.7-24 24-24zm296 376v112c0 13.3-10.7 24-24 24H24c-13.3 0-24-10.7-24-24V376c0-13.3 10.7-24 24-24h146.7l49 49c20.1 20.1 52.5 20.1 72.6 0l49-49H488c13.3 0 24 10.7 24 24zm-124 88c0-11-9-20-20-20s-20 9-20 20 9 20 20 20 20-9 20-20zm64 0c0-11-9-20-20-20s-20 9-20 20 9 20 20 20 20-9 20-20z\"><\/path><\/svg>\t\t\t\t\t\t<\/span>\n\t\t\t\t\t\t\t\t\t\t<span class=\"elementor-icon-list-text\">IMAGEM DO FRASCO<\/span>\n\t\t\t\t\t\t\t\t\t\t\t<\/a>\n\t\t\t\t\t\t\t\t\t<\/li>\n\t\t\t\t\t\t<\/ul>\n\t\t\t\t\t\t<\/div>\n\t\t\t\t<\/div>\n\t\t<div class=\"elementor-element elementor-element-d907349 e-flex e-con-boxed e-con e-child\" data-id=\"d907349\" data-element_type=\"container\" data-e-type=\"container\">\n\t\t\t\t\t<div class=\"e-con-inner\">\n\t\t<div class=\"elementor-element elementor-element-aba396e e-con-full e-flex e-con e-child\" data-id=\"aba396e\" data-element_type=\"container\" data-e-type=\"container\">\n\t\t\t\t<div class=\"elementor-element elementor-element-53621a4 elementor-widget elementor-widget-hub_fancy_heading\" data-id=\"53621a4\" data-element_type=\"widget\" data-e-type=\"widget\" data-widget_type=\"hub_fancy_heading.default\">\n\t\t\t\t<div class=\"elementor-widget-container\">\n\t\t\t\t\t\n\t\t<div id=\"ld-fancy-heading-69e1e7f722931\" class=\"ld-fancy-heading pos-rel\">\n\t\t\t<h2 class=\"ld-fh-element d-inline-block pos-rel  elementor-heading-title lqd-highlight-classic lqd-highlight-grow-left h2\"  > Compartilhar<\/h2>\t\t<\/div>\n\n\t\t\t\t\t\t<\/div>\n\t\t\t\t<\/div>\n\t\t\t\t<\/div>\n\t\t<div class=\"elementor-element elementor-element-3d4bbd8 e-flex e-con-boxed e-con e-child\" data-id=\"3d4bbd8\" data-element_type=\"container\" data-e-type=\"container\">\n\t\t\t\t\t<div class=\"e-con-inner\">\n\t\t\t\t<div class=\"elementor-element elementor-element-58a830d elementor-widget elementor-widget-ld_woo_product_sharing\" data-id=\"58a830d\" data-element_type=\"widget\" data-e-type=\"widget\" data-widget_type=\"ld_woo_product_sharing.default\">\n\t\t\t\t<div class=\"elementor-widget-container\">\n\t\t\t\t\t\n\t\t<div class=\"product product-layout-component lqd-product-sharing\">\n\t\t\t<ul class=\"social-icon scheme-dark reset-ul inline-ul\">\n\t<li class=\"me-3\"><a rel=\"nofollow\" href=\"https:\/\/www.facebook.com\/sharer\/sharer.php?u=https%3A%2F%2Fbodegasre.cl%2Fpt-br%2Fre-cabergnan%2F&#038;t=RE+Cabergnan\"><svg xmlns=\"http:\/\/www.w3.org\/2000\/svg\" viewBox=\"0 0 320 512\" style=\"width: 1em; height: 1em;\"><path fill=\"currentColor\" d=\"M279.14 288l14.22-92.66h-88.91v-60.13c0-25.35 12.42-50.06 52.24-50.06h40.42V6.26S260.43 0 225.36 0c-73.22 0-121.08 44.38-121.08 124.72v70.62H22.89V288h81.39v224h100.17V288z\"\/><\/svg><\/a><\/li>\n\t<li class=\"me-3\"><a rel=\"nofollow\" href=\"https:\/\/twitter.com\/intent\/tweet?text=RE+Cabergnan&#038;url=https%3A%2F%2Fbodegasre.cl%2Fpt-br%2Fre-cabergnan%2F\"><svg xmlns=\"http:\/\/www.w3.org\/2000\/svg\" viewBox=\"0 0 24 24\" style=\"width: 1em; height: 1em;\"><path d=\"M8 2H1L9.26086 13.0145L1.44995 21.9999H4.09998L10.4883 14.651L16 22H23L14.3917 10.5223L21.8001 2H19.1501L13.1643 8.88578L8 2ZM17 20L5 4H7L19 20H17Z\"><\/path><\/svg><\/a><\/li>\n\t<li><a rel=\"nofollow\" href=\"https:\/\/pinterest.com\/pin\/create\/button\/?url=https%3A%2F%2Fbodegasre.cl%2Fpt-br%2Fre-cabergnan%2F&#038;media=&#038;description=RE+Cabergnan\"><svg xmlns=\"http:\/\/www.w3.org\/2000\/svg\" viewBox=\"0 0 384 512\" style=\"width: 1em; height: 1em;\"><path fill=\"currentColor\" d=\"M204 6.5C101.4 6.5 0 74.9 0 185.6 0 256 39.6 296 63.6 296c9.9 0 15.6-27.6 15.6-35.4 0-9.3-23.7-29.1-23.7-67.8 0-80.4 61.2-137.4 140.4-137.4 68.1 0 118.5 38.7 118.5 109.8 0 53.1-21.3 152.7-90.3 152.7-24.9 0-46.2-18-46.2-43.8 0-37.8 26.4-74.4 26.4-113.4 0-66.2-93.9-54.2-93.9 25.8 0 16.8 2.1 35.4 9.6 50.7-13.8 59.4-42 147.9-42 209.1 0 18.9 2.7 37.5 4.5 56.4 3.4 3.8 1.7 3.4 6.9 1.5 50.4-69 48.6-82.5 71.4-172.8 12.3 23.4 44.1 36 69.3 36 106.2 0 153.9-103.5 153.9-196.8C384 71.3 298.2 6.5 204 6.5z\"\/><\/svg><\/a><\/li>\n<\/ul>\n\t\t<\/div>\n\n\t\t\t\t\t\t<\/div>\n\t\t\t\t<\/div>\n\t\t\t\t\t<\/div>\n\t\t\t\t<\/div>\n\t\t\t\t\t<\/div>\n\t\t\t\t<\/div>\n\t\t\t\t\t<\/div>\n\t\t\t\t<\/div>\n\t\t\t\t\t<\/div>\n\t\t\t\t<\/div>\n\t\t<div class=\"elementor-element elementor-element-234e0d9 e-flex e-con-boxed e-con e-parent\" data-id=\"234e0d9\" data-element_type=\"container\" data-e-type=\"container\">\n\t\t\t\t\t<div class=\"e-con-inner\">\n\t\t\t\t<div class=\"elementor-element elementor-element-a15887b elementor-widget elementor-widget-ld_tabs\" data-id=\"a15887b\" data-element_type=\"widget\" data-e-type=\"widget\" data-widget_type=\"ld_tabs.default\">\n\t\t\t\t<div class=\"elementor-widget-container\">\n\t\t\t\t\t\t\t<div class=\"lqd-tabs lqd-tabs-style-1 lqd-tabs-nav-iconbox d-flex lqd-tabs-nav-items-not-expanded flex-column a15887b lqd-nav-underline-\" data-tabs-options=\"{&quot;trigger&quot;:&quot;click&quot;}\">\n\n\t\t\t<nav class=\"lqd-tabs-nav-wrap\">\n\t\t\t\t<ul class=\"reset-ul lqd-tabs-nav d-flex align-items-center justify-content-between flex-wrap pos-rel\" role=\"tablist\"><li data-controls=\"lqd-tab-1691\" role=\"presentation\" class=\"elementor-repeater-item-39e9652 active mb-5\"><a class=\"d-block\" href=\"#lqd-tab-1691\" data-bs-target=\"#lqd-tab-1691\" aria-expanded=\"false\" aria-controls=\"lqd-tab-1691\" role=\"tab\" data-toggle=\"tab\" data-bs-toggle=\"tab\"><span class=\"lqd-tabs-nav-icon d-flex flex-wrap\"><span class=\"lqd-tabs-nav-content d-block\"><span class=\"d-block h3 mt-0 mb-3\">Notas de cata y elaboraci\u00f3n<\/span><\/span><\/span><\/a><\/li><li data-controls=\"lqd-tab-1692\" role=\"presentation\" class=\"elementor-repeater-item-701ceaa mb-5\"><a class=\"d-block\" href=\"#lqd-tab-1692\" data-bs-target=\"#lqd-tab-1692\" aria-expanded=\"false\" aria-controls=\"lqd-tab-1692\" role=\"tab\" data-toggle=\"tab\" data-bs-toggle=\"tab\"><span class=\"lqd-tabs-nav-icon d-flex flex-wrap\"><span class=\"lqd-tabs-nav-content d-block\"><span class=\"d-block h3 mt-0 mb-3\">Vi\u00f1edos de origen<\/span><\/span><\/span><\/a><\/li><li data-controls=\"lqd-tab-1693\" role=\"presentation\" class=\"elementor-repeater-item-0a5c0c8 mb-5\"><a class=\"d-block\" href=\"#lqd-tab-1693\" data-bs-target=\"#lqd-tab-1693\" aria-expanded=\"false\" aria-controls=\"lqd-tab-1693\" role=\"tab\" data-toggle=\"tab\" data-bs-toggle=\"tab\"><span class=\"lqd-tabs-nav-icon d-flex flex-wrap\"><span class=\"lqd-tabs-nav-content d-block\"><span class=\"d-block h3 mt-0 mb-3\">An\u00e1lisis<\/span><\/span><\/span><\/a><\/li><\/ul>\t\t\t\t\t\t\t<\/nav>\n\n\t\t\t<div class=\"lqd-tabs-content pos-rel\"><div id=\"lqd-tab-1691\" role=\"tabpanel\" class=\"lqd-tabs-pane fade active in\"><p>Se vendimia en grandes \u00e1nforas, de un dise\u00f1o de singular belleza con abultados abd\u00f3menes que forman una esfera gigante y con ello es posible tener fermentaciones aut\u00f3genas. Estas \u00e1nforas son \u00fanicas en el mundo y su especial forma, permite una fermentaci\u00f3n perfecta por su propio movimiento de convecci\u00f3n, que no requiere pr\u00e1cticas o labores, ni de uso de refrigerantes.<\/p><p>Su color es de un rojo vivaz, con alguno matices de p\u00farpura. De gran intensidad y profundidad. Sus aromas recuerdan los bosques del sur, sus frutos y la fresca guinda \u00e1cida, con matices de especias y noble madera. En boca es de paso \u00e1gil, muy fresco, de viva juventud, pleno de frutas y una gran complejidad. Su cuerpo permite potencial de guarda de entre 7 a 10 a\u00f1os.<\/p><p>Disfrutar con carnes guisadas, cazuelas, legumbres, piezas de caza, quesos mantecosos y charcuter\u00eda criolla.<\/p> <\/div><div id=\"lqd-tab-1692\" role=\"tabpanel\" class=\"lqd-tabs-pane fade\"><p>El Vi\u00f1edo de RE, es la Vi\u00f1a Roja de Santa Elena de Loncomilla, enclavado en los lomajes de la Cordillera de la Costa Maulina, plantado el a\u00f1o 1950, en condici\u00f3n de secano. Esto implica un equilibrio perfecto entre la pluviometr\u00eda invernal y la producci\u00f3n de dulces uvas. El est\u00edo es de d\u00edas c\u00e1lidos, a veces t\u00f3rridos y noches frescas y estrelladas. De suelos rojos por sus arcillas gran\u00edticas y que evidencian una escasa fertilidad, producen uvas con modestia y sabidur\u00eda. Esto es, fruta de intensos sabores, de gran frescor e importante concentraci\u00f3n de dulzor.<\/p> <\/div><div id=\"lqd-tab-1693\" role=\"tabpanel\" class=\"lqd-tabs-pane fade\"><p>A\u00f1o: 2017.<br \/>Variedad: Cabernet Sauvignon 90% \u2013 Carignan 10%.<br \/>Alcohol: 14,5\u00b0.<br \/>pH: 3,04.<\/p> <\/div><\/div>\n\t\t<\/div>\n\t\t\t\t\t<\/div>\n\t\t\t\t<\/div>\n\t\t\t\t\t<\/div>\n\t\t\t\t<\/div>\n\t\t\t\t<\/div>\n\t\t","protected":false},"excerpt":{"rendered":"<p>RE Cabergnan 2017 \u00c9 um vinho conceitual, \u00e9 recriar a G\u00eanese ancestral, atrav\u00e9s do uso de processos artesanais de vinifica\u00e7\u00e3o em \u00e2nforas de barro e grandes jarras, com t\u00e9cnicas e conhecimentos atuais, vinhos originais de grande valor. DESIGNA\u00c7\u00c3O DE ORIGEM: Maule. AGRADECIMENTOS: DADOS T\u00c9CNICOS IMAGEM DO FRASCO Compartilhar Notas de cata y elaboraci\u00f3n Vi\u00f1edos de [&hellip;]<\/p>\n","protected":false},"author":1,"featured_media":0,"parent":0,"menu_order":0,"comment_status":"closed","ping_status":"closed","template":"","meta":{"inline_featured_image":false,"footnotes":""},"class_list":["post-9393","page","type-page","status-publish","hentry"],"_links":{"self":[{"href":"https:\/\/bodegasre.cl\/pt-br\/wp-json\/wp\/v2\/pages\/9393","targetHints":{"allow":["GET"]}}],"collection":[{"href":"https:\/\/bodegasre.cl\/pt-br\/wp-json\/wp\/v2\/pages"}],"about":[{"href":"https:\/\/bodegasre.cl\/pt-br\/wp-json\/wp\/v2\/types\/page"}],"author":[{"embeddable":true,"href":"https:\/\/bodegasre.cl\/pt-br\/wp-json\/wp\/v2\/users\/1"}],"replies":[{"embeddable":true,"href":"https:\/\/bodegasre.cl\/pt-br\/wp-json\/wp\/v2\/comments?post=9393"}],"version-history":[{"count":3,"href":"https:\/\/bodegasre.cl\/pt-br\/wp-json\/wp\/v2\/pages\/9393\/revisions"}],"predecessor-version":[{"id":10940,"href":"https:\/\/bodegasre.cl\/pt-br\/wp-json\/wp\/v2\/pages\/9393\/revisions\/10940"}],"wp:attachment":[{"href":"https:\/\/bodegasre.cl\/pt-br\/wp-json\/wp\/v2\/media?parent=9393"}],"curies":[{"name":"wp","href":"https:\/\/api.w.org\/{rel}","templated":true}]}}