{"id":9431,"date":"2024-05-13T19:33:27","date_gmt":"2024-05-13T23:33:27","guid":{"rendered":"https:\/\/bodegasre.cl\/sustentabilidade\/"},"modified":"2024-11-28T11:34:13","modified_gmt":"2024-11-28T14:34:13","slug":"sustentabilidade","status":"publish","type":"page","link":"https:\/\/bodegasre.cl\/pt-br\/sustentabilidade\/","title":{"rendered":"Sustentabilidade"},"content":{"rendered":"\t\t<div data-elementor-type=\"wp-page\" data-elementor-id=\"9431\" class=\"elementor elementor-9431 elementor-6880\" data-elementor-post-type=\"page\">\n\t\t\t\t<div class=\"elementor-element elementor-element-4482b43 e-con-full e-flex e-con e-parent\" data-id=\"4482b43\" data-element_type=\"container\" data-e-type=\"container\" data-settings=\"{&quot;background_background&quot;:&quot;classic&quot;}\">\n\t\t<div class=\"elementor-element elementor-element-b6760e9 e-flex e-con-boxed e-con e-child\" data-id=\"b6760e9\" data-element_type=\"container\" data-e-type=\"container\">\n\t\t\t\t\t<div class=\"e-con-inner\">\n\t\t\t\t<div data-custom-animations=\"true\" data-ca-options=\"{&quot;addChildTimelines&quot;:false,&quot;trigger&quot;:&quot;firstChild&quot;,&quot;animationTarget&quot;:&quot;.lqd-split-chars .lqd-chars .split-inner, .lqd-adv-txt-fig&quot;,&quot;duration&quot;:500,&quot;delay&quot;:50,&quot;ease&quot;:[&quot;power4.out&quot;],&quot;initValues&quot;:{&quot;x&quot;:&quot;20px&quot;,&quot;rotationX&quot;:10,&quot;opacity&quot;:0,&quot;transformOrigin&quot;:&quot;50% 50% 0px&quot;},&quot;animations&quot;:{&quot;x&quot;:&quot;0px&quot;,&quot;rotationX&quot;:0,&quot;opacity&quot;:1,&quot;transformOrigin&quot;:&quot;50% 50% 0px&quot;}}\" class=\"elementor-element elementor-element-d8fabc5 elementor-widget__width-inherit elementor-widget elementor-widget-hub_fancy_heading lqd-el-has-inner-anim\" data-id=\"d8fabc5\" data-element_type=\"widget\" data-e-type=\"widget\" data-settings=\"{&quot;enable_split&quot;:&quot;true&quot;,&quot;split_type&quot;:&quot;chars, words&quot;}\" data-widget_type=\"hub_fancy_heading.default\">\n\t\t\t\t<div class=\"elementor-widget-container\">\n\t\t\t\t\t\n\t\t<div id=\"ld-fancy-heading-69e1a637e4b52\" class=\"ld-fancy-heading pos-rel\">\n\t\t\t<h6 class=\"ld-fh-element d-inline-block pos-rel  elementor-heading-title lqd-highlight-classic lqd-highlight-grow-left lqd-split-chars h6\"  data-split-text=\"true\" data-split-options='{\"type\":\"chars, words\"}'> Sustentabilidade  <\/h6>\t\t<\/div>\n\n\t\t\t\t\t\t<\/div>\n\t\t\t\t<\/div>\n\t\t\t\t\t<\/div>\n\t\t\t\t<\/div>\n\t\t\t\t<\/div>\n\t\t<div class=\"elementor-element elementor-element-fd24646 e-flex e-con-boxed e-con e-parent\" data-id=\"fd24646\" data-element_type=\"container\" data-e-type=\"container\" data-settings=\"{&quot;background_background&quot;:&quot;gradient&quot;}\">\n\t\t\t\t\t<div class=\"e-con-inner\">\n\t\t<div class=\"elementor-element elementor-element-9205601 e-flex e-con-boxed e-con e-child\" data-id=\"9205601\" data-element_type=\"container\" data-e-type=\"container\">\n\t\t\t\t\t<div class=\"e-con-inner\">\n\t\t<div class=\"elementor-element elementor-element-642c671 e-flex e-con-boxed e-con e-child\" data-id=\"642c671\" data-element_type=\"container\" data-e-type=\"container\">\n\t\t\t\t\t<div class=\"e-con-inner\">\n\t\t\t\t<div data-custom-animations=\"true\" data-ca-options=\"{&quot;addChildTimelines&quot;:false,&quot;trigger&quot;:&quot;firstChild&quot;,&quot;animationTarget&quot;:&quot;.lqd-split-chars .lqd-chars .split-inner, .lqd-adv-txt-fig&quot;,&quot;duration&quot;:200,&quot;delay&quot;:20,&quot;ease&quot;:&quot;circ.out&quot;,&quot;initValues&quot;:{&quot;x&quot;:&quot;-10px&quot;,&quot;y&quot;:&quot;30px&quot;,&quot;rotationX&quot;:10,&quot;opacity&quot;:0,&quot;transformOrigin&quot;:&quot;50% 50% 0px&quot;},&quot;animations&quot;:{&quot;x&quot;:&quot;0px&quot;,&quot;y&quot;:&quot;0px&quot;,&quot;rotationX&quot;:0,&quot;opacity&quot;:1,&quot;transformOrigin&quot;:&quot;50% 50% 0px&quot;}}\" class=\"elementor-element elementor-element-a110026 elementor-widget-mobile__width-inherit elementor-widget__width-initial elementor-widget elementor-widget-hub_fancy_heading lqd-el-has-inner-anim\" data-id=\"a110026\" data-element_type=\"widget\" data-e-type=\"widget\" data-settings=\"{&quot;enable_split&quot;:&quot;true&quot;,&quot;split_type&quot;:&quot;chars, words&quot;}\" data-widget_type=\"hub_fancy_heading.default\">\n\t\t\t\t<div class=\"elementor-widget-container\">\n\t\t\t\t\t\n\t\t<div id=\"ld-fancy-heading-69e1a637e59ec\" class=\"ld-fancy-heading pos-rel\">\n\t\t\t<h2 class=\"ld-fh-element d-inline-block pos-rel  elementor-heading-title lqd-highlight-classic lqd-highlight-grow-left lqd-split-chars h2\"  data-split-text=\"true\" data-split-options='{\"type\":\"chars, words\"}'> <br> A arquitetura da Bodegas Re<\/h2>\t\t<\/div>\n\n\t\t\t\t\t\t<\/div>\n\t\t\t\t<\/div>\n\t\t\t\t<div class=\"elementor-element elementor-element-5ac28a2 elementor-widget elementor-widget-hub_fancy_heading\" data-id=\"5ac28a2\" data-element_type=\"widget\" data-e-type=\"widget\" data-widget_type=\"hub_fancy_heading.default\">\n\t\t\t\t<div class=\"elementor-widget-container\">\n\t\t\t\t\t\n\t\t<div id=\"ld-fancy-heading-69e1a637e67ec\" class=\"ld-fancy-heading pos-rel\">\n\t\t\t<h2 class=\"ld-fh-element d-inline-block pos-rel  elementor-heading-title lqd-highlight-classic lqd-highlight-grow-left h2\"  > foi calculado e projetado para ter uma economia de energia constante, capturando o m\u00e1ximo de energia solar no inverno e capturando os ventos costeiros no ver\u00e3o.<\/h2>\t\t<\/div>\n\n\t\t\t\t\t\t<\/div>\n\t\t\t\t<\/div>\n\t\t\t\t<div class=\"elementor-element elementor-element-61af9e2 elementor-widget elementor-widget-hub_fancy_heading\" data-id=\"61af9e2\" data-element_type=\"widget\" data-e-type=\"widget\" data-widget_type=\"hub_fancy_heading.default\">\n\t\t\t\t<div class=\"elementor-widget-container\">\n\t\t\t\t\t\n\t\t<div id=\"ld-fancy-heading-69e1a637e7563\" class=\"ld-fancy-heading pos-rel\">\n\t\t\t<h2 class=\"ld-fh-element d-inline-block pos-rel  elementor-heading-title lqd-highlight-classic lqd-highlight-grow-left h2\"  > Os tetos s\u00e3o largos, de modo que o volume de ar isolante \u00e9 imenso e circula por todos os cantos do edif\u00edcio por meio de defletores, resfriando-o substancialmente. Esse fator, que \u00e9 fundamental para o armazenamento de vinhos finos, \u00e9 obtido sem nenhum tipo de equipamento de refrigera\u00e7\u00e3o ou aquecimento; todo o processo \u00e9 feito com a energia da Terra, do Sol, dos ventos e da noite. <br><br>  A vin\u00edcola foi concebida de forma que a temperatura interna fosse est\u00e1vel. Todas as paredes do per\u00edmetro foram cobertas com terra, simulando colinas, que foram plantadas com videiras e oliveiras para isol\u00e1-la, atingindo o ponto de temperatura original da terra. <br><br>  A temperatura na grande adega subterr\u00e2nea, que abriga cubas, ton\u00e9is e barris, tem sa\u00eddas de ar e \u00e9 mantida entre 14 e 16\u00b0C durante todo o ano.<\/h2>\t\t<\/div>\n\n\t\t\t\t\t\t<\/div>\n\t\t\t\t<\/div>\n\t\t\t\t\t<\/div>\n\t\t\t\t<\/div>\n\t\t\t\t\t<\/div>\n\t\t\t\t<\/div>\n\t\t<div class=\"elementor-element elementor-element-a563784 e-con-full e-flex e-con e-child\" data-id=\"a563784\" data-element_type=\"container\" data-e-type=\"container\">\n\t\t\t\t<div class=\"elementor-element elementor-element-ee379a6 elementor-invisible elementor-widget elementor-widget-image\" data-id=\"ee379a6\" data-element_type=\"widget\" data-e-type=\"widget\" data-settings=\"{&quot;_animation&quot;:&quot;fadeIn&quot;}\" data-widget_type=\"image.default\">\n\t\t\t\t<div class=\"elementor-widget-container\">\n\t\t\t\t\t\t\t\t\t\t\t\t\t\t\t<img fetchpriority=\"high\" decoding=\"async\" width=\"780\" height=\"491\" src=\"https:\/\/bodegasre.cl\/wp-content\/uploads\/2024\/05\/sustentabilidad-1.jpg\" class=\"attachment-large size-large wp-image-8532\" alt=\"\" srcset=\"https:\/\/bodegasre.cl\/wp-content\/uploads\/2024\/05\/sustentabilidad-1.jpg 984w, https:\/\/bodegasre.cl\/wp-content\/uploads\/2024\/05\/sustentabilidad-1-300x189.jpg 300w, https:\/\/bodegasre.cl\/wp-content\/uploads\/2024\/05\/sustentabilidad-1-600x377.jpg 600w\" sizes=\"(max-width: 780px) 100vw, 780px\" \/>\t\t\t\t\t\t\t\t\t\t\t\t\t\t\t<\/div>\n\t\t\t\t<\/div>\n\t\t\t\t<\/div>\n\t\t\t\t\t<\/div>\n\t\t\t\t<\/div>\n\t\t<div class=\"elementor-element elementor-element-043186d e-flex e-con-boxed e-con e-parent\" data-id=\"043186d\" data-element_type=\"container\" data-e-type=\"container\" data-settings=\"{&quot;background_background&quot;:&quot;gradient&quot;}\">\n\t\t\t\t\t<div class=\"e-con-inner\">\n\t\t\t\t<div class=\"elementor-element elementor-element-31eea82 elementor-widget elementor-widget-image\" data-id=\"31eea82\" data-element_type=\"widget\" data-e-type=\"widget\" data-widget_type=\"image.default\">\n\t\t\t\t<div class=\"elementor-widget-container\">\n\t\t\t\t\t\t\t\t\t\t\t\t\t\t\t<img decoding=\"async\" width=\"780\" height=\"516\" src=\"data:image\/svg+xml;charset=utf-8,%3Csvg xmlns%3D&#039;http%3A%2F%2Fwww.w3.org%2F2000%2Fsvg&#039; viewBox%3D&#039;0 0 1024 678&#039;%2F%3E\" class=\"attachment-large size-large wp-image-8535 ld-lazyload\" alt=\"\" data-src=\"https:\/\/bodegasre.cl\/wp-content\/uploads\/2024\/05\/L2-1-bodega-1024x678.jpg\" data-srcset=\"https:\/\/bodegasre.cl\/wp-content\/uploads\/2024\/05\/L2-1-bodega-1024x678.jpg 1024w, https:\/\/bodegasre.cl\/wp-content\/uploads\/2024\/05\/L2-1-bodega-300x199.jpg 300w, https:\/\/bodegasre.cl\/wp-content\/uploads\/2024\/05\/L2-1-bodega-1536x1017.jpg 1536w, https:\/\/bodegasre.cl\/wp-content\/uploads\/2024\/05\/L2-1-bodega-600x397.jpg 600w, https:\/\/bodegasre.cl\/wp-content\/uploads\/2024\/05\/L2-1-bodega.jpg 1920w\" data-sizes=\"(max-width: 780px) 100vw, 780px\" data-aspect=\"1.5103244837758\" \/>\t\t\t\t\t\t\t\t\t\t\t\t\t\t\t<\/div>\n\t\t\t\t<\/div>\n\t\t\t\t\t<\/div>\n\t\t\t\t<\/div>\n\t\t<div class=\"elementor-element elementor-element-1a0e919 e-flex e-con-boxed e-con e-parent\" data-id=\"1a0e919\" data-element_type=\"container\" data-e-type=\"container\" data-settings=\"{&quot;background_background&quot;:&quot;classic&quot;}\">\n\t\t\t\t\t<div class=\"e-con-inner\">\n\t\t<div class=\"elementor-element elementor-element-f5132ca e-con-full e-flex e-con e-child\" data-id=\"f5132ca\" data-element_type=\"container\" data-e-type=\"container\">\n\t\t\t\t<div class=\"elementor-element elementor-element-45da740 elementor-widget elementor-widget-hub_fancy_heading\" data-id=\"45da740\" data-element_type=\"widget\" data-e-type=\"widget\" data-widget_type=\"hub_fancy_heading.default\">\n\t\t\t\t<div class=\"elementor-widget-container\">\n\t\t\t\t\t\n\t\t<div id=\"ld-fancy-heading-69e1a637e831a\" class=\"ld-fancy-heading pos-rel\">\n\t\t\t<h2 class=\"ld-fh-element d-inline-block pos-rel  elementor-heading-title lqd-highlight-classic lqd-highlight-grow-left h2\"  > Ao mesmo tempo, considerou-se uma consider\u00e1vel economia de energia na movimenta\u00e7\u00e3o de mostos e vinhos durante o processo de colheita, em que as uvas s\u00e3o movimentadas apenas por gravidade e as poucas remontagens s\u00e3o feitas levantando uma quantidade de mosto contida em um barril que \u00e9 despejado por gravidade na cuba-m\u00e3e.<\/h2>\t\t<\/div>\n\n\t\t\t\t\t\t<\/div>\n\t\t\t\t<\/div>\n\t\t\t\t<div class=\"elementor-element elementor-element-1385cb2 elementor-widget elementor-widget-hub_fancy_heading\" data-id=\"1385cb2\" data-element_type=\"widget\" data-e-type=\"widget\" data-widget_type=\"hub_fancy_heading.default\">\n\t\t\t\t<div class=\"elementor-widget-container\">\n\t\t\t\t\t\n\t\t<div id=\"ld-fancy-heading-69e1a637e90bf\" class=\"ld-fancy-heading pos-rel\">\n\t\t\t<h2 class=\"ld-fh-element d-inline-block pos-rel  elementor-heading-title lqd-highlight-classic lqd-highlight-grow-left h2\"  > A economia de energia mais importante na vinifica\u00e7\u00e3o \u00e9 a aus\u00eancia total de equipamentos de refrigera\u00e7\u00e3o para o processo de vinifica\u00e7\u00e3o, o que \u00e9 obtido com o alongamento da curva de fermenta\u00e7\u00e3o e o achatamento da curva de gera\u00e7\u00e3o de temperatura, o que \u00e9 poss\u00edvel com a redu\u00e7\u00e3o da temperatura de chegada das uvas do vinhedo a 20\u00b0 para apenas 8 a 10\u00b0C, deixando as uvas fora do pr\u00e9dio por uma ou duas noites.<\/h2>\t\t<\/div>\n\n\t\t\t\t\t\t<\/div>\n\t\t\t\t<\/div>\n\t\t\t\t<\/div>\n\t\t<div class=\"elementor-element elementor-element-a108769 e-con-full e-flex elementor-invisible e-con e-child\" data-id=\"a108769\" data-element_type=\"container\" data-e-type=\"container\" data-settings=\"{&quot;animation&quot;:&quot;fadeInUp&quot;}\">\n\t\t\t\t<div class=\"elementor-element elementor-element-79607ca elementor-widget elementor-widget-image\" data-id=\"79607ca\" data-element_type=\"widget\" data-e-type=\"widget\" data-widget_type=\"image.default\">\n\t\t\t\t<div class=\"elementor-widget-container\">\n\t\t\t\t\t\t\t\t\t\t\t\t\t\t\t<img decoding=\"async\" width=\"607\" height=\"642\" src=\"data:image\/svg+xml;charset=utf-8,%3Csvg xmlns%3D&#039;http%3A%2F%2Fwww.w3.org%2F2000%2Fsvg&#039; viewBox%3D&#039;0 0 607 642&#039;%2F%3E\" class=\"attachment-large size-large wp-image-8538 ld-lazyload\" alt=\"\" data-src=\"https:\/\/bodegasre.cl\/wp-content\/uploads\/2024\/05\/sustentabilidad-2.jpg\" data-srcset=\"https:\/\/bodegasre.cl\/wp-content\/uploads\/2024\/05\/sustentabilidad-2.jpg 607w, https:\/\/bodegasre.cl\/wp-content\/uploads\/2024\/05\/sustentabilidad-2-284x300.jpg 284w, https:\/\/bodegasre.cl\/wp-content\/uploads\/2024\/05\/sustentabilidad-2-300x317.jpg 300w, https:\/\/bodegasre.cl\/wp-content\/uploads\/2024\/05\/sustentabilidad-2-600x635.jpg 600w\" data-sizes=\"(max-width: 607px) 100vw, 607px\" data-aspect=\"0.94548286604361\" \/>\t\t\t\t\t\t\t\t\t\t\t\t\t\t\t<\/div>\n\t\t\t\t<\/div>\n\t\t\t\t<div class=\"elementor-element elementor-element-ba47d8b elementor-widget elementor-widget-hub_fancy_heading\" data-id=\"ba47d8b\" data-element_type=\"widget\" data-e-type=\"widget\" data-widget_type=\"hub_fancy_heading.default\">\n\t\t\t\t<div class=\"elementor-widget-container\">\n\t\t\t\t\t\n\t\t<div id=\"ld-fancy-heading-69e1a637e9f21\" class=\"ld-fancy-heading pos-rel\">\n\t\t\t<h2 class=\"ld-fh-element d-inline-block pos-rel  elementor-heading-title lqd-highlight-classic lqd-highlight-grow-left h2\"  > As temperaturas m\u00ednimas de Casablanca, nos meses de colheita, permitem essa refrigera\u00e7\u00e3o natural e, em seguida, a forma esf\u00e9rica das cubas gigantes torna a fermenta\u00e7\u00e3o aut\u00f3gena, onde os movimentos do mosto s\u00e3o produzidos pela convec\u00e7\u00e3o gerada pelo g\u00e1s carb\u00f4nico da fermenta\u00e7\u00e3o, evitando assim os movimentos de bombeamento com bombas.<\/h2>\t\t<\/div>\n\n\t\t\t\t\t\t<\/div>\n\t\t\t\t<\/div>\n\t\t\t\t<div class=\"elementor-element elementor-element-afe9abd elementor-widget elementor-widget-hub_fancy_heading\" data-id=\"afe9abd\" data-element_type=\"widget\" data-e-type=\"widget\" data-widget_type=\"hub_fancy_heading.default\">\n\t\t\t\t<div class=\"elementor-widget-container\">\n\t\t\t\t\t\n\t\t<div id=\"ld-fancy-heading-69e1a637eac8d\" class=\"ld-fancy-heading pos-rel\">\n\t\t\t<h2 class=\"ld-fh-element d-inline-block pos-rel  elementor-heading-title lqd-highlight-classic lqd-highlight-grow-left h2\"  > O baga\u00e7o das uvas \u00e9 separado e, ap\u00f3s 6 meses, \u00e9 misturado ao solo e usado nos jardins externos da vin\u00edcola.<\/h2>\t\t<\/div>\n\n\t\t\t\t\t\t<\/div>\n\t\t\t\t<\/div>\n\t\t\t\t<\/div>\n\t\t\t\t\t<\/div>\n\t\t\t\t<\/div>\n\t\t<div class=\"elementor-element elementor-element-8657c5c e-flex e-con-boxed e-con e-parent\" data-id=\"8657c5c\" data-element_type=\"container\" data-e-type=\"container\">\n\t\t\t\t\t<div class=\"e-con-inner\">\n\t\t<div class=\"elementor-element elementor-element-5626201 e-con-full e-flex e-con e-child\" data-id=\"5626201\" data-element_type=\"container\" data-e-type=\"container\">\n\t\t\t\t<div class=\"elementor-element elementor-element-641f86f elementor-invisible elementor-widget elementor-widget-image\" data-id=\"641f86f\" data-element_type=\"widget\" data-e-type=\"widget\" data-settings=\"{&quot;_animation&quot;:&quot;pulse&quot;}\" data-widget_type=\"image.default\">\n\t\t\t\t<div class=\"elementor-widget-container\">\n\t\t\t\t\t\t\t\t\t\t\t\t\t\t\t<img loading=\"lazy\" decoding=\"async\" width=\"548\" height=\"474\" src=\"data:image\/svg+xml;charset=utf-8,%3Csvg xmlns%3D&#039;http%3A%2F%2Fwww.w3.org%2F2000%2Fsvg&#039; viewBox%3D&#039;0 0 548 474&#039;%2F%3E\" class=\"attachment-large size-large wp-image-8541 ld-lazyload\" alt=\"\" data-src=\"https:\/\/bodegasre.cl\/wp-content\/uploads\/2024\/05\/sustentabilidad-4.jpg\" data-srcset=\"https:\/\/bodegasre.cl\/wp-content\/uploads\/2024\/05\/sustentabilidad-4.jpg 548w, https:\/\/bodegasre.cl\/wp-content\/uploads\/2024\/05\/sustentabilidad-4-300x259.jpg 300w\" data-sizes=\"(max-width: 548px) 100vw, 548px\" data-aspect=\"1.1561181434599\" \/>\t\t\t\t\t\t\t\t\t\t\t\t\t\t\t<\/div>\n\t\t\t\t<\/div>\n\t\t\t\t<\/div>\n\t\t<div class=\"elementor-element elementor-element-ad34acf e-con-full e-flex e-con e-child\" data-id=\"ad34acf\" data-element_type=\"container\" data-e-type=\"container\">\n\t\t\t\t<div class=\"elementor-element elementor-element-5d806b9 elementor-invisible elementor-widget elementor-widget-image\" data-id=\"5d806b9\" data-element_type=\"widget\" data-e-type=\"widget\" data-settings=\"{&quot;_animation&quot;:&quot;pulse&quot;}\" data-widget_type=\"image.default\">\n\t\t\t\t<div class=\"elementor-widget-container\">\n\t\t\t\t\t\t\t\t\t\t\t\t\t\t\t<img loading=\"lazy\" decoding=\"async\" width=\"548\" height=\"474\" src=\"data:image\/svg+xml;charset=utf-8,%3Csvg xmlns%3D&#039;http%3A%2F%2Fwww.w3.org%2F2000%2Fsvg&#039; viewBox%3D&#039;0 0 548 474&#039;%2F%3E\" class=\"attachment-large size-large wp-image-8544 ld-lazyload\" alt=\"\" data-src=\"https:\/\/bodegasre.cl\/wp-content\/uploads\/2024\/05\/sustentabilidad-5.jpg\" data-srcset=\"https:\/\/bodegasre.cl\/wp-content\/uploads\/2024\/05\/sustentabilidad-5.jpg 548w, https:\/\/bodegasre.cl\/wp-content\/uploads\/2024\/05\/sustentabilidad-5-300x259.jpg 300w\" data-sizes=\"(max-width: 548px) 100vw, 548px\" data-aspect=\"1.1561181434599\" \/>\t\t\t\t\t\t\t\t\t\t\t\t\t\t\t<\/div>\n\t\t\t\t<\/div>\n\t\t\t\t<\/div>\n\t\t<div class=\"elementor-element elementor-element-31bc659 e-con-full e-flex e-con e-child\" data-id=\"31bc659\" data-element_type=\"container\" data-e-type=\"container\">\n\t\t\t\t<div class=\"elementor-element elementor-element-6419200 elementor-invisible elementor-widget elementor-widget-image\" data-id=\"6419200\" data-element_type=\"widget\" data-e-type=\"widget\" data-settings=\"{&quot;_animation&quot;:&quot;pulse&quot;}\" data-widget_type=\"image.default\">\n\t\t\t\t<div class=\"elementor-widget-container\">\n\t\t\t\t\t\t\t\t\t\t\t\t\t\t\t<img loading=\"lazy\" decoding=\"async\" width=\"548\" height=\"474\" src=\"data:image\/svg+xml;charset=utf-8,%3Csvg xmlns%3D&#039;http%3A%2F%2Fwww.w3.org%2F2000%2Fsvg&#039; viewBox%3D&#039;0 0 548 474&#039;%2F%3E\" class=\"attachment-large size-large wp-image-8547 ld-lazyload\" alt=\"\" data-src=\"https:\/\/bodegasre.cl\/wp-content\/uploads\/2024\/05\/sustentabilidad-6.jpg\" data-srcset=\"https:\/\/bodegasre.cl\/wp-content\/uploads\/2024\/05\/sustentabilidad-6.jpg 548w, https:\/\/bodegasre.cl\/wp-content\/uploads\/2024\/05\/sustentabilidad-6-300x259.jpg 300w\" data-sizes=\"(max-width: 548px) 100vw, 548px\" data-aspect=\"1.1561181434599\" \/>\t\t\t\t\t\t\t\t\t\t\t\t\t\t\t<\/div>\n\t\t\t\t<\/div>\n\t\t\t\t<\/div>\n\t\t\t\t\t<\/div>\n\t\t\t\t<\/div>\n\t\t<div class=\"elementor-element elementor-element-a615035 e-flex e-con-boxed e-con e-parent\" data-id=\"a615035\" data-element_type=\"container\" data-e-type=\"container\">\n\t\t\t\t\t<div class=\"e-con-inner\">\n\t\t<div class=\"elementor-element elementor-element-bd69f69 e-con-full e-flex e-con e-child\" data-id=\"bd69f69\" data-element_type=\"container\" data-e-type=\"container\">\n\t\t\t\t<\/div>\n\t\t<div class=\"elementor-element elementor-element-7b0324c e-con-full e-flex e-con e-child\" data-id=\"7b0324c\" data-element_type=\"container\" data-e-type=\"container\">\n\t\t\t\t<div class=\"elementor-element elementor-element-37c054e elementor-widget elementor-widget-hub_fancy_heading\" data-id=\"37c054e\" data-element_type=\"widget\" data-e-type=\"widget\" data-widget_type=\"hub_fancy_heading.default\">\n\t\t\t\t<div class=\"elementor-widget-container\">\n\t\t\t\t\t\n\t\t<div id=\"ld-fancy-heading-69e1a637eba00\" class=\"ld-fancy-heading pos-rel\">\n\t\t\t<h2 class=\"ld-fh-element d-inline-block pos-rel  elementor-heading-title lqd-highlight-classic lqd-highlight-grow-left h2\"  > Devido \u00e0 localiza\u00e7\u00e3o da fazenda no Vale do Maule, ela \u00e9 uma fazenda de sequeiro, onde a principal fonte de \u00e1gua de irriga\u00e7\u00e3o \u00e9 a \u00e1gua da chuva.  <\/h2>\t\t<\/div>\n\n\t\t\t\t\t\t<\/div>\n\t\t\t\t<\/div>\n\t\t\t\t<div class=\"elementor-element elementor-element-497b091 elementor-widget elementor-widget-hub_fancy_heading\" data-id=\"497b091\" data-element_type=\"widget\" data-e-type=\"widget\" data-widget_type=\"hub_fancy_heading.default\">\n\t\t\t\t<div class=\"elementor-widget-container\">\n\t\t\t\t\t\n\t\t<div id=\"ld-fancy-heading-69e1a637ec75d\" class=\"ld-fancy-heading pos-rel\">\n\t\t\t<h2 class=\"ld-fh-element d-inline-block pos-rel  elementor-heading-title lqd-highlight-classic lqd-highlight-grow-left h2\"  > Todas as aplica\u00e7\u00f5es que possam ser necess\u00e1rias s\u00e3o feitas com produtos aprovados e comprovadamente ecologicamente corretos.<\/h2>\t\t<\/div>\n\n\t\t\t\t\t\t<\/div>\n\t\t\t\t<\/div>\n\t\t\t\t<\/div>\n\t\t\t\t\t<\/div>\n\t\t\t\t<\/div>\n\t\t\t\t<\/div>\n\t\t","protected":false},"excerpt":{"rendered":"<p>Sustentabilidade A arquitetura da Bodegas Re foi calculado e projetado para ter uma economia de energia constante, capturando o m\u00e1ximo de energia solar no inverno e capturando os ventos costeiros no ver\u00e3o. Os tetos s\u00e3o largos, de modo que o volume de ar isolante \u00e9 imenso e circula por todos os cantos do edif\u00edcio por [&hellip;]<\/p>\n","protected":false},"author":1,"featured_media":0,"parent":0,"menu_order":0,"comment_status":"closed","ping_status":"closed","template":"","meta":{"inline_featured_image":false,"footnotes":""},"class_list":["post-9431","page","type-page","status-publish","hentry"],"_links":{"self":[{"href":"https:\/\/bodegasre.cl\/pt-br\/wp-json\/wp\/v2\/pages\/9431","targetHints":{"allow":["GET"]}}],"collection":[{"href":"https:\/\/bodegasre.cl\/pt-br\/wp-json\/wp\/v2\/pages"}],"about":[{"href":"https:\/\/bodegasre.cl\/pt-br\/wp-json\/wp\/v2\/types\/page"}],"author":[{"embeddable":true,"href":"https:\/\/bodegasre.cl\/pt-br\/wp-json\/wp\/v2\/users\/1"}],"replies":[{"embeddable":true,"href":"https:\/\/bodegasre.cl\/pt-br\/wp-json\/wp\/v2\/comments?post=9431"}],"version-history":[{"count":1,"href":"https:\/\/bodegasre.cl\/pt-br\/wp-json\/wp\/v2\/pages\/9431\/revisions"}],"predecessor-version":[{"id":9433,"href":"https:\/\/bodegasre.cl\/pt-br\/wp-json\/wp\/v2\/pages\/9431\/revisions\/9433"}],"wp:attachment":[{"href":"https:\/\/bodegasre.cl\/pt-br\/wp-json\/wp\/v2\/media?parent=9431"}],"curies":[{"name":"wp","href":"https:\/\/api.w.org\/{rel}","templated":true}]}}