{"id":9464,"date":"2024-05-06T16:57:12","date_gmt":"2024-05-06T20:57:12","guid":{"rendered":"https:\/\/bodegasre.cl\/historia-re\/"},"modified":"2024-11-28T11:34:33","modified_gmt":"2024-11-28T14:34:33","slug":"historia-re","status":"publish","type":"page","link":"https:\/\/bodegasre.cl\/pt-br\/historia-re\/","title":{"rendered":"Hist\u00f3ria RE"},"content":{"rendered":"\t\t<div data-elementor-type=\"wp-page\" data-elementor-id=\"9464\" class=\"elementor elementor-9464 elementor-6473\" data-elementor-post-type=\"page\">\n\t\t\t\t<div class=\"elementor-element elementor-element-9ef26ee e-con-full e-flex e-con e-parent\" data-id=\"9ef26ee\" data-element_type=\"container\" data-e-type=\"container\" data-settings=\"{&quot;background_background&quot;:&quot;classic&quot;}\">\n\t\t<div class=\"elementor-element elementor-element-bc8004c e-flex e-con-boxed e-con e-child\" data-id=\"bc8004c\" data-element_type=\"container\" data-e-type=\"container\">\n\t\t\t\t\t<div class=\"e-con-inner\">\n\t\t\t\t<div data-custom-animations=\"true\" data-ca-options=\"{&quot;addChildTimelines&quot;:false,&quot;trigger&quot;:&quot;firstChild&quot;,&quot;animationTarget&quot;:&quot;.lqd-split-chars .lqd-chars .split-inner, .lqd-adv-txt-fig&quot;,&quot;duration&quot;:500,&quot;delay&quot;:50,&quot;ease&quot;:[&quot;power4.out&quot;],&quot;initValues&quot;:{&quot;x&quot;:&quot;20px&quot;,&quot;rotationX&quot;:10,&quot;opacity&quot;:0,&quot;transformOrigin&quot;:&quot;50% 50% 0px&quot;},&quot;animations&quot;:{&quot;x&quot;:&quot;0px&quot;,&quot;rotationX&quot;:0,&quot;opacity&quot;:1,&quot;transformOrigin&quot;:&quot;50% 50% 0px&quot;}}\" class=\"elementor-element elementor-element-766882a elementor-widget__width-inherit elementor-widget elementor-widget-hub_fancy_heading lqd-el-has-inner-anim\" data-id=\"766882a\" data-element_type=\"widget\" data-e-type=\"widget\" data-settings=\"{&quot;enable_split&quot;:&quot;true&quot;,&quot;split_type&quot;:&quot;chars, words&quot;}\" data-widget_type=\"hub_fancy_heading.default\">\n\t\t\t\t<div class=\"elementor-widget-container\">\n\t\t\t\t\t\n\t\t<div id=\"ld-fancy-heading-69e282e9d271f\" class=\"ld-fancy-heading pos-rel\">\n\t\t\t<h6 class=\"ld-fh-element d-inline-block pos-rel  elementor-heading-title lqd-highlight-classic lqd-highlight-grow-left lqd-split-chars h6\"  data-split-text=\"true\" data-split-options='{\"type\":\"chars, words\"}'> Nossa hist\u00f3ria<\/h6>\t\t<\/div>\n\n\t\t\t\t\t\t<\/div>\n\t\t\t\t<\/div>\n\t\t\t\t\t<\/div>\n\t\t\t\t<\/div>\n\t\t\t\t<\/div>\n\t\t<div class=\"elementor-element elementor-element-7a30ecc e-flex e-con-boxed e-con e-parent\" data-id=\"7a30ecc\" data-element_type=\"container\" data-e-type=\"container\" data-settings=\"{&quot;background_background&quot;:&quot;classic&quot;}\">\n\t\t\t\t\t<div class=\"e-con-inner\">\n\t\t<div class=\"elementor-element elementor-element-61b2da3 e-con-full e-flex e-con e-child\" data-id=\"61b2da3\" data-element_type=\"container\" data-e-type=\"container\">\n\t\t<div class=\"elementor-element elementor-element-5462598 e-con-full e-flex elementor-invisible e-con e-child\" data-id=\"5462598\" data-element_type=\"container\" data-e-type=\"container\" data-settings=\"{&quot;background_background&quot;:&quot;classic&quot;,&quot;animation&quot;:&quot;fadeInUp&quot;}\">\n\t\t\t\t<div class=\"elementor-element elementor-element-483fb10 elementor-widget elementor-widget-image\" data-id=\"483fb10\" data-element_type=\"widget\" data-e-type=\"widget\" data-widget_type=\"image.default\">\n\t\t\t\t<div class=\"elementor-widget-container\">\n\t\t\t\t\t\t\t\t\t\t\t\t\t\t\t<img fetchpriority=\"high\" decoding=\"async\" width=\"780\" height=\"780\" src=\"https:\/\/bodegasre.cl\/wp-content\/uploads\/2024\/03\/logo-bodegas-re.svg\" class=\"attachment-large size-large wp-image-8352\" alt=\"\" \/>\t\t\t\t\t\t\t\t\t\t\t\t\t\t\t<\/div>\n\t\t\t\t<\/div>\n\t\t\t\t<\/div>\n\t\t\t\t<\/div>\n\t\t<div class=\"elementor-element elementor-element-5671ad2 e-flex e-con-boxed e-con e-child\" data-id=\"5671ad2\" data-element_type=\"container\" data-e-type=\"container\">\n\t\t\t\t\t<div class=\"e-con-inner\">\n\t\t\t\t<div class=\"elementor-element elementor-element-b1c9f4f elementor-widget elementor-widget-hub_fancy_heading\" data-id=\"b1c9f4f\" data-element_type=\"widget\" data-e-type=\"widget\" data-widget_type=\"hub_fancy_heading.default\">\n\t\t\t\t<div class=\"elementor-widget-container\">\n\t\t\t\t\t\n\t\t<div id=\"ld-fancy-heading-69e282e9d3359\" class=\"ld-fancy-heading pos-rel\">\n\t\t\t<h2 class=\"ld-fh-element d-inline-block pos-rel  elementor-heading-title lqd-highlight-classic lqd-highlight-grow-left h2\"  > A Bodegas RE oferece um conceito de vinhos de car\u00e1ter \u00fanico, baseado em REcriar, REinventar e REvelar vinhos ancestrais, desde as hist\u00f3rias b\u00edblicas at\u00e9 os vinhos produzidos nos s\u00e9culos passados pela fam\u00edlia, em nobres e belas jarras de barro.\n\n\u00c9 dessa forma, portanto, que os vinhos dos ancestrais s\u00e3o REnascidos e seus artes\u00e3os REvivem; REcriando vinhos imaginados, REinventando vinhos sonhados e REvelando uma beleza que s\u00f3 pode existir em vinhos RE. <\/h2>\t\t<\/div>\n\n\t\t\t\t\t\t<\/div>\n\t\t\t\t<\/div>\n\t\t\t\t<div data-custom-animations=\"true\" data-ca-options=\"{&quot;addChildTimelines&quot;:false,&quot;trigger&quot;:&quot;firstChild&quot;,&quot;animationTarget&quot;:&quot;.lqd-split-chars .lqd-chars .split-inner, .lqd-adv-txt-fig&quot;,&quot;duration&quot;:200,&quot;delay&quot;:20,&quot;ease&quot;:&quot;circ.out&quot;,&quot;initValues&quot;:{&quot;x&quot;:&quot;-10px&quot;,&quot;y&quot;:&quot;30px&quot;,&quot;rotationX&quot;:10,&quot;opacity&quot;:0,&quot;transformOrigin&quot;:&quot;50% 50% 0px&quot;},&quot;animations&quot;:{&quot;x&quot;:&quot;0px&quot;,&quot;y&quot;:&quot;0px&quot;,&quot;rotationX&quot;:0,&quot;opacity&quot;:1,&quot;transformOrigin&quot;:&quot;50% 50% 0px&quot;}}\" class=\"elementor-element elementor-element-7c133de elementor-widget-mobile__width-inherit elementor-widget__width-initial elementor-widget elementor-widget-hub_fancy_heading lqd-el-has-inner-anim\" data-id=\"7c133de\" data-element_type=\"widget\" data-e-type=\"widget\" data-settings=\"{&quot;enable_split&quot;:&quot;true&quot;,&quot;split_type&quot;:&quot;chars, words&quot;}\" data-widget_type=\"hub_fancy_heading.default\">\n\t\t\t\t<div class=\"elementor-widget-container\">\n\t\t\t\t\t\n\t\t<div id=\"ld-fancy-heading-69e282e9d3e74\" class=\"ld-fancy-heading pos-rel\">\n\t\t\t<h2 class=\"ld-fh-element d-inline-block pos-rel  elementor-heading-title lqd-highlight-classic lqd-highlight-grow-left lqd-split-chars h2\"  data-split-text=\"true\" data-split-options='{\"type\":\"chars, words\"}'> REnacen wines of Beauty.\n<\/h2>\t\t<\/div>\n\n\t\t\t\t\t\t<\/div>\n\t\t\t\t<\/div>\n\t\t\t\t\t<\/div>\n\t\t\t\t<\/div>\n\t\t\t\t\t<\/div>\n\t\t\t\t<\/div>\n\t\t<div class=\"elementor-element elementor-element-097ec2e e-flex e-con-boxed e-con e-parent\" data-id=\"097ec2e\" data-element_type=\"container\" data-e-type=\"container\" data-settings=\"{&quot;background_background&quot;:&quot;gradient&quot;}\">\n\t\t\t\t\t<div class=\"e-con-inner\">\n\t\t\t\t<div class=\"elementor-element elementor-element-b65abc3 elementor-widget elementor-widget-image\" data-id=\"b65abc3\" data-element_type=\"widget\" data-e-type=\"widget\" data-widget_type=\"image.default\">\n\t\t\t\t<div class=\"elementor-widget-container\">\n\t\t\t\t\t\t\t\t\t\t\t\t\t\t\t<img decoding=\"async\" width=\"780\" height=\"280\" src=\"data:image\/svg+xml;charset=utf-8,%3Csvg xmlns%3D&#039;http%3A%2F%2Fwww.w3.org%2F2000%2Fsvg&#039; viewBox%3D&#039;0 0 1024 367&#039;%2F%3E\" class=\"attachment-large size-large wp-image-8463 ld-lazyload\" alt=\"\" data-src=\"https:\/\/bodegasre.cl\/wp-content\/uploads\/2024\/05\/RE-concepto.png\" data-srcset=\"https:\/\/bodegasre.cl\/wp-content\/uploads\/2024\/05\/RE-concepto.png 1024w, https:\/\/bodegasre.cl\/wp-content\/uploads\/2024\/05\/RE-concepto-300x108.png 300w, https:\/\/bodegasre.cl\/wp-content\/uploads\/2024\/05\/RE-concepto-600x215.png 600w\" data-sizes=\"(max-width: 780px) 100vw, 780px\" data-aspect=\"2.7901907356948\" \/>\t\t\t\t\t\t\t\t\t\t\t\t\t\t\t<\/div>\n\t\t\t\t<\/div>\n\t\t\t\t<div class=\"elementor-element elementor-element-7dc925c elementor-invisible elementor-widget elementor-widget-image\" data-id=\"7dc925c\" data-element_type=\"widget\" data-e-type=\"widget\" data-settings=\"{&quot;_animation&quot;:&quot;fadeIn&quot;}\" data-widget_type=\"image.default\">\n\t\t\t\t<div class=\"elementor-widget-container\">\n\t\t\t\t\t\t\t\t\t\t\t\t\t\t\t<img decoding=\"async\" width=\"780\" height=\"404\" src=\"data:image\/svg+xml;charset=utf-8,%3Csvg xmlns%3D&#039;http%3A%2F%2Fwww.w3.org%2F2000%2Fsvg&#039; viewBox%3D&#039;0 0 1024 531&#039;%2F%3E\" class=\"attachment-large size-large wp-image-8466 ld-lazyload\" alt=\"\" data-src=\"https:\/\/bodegasre.cl\/wp-content\/uploads\/2024\/05\/historia-1-1024x531.jpg\" data-srcset=\"https:\/\/bodegasre.cl\/wp-content\/uploads\/2024\/05\/historia-1-1024x531.jpg 1024w, https:\/\/bodegasre.cl\/wp-content\/uploads\/2024\/05\/historia-1-300x156.jpg 300w, https:\/\/bodegasre.cl\/wp-content\/uploads\/2024\/05\/historia-1-600x311.jpg 600w, https:\/\/bodegasre.cl\/wp-content\/uploads\/2024\/05\/historia-1.jpg 1480w\" data-sizes=\"(max-width: 780px) 100vw, 780px\" data-aspect=\"1.9284369114878\" \/>\t\t\t\t\t\t\t\t\t\t\t\t\t\t\t<\/div>\n\t\t\t\t<\/div>\n\t\t<div class=\"elementor-element elementor-element-cfad0a5 e-flex e-con-boxed e-con e-child\" data-id=\"cfad0a5\" data-element_type=\"container\" data-e-type=\"container\">\n\t\t\t\t\t<div class=\"e-con-inner\">\n\t\t<div class=\"elementor-element elementor-element-65884b9 e-flex e-con-boxed elementor-invisible e-con e-child\" data-id=\"65884b9\" data-element_type=\"container\" data-e-type=\"container\" data-settings=\"{&quot;background_background&quot;:&quot;classic&quot;,&quot;animation&quot;:&quot;fadeInUp&quot;}\">\n\t\t\t\t\t<div class=\"e-con-inner\">\n\t\t\t\t<div class=\"elementor-element elementor-element-e8d2c7b elementor-widget elementor-widget-hub_fancy_heading\" data-id=\"e8d2c7b\" data-element_type=\"widget\" data-e-type=\"widget\" data-widget_type=\"hub_fancy_heading.default\">\n\t\t\t\t<div class=\"elementor-widget-container\">\n\t\t\t\t\t\n\t\t<div id=\"ld-fancy-heading-69e282e9d491b\" class=\"ld-fancy-heading pos-rel\">\n\t\t\t<h2 class=\"ld-fh-element d-inline-block pos-rel  elementor-heading-title lqd-highlight-classic lqd-highlight-grow-left h2\"  > \nSomos uma pequena vin\u00edcola familiar, formada em 2008, ap\u00f3s uma longa carreira de vinicultor, por Pablo Morand\u00e9 Lav\u00edn e seus filhos, Piedad e Pablo, com quem voc\u00ea compartilha a paix\u00e3o e a dedica\u00e7\u00e3o deste grande projeto.<\/h2>\t\t<\/div>\n\n\t\t\t\t\t\t<\/div>\n\t\t\t\t<\/div>\n\t\t\t\t<div class=\"elementor-element elementor-element-caa6e81 elementor-widget elementor-widget-hub_fancy_heading\" data-id=\"caa6e81\" data-element_type=\"widget\" data-e-type=\"widget\" data-widget_type=\"hub_fancy_heading.default\">\n\t\t\t\t<div class=\"elementor-widget-container\">\n\t\t\t\t\t\n\t\t<div id=\"ld-fancy-heading-69e282e9d539f\" class=\"ld-fancy-heading pos-rel\">\n\t\t\t<h2 class=\"ld-fh-element d-inline-block pos-rel  elementor-heading-title lqd-highlight-classic lqd-highlight-grow-left h2\"  > Nossa hist\u00f3ria \u00e9 t\u00e3o longa quanto recente.\n\nLonga porque Pablo \u00e9 a nona gera\u00e7\u00e3o do primeiro Morand\u00e9 que plantou vinhedos em Pe\u00f1aflor, que produziu vinhos e destilados em jarros, e a quinta gera\u00e7\u00e3o da fam\u00edlia Lav\u00edn Urrutia, propriet\u00e1rios de extensos vinhedos no setor de Cauquenes da regi\u00e3o do Maule, viticultura que marcou profundamente o pensamento e o sonho de seus vinhos. E \u00e9 recente, j\u00e1 que nossa hist\u00f3ria come\u00e7a com a decis\u00e3o de criar vinhos como uma fam\u00edlia e revolucionar o setor vitivin\u00edcola durante a temporada de 2008.  <\/h2>\t\t<\/div>\n\n\t\t\t\t\t\t<\/div>\n\t\t\t\t<\/div>\n\t\t\t\t\t<\/div>\n\t\t\t\t<\/div>\n\t\t\t\t\t<\/div>\n\t\t\t\t<\/div>\n\t\t\t\t\t<\/div>\n\t\t\t\t<\/div>\n\t\t<div class=\"elementor-element elementor-element-4e3065b e-flex e-con-boxed e-con e-parent\" data-id=\"4e3065b\" data-element_type=\"container\" data-e-type=\"container\" data-settings=\"{&quot;background_background&quot;:&quot;classic&quot;}\">\n\t\t\t\t\t<div class=\"e-con-inner\">\n\t\t<div class=\"elementor-element elementor-element-66653c8 e-con-full e-flex e-con e-child\" data-id=\"66653c8\" data-element_type=\"container\" data-e-type=\"container\">\n\t\t\t\t<div class=\"elementor-element elementor-element-304dce3 elementor-widget elementor-widget-hub_fancy_heading\" data-id=\"304dce3\" data-element_type=\"widget\" data-e-type=\"widget\" data-widget_type=\"hub_fancy_heading.default\">\n\t\t\t\t<div class=\"elementor-widget-container\">\n\t\t\t\t\t\n\t\t<div id=\"ld-fancy-heading-69e282e9d5de4\" class=\"ld-fancy-heading pos-rel\">\n\t\t\t<h2 class=\"ld-fh-element d-inline-block pos-rel  elementor-heading-title lqd-highlight-classic lqd-highlight-grow-left h2\"  > \nPreservamos as antigas jarras Maulina da fam\u00edlia e produzimos parcialmente nossos vinhos nelas, a fim de demonstrar que excelentes vinhos podem ser produzidos com a combina\u00e7\u00e3o de procedimentos ancestrais e conhecimento atual.\nSeguindo essa vis\u00e3o, redesenhamos e recriamos as antigas jarras, transformando-as em \u00e2nforas gigantes de concreto com car\u00e1ter, qualidade e beleza \u00fanicos no mundo. <\/h2>\t\t<\/div>\n\n\t\t\t\t\t\t<\/div>\n\t\t\t\t<\/div>\n\t\t\t\t<\/div>\n\t\t<div class=\"elementor-element elementor-element-f6bf75c e-flex e-con-boxed e-con e-child\" data-id=\"f6bf75c\" data-element_type=\"container\" data-e-type=\"container\">\n\t\t\t\t\t<div class=\"e-con-inner\">\n\t\t\t\t<div class=\"elementor-element elementor-element-5830053 elementor-invisible elementor-widget elementor-widget-image\" data-id=\"5830053\" data-element_type=\"widget\" data-e-type=\"widget\" data-settings=\"{&quot;_animation&quot;:&quot;fadeIn&quot;}\" data-widget_type=\"image.default\">\n\t\t\t\t<div class=\"elementor-widget-container\">\n\t\t\t\t\t\t\t\t\t\t\t\t\t\t\t<img loading=\"lazy\" decoding=\"async\" width=\"780\" height=\"586\" src=\"data:image\/svg+xml;charset=utf-8,%3Csvg xmlns%3D&#039;http%3A%2F%2Fwww.w3.org%2F2000%2Fsvg&#039; viewBox%3D&#039;0 0 819 615&#039;%2F%3E\" class=\"attachment-large size-large wp-image-8469 ld-lazyload\" alt=\"\" data-src=\"https:\/\/bodegasre.cl\/wp-content\/uploads\/2024\/05\/historia-2.jpg\" data-srcset=\"https:\/\/bodegasre.cl\/wp-content\/uploads\/2024\/05\/historia-2.jpg 819w, https:\/\/bodegasre.cl\/wp-content\/uploads\/2024\/05\/historia-2-300x225.jpg 300w, https:\/\/bodegasre.cl\/wp-content\/uploads\/2024\/05\/historia-2-600x451.jpg 600w\" data-sizes=\"(max-width: 780px) 100vw, 780px\" data-aspect=\"1.3317073170732\" \/>\t\t\t\t\t\t\t\t\t\t\t\t\t\t\t<\/div>\n\t\t\t\t<\/div>\n\t\t\t\t\t<\/div>\n\t\t\t\t<\/div>\n\t\t\t\t\t<\/div>\n\t\t\t\t<\/div>\n\t\t<div class=\"elementor-element elementor-element-f2949ed e-con-full e-flex e-con e-parent\" data-id=\"f2949ed\" data-element_type=\"container\" data-e-type=\"container\" data-settings=\"{&quot;background_background&quot;:&quot;classic&quot;}\">\n\t\t<div class=\"elementor-element elementor-element-636f896 e-flex e-con-boxed e-con e-child\" data-id=\"636f896\" data-element_type=\"container\" data-e-type=\"container\">\n\t\t\t\t\t<div class=\"e-con-inner\">\n\t\t<div class=\"elementor-element elementor-element-f006601 e-flex e-con-boxed e-con e-child\" data-id=\"f006601\" data-element_type=\"container\" data-e-type=\"container\" data-settings=\"{&quot;background_background&quot;:&quot;classic&quot;}\">\n\t\t\t\t\t<div class=\"e-con-inner\">\n\t\t\t\t<div class=\"elementor-element elementor-element-c5d574c elementor-widget elementor-widget-hub_fancy_heading\" data-id=\"c5d574c\" data-element_type=\"widget\" data-e-type=\"widget\" data-widget_type=\"hub_fancy_heading.default\">\n\t\t\t\t<div class=\"elementor-widget-container\">\n\t\t\t\t\t\n\t\t<div id=\"ld-fancy-heading-69e282e9d684b\" class=\"ld-fancy-heading pos-rel\">\n\t\t\t<h2 class=\"ld-fh-element d-inline-block pos-rel  elementor-heading-title lqd-highlight-classic lqd-highlight-grow-left h2\"  > \n\n\nPara a fam\u00edlia, a descoberta de Casablanca e o pioneirismo em seus vinhos de modernidade e eleg\u00e2ncia, permitiram uma conjun\u00e7\u00e3o de elementos fundamentais para conceber os vinhos RE, onde a hist\u00f3ria \u00e9 a base da modernidade, com uma vis\u00e3o intimamente ligada ao homem, sua hist\u00f3ria, costumes, tradi\u00e7\u00f5es e tamb\u00e9m \u00e0 gastronomia.<\/h2>\t\t<\/div>\n\n\t\t\t\t\t\t<\/div>\n\t\t\t\t<\/div>\n\t\t\t\t\t<\/div>\n\t\t\t\t<\/div>\n\t\t\t\t\t<\/div>\n\t\t\t\t<\/div>\n\t\t\t\t<div class=\"elementor-element elementor-element-e74435d elementor-widget elementor-widget-image\" data-id=\"e74435d\" data-element_type=\"widget\" data-e-type=\"widget\" data-widget_type=\"image.default\">\n\t\t\t\t<div class=\"elementor-widget-container\">\n\t\t\t\t\t\t\t\t\t\t\t\t\t\t\t<img loading=\"lazy\" decoding=\"async\" width=\"780\" height=\"369\" src=\"data:image\/svg+xml;charset=utf-8,%3Csvg xmlns%3D&#039;http%3A%2F%2Fwww.w3.org%2F2000%2Fsvg&#039; viewBox%3D&#039;0 0 1024 485&#039;%2F%3E\" class=\"attachment-large size-large wp-image-8472 ld-lazyload\" alt=\"\" data-src=\"https:\/\/bodegasre.cl\/wp-content\/uploads\/2024\/05\/historia-3-1024x485.jpg\" data-srcset=\"https:\/\/bodegasre.cl\/wp-content\/uploads\/2024\/05\/historia-3-1024x485.jpg 1024w, https:\/\/bodegasre.cl\/wp-content\/uploads\/2024\/05\/historia-3-300x142.jpg 300w, https:\/\/bodegasre.cl\/wp-content\/uploads\/2024\/05\/historia-3-1536x728.jpg 1536w, https:\/\/bodegasre.cl\/wp-content\/uploads\/2024\/05\/historia-3-600x284.jpg 600w, https:\/\/bodegasre.cl\/wp-content\/uploads\/2024\/05\/historia-3.jpg 1920w\" data-sizes=\"(max-width: 780px) 100vw, 780px\" data-aspect=\"2.1113402061856\" \/>\t\t\t\t\t\t\t\t\t\t\t\t\t\t\t<\/div>\n\t\t\t\t<\/div>\n\t\t\t\t<\/div>\n\t\t<div class=\"elementor-element elementor-element-7ba23b7 e-flex e-con-boxed e-con e-parent\" data-id=\"7ba23b7\" data-element_type=\"container\" data-e-type=\"container\" data-settings=\"{&quot;background_background&quot;:&quot;gradient&quot;}\">\n\t\t\t\t\t<div class=\"e-con-inner\">\n\t\t<div class=\"elementor-element elementor-element-52520f7 e-flex e-con-boxed e-con e-child\" data-id=\"52520f7\" data-element_type=\"container\" data-e-type=\"container\">\n\t\t\t\t\t<div class=\"e-con-inner\">\n\t\t\t\t<div class=\"elementor-element elementor-element-f30de94 elementor-invisible elementor-widget elementor-widget-image\" data-id=\"f30de94\" data-element_type=\"widget\" data-e-type=\"widget\" data-settings=\"{&quot;_animation&quot;:&quot;fadeIn&quot;}\" data-widget_type=\"image.default\">\n\t\t\t\t<div class=\"elementor-widget-container\">\n\t\t\t\t\t\t\t\t\t\t\t\t\t\t\t<img loading=\"lazy\" decoding=\"async\" width=\"780\" height=\"586\" src=\"data:image\/svg+xml;charset=utf-8,%3Csvg xmlns%3D&#039;http%3A%2F%2Fwww.w3.org%2F2000%2Fsvg&#039; viewBox%3D&#039;0 0 819 615&#039;%2F%3E\" class=\"attachment-large size-large wp-image-8475 ld-lazyload\" alt=\"\" data-src=\"https:\/\/bodegasre.cl\/wp-content\/uploads\/2024\/05\/historia-4.jpg\" data-srcset=\"https:\/\/bodegasre.cl\/wp-content\/uploads\/2024\/05\/historia-4.jpg 819w, https:\/\/bodegasre.cl\/wp-content\/uploads\/2024\/05\/historia-4-300x225.jpg 300w, https:\/\/bodegasre.cl\/wp-content\/uploads\/2024\/05\/historia-4-600x451.jpg 600w\" data-sizes=\"(max-width: 780px) 100vw, 780px\" data-aspect=\"1.3317073170732\" \/>\t\t\t\t\t\t\t\t\t\t\t\t\t\t\t<\/div>\n\t\t\t\t<\/div>\n\t\t\t\t\t<\/div>\n\t\t\t\t<\/div>\n\t\t<div class=\"elementor-element elementor-element-ec409bc e-con-full e-flex e-con e-child\" data-id=\"ec409bc\" data-element_type=\"container\" data-e-type=\"container\">\n\t\t\t\t<div class=\"elementor-element elementor-element-04ddc72 elementor-widget elementor-widget-hub_fancy_heading\" data-id=\"04ddc72\" data-element_type=\"widget\" data-e-type=\"widget\" data-widget_type=\"hub_fancy_heading.default\">\n\t\t\t\t<div class=\"elementor-widget-container\">\n\t\t\t\t\t\n\t\t<div id=\"ld-fancy-heading-69e282e9d72c2\" class=\"ld-fancy-heading pos-rel\">\n\t\t\t<h2 class=\"ld-fh-element d-inline-block pos-rel  elementor-heading-title lqd-highlight-classic lqd-highlight-grow-left h2\"  > Unidos ao longo dos anos por uma longa amizade e pelo Vale do Maule, o vale de seus ancestrais, em 2023 a fam\u00edlia Morand\u00e9 uniu for\u00e7as com Jos\u00e9 Crispi, um empres\u00e1rio com grande experi\u00eancia no posicionamento do vinho chileno no mundo.  \n<\/h2>\t\t<\/div>\n\n\t\t\t\t\t\t<\/div>\n\t\t\t\t<\/div>\n\t\t\t\t<div class=\"elementor-element elementor-element-9f8e4ce elementor-widget elementor-widget-hub_fancy_heading\" data-id=\"9f8e4ce\" data-element_type=\"widget\" data-e-type=\"widget\" data-widget_type=\"hub_fancy_heading.default\">\n\t\t\t\t<div class=\"elementor-widget-container\">\n\t\t\t\t\t\n\t\t<div id=\"ld-fancy-heading-69e282e9d7d1a\" class=\"ld-fancy-heading pos-rel\">\n\t\t\t<h2 class=\"ld-fh-element d-inline-block pos-rel  elementor-heading-title lqd-highlight-classic lqd-highlight-grow-left h2\"  > Com a mesma vis\u00e3o do setor vitivin\u00edcola chileno, essa uni\u00e3o busca desenvolver e aprimorar ainda mais a vis\u00e3o da Bodegas RE no mundo.\n<\/h2>\t\t<\/div>\n\n\t\t\t\t\t\t<\/div>\n\t\t\t\t<\/div>\n\t\t\t\t<\/div>\n\t\t\t\t\t<\/div>\n\t\t\t\t<\/div>\n\t\t\t\t<\/div>\n\t\t","protected":false},"excerpt":{"rendered":"<p>Nossa hist\u00f3ria A Bodegas RE oferece um conceito de vinhos de car\u00e1ter \u00fanico, baseado em REcriar, REinventar e REvelar vinhos ancestrais, desde as hist\u00f3rias b\u00edblicas at\u00e9 os vinhos produzidos nos s\u00e9culos passados pela fam\u00edlia, em nobres e belas jarras de barro. \u00c9 dessa forma, portanto, que os vinhos dos ancestrais s\u00e3o REnascidos e seus artes\u00e3os [&hellip;]<\/p>\n","protected":false},"author":1,"featured_media":0,"parent":0,"menu_order":0,"comment_status":"closed","ping_status":"closed","template":"","meta":{"inline_featured_image":false,"footnotes":""},"class_list":["post-9464","page","type-page","status-publish","hentry"],"_links":{"self":[{"href":"https:\/\/bodegasre.cl\/pt-br\/wp-json\/wp\/v2\/pages\/9464","targetHints":{"allow":["GET"]}}],"collection":[{"href":"https:\/\/bodegasre.cl\/pt-br\/wp-json\/wp\/v2\/pages"}],"about":[{"href":"https:\/\/bodegasre.cl\/pt-br\/wp-json\/wp\/v2\/types\/page"}],"author":[{"embeddable":true,"href":"https:\/\/bodegasre.cl\/pt-br\/wp-json\/wp\/v2\/users\/1"}],"replies":[{"embeddable":true,"href":"https:\/\/bodegasre.cl\/pt-br\/wp-json\/wp\/v2\/comments?post=9464"}],"version-history":[{"count":1,"href":"https:\/\/bodegasre.cl\/pt-br\/wp-json\/wp\/v2\/pages\/9464\/revisions"}],"predecessor-version":[{"id":9467,"href":"https:\/\/bodegasre.cl\/pt-br\/wp-json\/wp\/v2\/pages\/9464\/revisions\/9467"}],"wp:attachment":[{"href":"https:\/\/bodegasre.cl\/pt-br\/wp-json\/wp\/v2\/media?parent=9464"}],"curies":[{"name":"wp","href":"https:\/\/api.w.org\/{rel}","templated":true}]}}