{"id":10904,"date":"2025-02-07T12:17:22","date_gmt":"2025-02-07T15:17:22","guid":{"rendered":"https:\/\/bodegasre.cl\/producto\/etnia-premium-smoked-merken-28-g\/"},"modified":"2025-02-07T12:17:22","modified_gmt":"2025-02-07T15:17:22","slug":"etnia-premium-smoked-merken-28-g","status":"publish","type":"product","link":"https:\/\/bodegasre.cl\/pt-br\/producto\/etnia-premium-smoked-merken-28-g\/","title":{"rendered":"Etnia Premium Smoked Merken 28 g"},"content":{"rendered":"","protected":false},"excerpt":{"rendered":"<p>Produto seco \u00e0 base de piment\u00e3o vermelho (cacho de cabra), sementes de coentro, cominho e sal. \u00c9 origin\u00e1rio do sul do Chile, da cultura mapuche. A pimenta \u00e9 colhida, lavada e desidratada, depois misturada com os outros ingredientes.  <\/p>\n<p>Pimenta &#8220;cacho de cabra&#8221; defumada e seca, misturada com especiarias.<br \/>\nProduzida por comunidades mapuches.<br \/>\nReconhecida em competi\u00e7\u00f5es nacionais como a melhor em sua categoria.<br \/>\nSem conservantes.<br \/>\nProduto 100% natural.<\/p>\n","protected":false},"featured_media":10206,"template":"","meta":{"inline_featured_image":false},"product_brand":[],"product_cat":[71],"product_tag":[],"class_list":{"0":"post-10904","1":"product","2":"type-product","3":"status-publish","4":"has-post-thumbnail","6":"product_cat-gourmet-pt-br","8":"first","9":"outofstock","10":"taxable","11":"shipping-taxable","12":"purchasable","13":"product-type-simple"},"_links":{"self":[{"href":"https:\/\/bodegasre.cl\/pt-br\/wp-json\/wp\/v2\/product\/10904","targetHints":{"allow":["GET"]}}],"collection":[{"href":"https:\/\/bodegasre.cl\/pt-br\/wp-json\/wp\/v2\/product"}],"about":[{"href":"https:\/\/bodegasre.cl\/pt-br\/wp-json\/wp\/v2\/types\/product"}],"wp:featuredmedia":[{"embeddable":true,"href":"https:\/\/bodegasre.cl\/pt-br\/wp-json\/wp\/v2\/media\/10206"}],"wp:attachment":[{"href":"https:\/\/bodegasre.cl\/pt-br\/wp-json\/wp\/v2\/media?parent=10904"}],"wp:term":[{"taxonomy":"product_brand","embeddable":true,"href":"https:\/\/bodegasre.cl\/pt-br\/wp-json\/wp\/v2\/product_brand?post=10904"},{"taxonomy":"product_cat","embeddable":true,"href":"https:\/\/bodegasre.cl\/pt-br\/wp-json\/wp\/v2\/product_cat?post=10904"},{"taxonomy":"product_tag","embeddable":true,"href":"https:\/\/bodegasre.cl\/pt-br\/wp-json\/wp\/v2\/product_tag?post=10904"}],"curies":[{"name":"wp","href":"https:\/\/api.w.org\/{rel}","templated":true}]}}