{"id":11366,"date":"2025-03-28T09:55:19","date_gmt":"2025-03-28T12:55:19","guid":{"rendered":"https:\/\/bodegasre.cl\/producto\/2-ancestral-vines-1-pinotel\/"},"modified":"2025-03-28T09:57:22","modified_gmt":"2025-03-28T12:57:22","slug":"2-ancestral-vines-1-pinotel","status":"publish","type":"product","link":"https:\/\/bodegasre.cl\/pt-br\/producto\/2-ancestral-vines-1-pinotel\/","title":{"rendered":"2 Ancestral Vines + 1 Pinotel"},"content":{"rendered":"<p>Vinhas Ancestrais:<\/p>\n<p class=\"p1\">Denomina\u00e7\u00e3o de Origem: Maule &#8211; Ano: 2024 &#8211; Variedade: Syrah 50% &#8211; Carignan 41% &#8211; Garnacha 9% &#8211; \u00c1lcool: 15\u00ba &#8211; pH: 3,7<\/p>\n<p>&nbsp;<\/p>\n<p>Pinotel<\/p>\n<p class=\"p1\">Denomina\u00e7\u00e3o de origem: Casablanca &#8211; Ano: 2023 &#8211; Variedade: Pinot Noir 90% &#8211; Ros\u00e9 Muscatel 10% &#8211; \u00c1lcool: 12,5\u00b0 &#8211; pH: 3,14<\/p>\n","protected":false},"excerpt":{"rendered":"<p><strong>RE OFERTA<\/strong><\/p>\n<p><strong>Leve 3 vinhos e pague 2<\/strong><\/p>\n<p>REdescubra Parras Ancestrales &amp; Pinotel<\/p>\n<p>&nbsp;<\/p>\n","protected":false},"featured_media":11364,"template":"","meta":{"inline_featured_image":false},"product_brand":[],"product_cat":[74],"product_tag":[],"class_list":{"0":"post-11366","1":"product","2":"type-product","3":"status-publish","4":"has-post-thumbnail","6":"product_cat-vinhos","8":"first","9":"outofstock","10":"sale","11":"taxable","12":"shipping-taxable","13":"purchasable","14":"product-type-simple"},"_links":{"self":[{"href":"https:\/\/bodegasre.cl\/pt-br\/wp-json\/wp\/v2\/product\/11366","targetHints":{"allow":["GET"]}}],"collection":[{"href":"https:\/\/bodegasre.cl\/pt-br\/wp-json\/wp\/v2\/product"}],"about":[{"href":"https:\/\/bodegasre.cl\/pt-br\/wp-json\/wp\/v2\/types\/product"}],"wp:featuredmedia":[{"embeddable":true,"href":"https:\/\/bodegasre.cl\/pt-br\/wp-json\/wp\/v2\/media\/11364"}],"wp:attachment":[{"href":"https:\/\/bodegasre.cl\/pt-br\/wp-json\/wp\/v2\/media?parent=11366"}],"wp:term":[{"taxonomy":"product_brand","embeddable":true,"href":"https:\/\/bodegasre.cl\/pt-br\/wp-json\/wp\/v2\/product_brand?post=11366"},{"taxonomy":"product_cat","embeddable":true,"href":"https:\/\/bodegasre.cl\/pt-br\/wp-json\/wp\/v2\/product_cat?post=11366"},{"taxonomy":"product_tag","embeddable":true,"href":"https:\/\/bodegasre.cl\/pt-br\/wp-json\/wp\/v2\/product_tag?post=11366"}],"curies":[{"name":"wp","href":"https:\/\/api.w.org\/{rel}","templated":true}]}}