{"id":8866,"date":"2024-09-08T15:22:00","date_gmt":"2024-09-08T18:22:00","guid":{"rendered":"https:\/\/bodegasre.cl\/producto\/emparelhamento-degustacao-degustacao-4-vezes\/"},"modified":"2024-09-08T15:22:00","modified_gmt":"2024-09-08T18:22:00","slug":"emparelhamento-degustacao-degustacao-4-vezes","status":"publish","type":"product","link":"https:\/\/bodegasre.cl\/pt-br\/producto\/emparelhamento-degustacao-degustacao-4-vezes\/","title":{"rendered":"Emparelhamento Degusta\u00e7\u00e3o Degusta\u00e7\u00e3o 4 vezes"},"content":{"rendered":"","protected":false},"excerpt":{"rendered":"","protected":false},"featured_media":8769,"template":"","meta":{"inline_featured_image":false},"product_brand":[],"product_cat":[67],"product_tag":[],"class_list":{"0":"post-8866","1":"product","2":"type-product","3":"status-publish","4":"has-post-thumbnail","6":"product_cat-enoturismo-pt-br","8":"first","9":"instock","10":"taxable","11":"shipping-taxable","12":"purchasable","13":"product-type-variable"},"_links":{"self":[{"href":"https:\/\/bodegasre.cl\/pt-br\/wp-json\/wp\/v2\/product\/8866","targetHints":{"allow":["GET"]}}],"collection":[{"href":"https:\/\/bodegasre.cl\/pt-br\/wp-json\/wp\/v2\/product"}],"about":[{"href":"https:\/\/bodegasre.cl\/pt-br\/wp-json\/wp\/v2\/types\/product"}],"wp:featuredmedia":[{"embeddable":true,"href":"https:\/\/bodegasre.cl\/pt-br\/wp-json\/wp\/v2\/media\/8769"}],"wp:attachment":[{"href":"https:\/\/bodegasre.cl\/pt-br\/wp-json\/wp\/v2\/media?parent=8866"}],"wp:term":[{"taxonomy":"product_brand","embeddable":true,"href":"https:\/\/bodegasre.cl\/pt-br\/wp-json\/wp\/v2\/product_brand?post=8866"},{"taxonomy":"product_cat","embeddable":true,"href":"https:\/\/bodegasre.cl\/pt-br\/wp-json\/wp\/v2\/product_cat?post=8866"},{"taxonomy":"product_tag","embeddable":true,"href":"https:\/\/bodegasre.cl\/pt-br\/wp-json\/wp\/v2\/product_tag?post=8866"}],"curies":[{"name":"wp","href":"https:\/\/api.w.org\/{rel}","templated":true}]}}