{"id":8870,"date":"2024-09-08T13:01:41","date_gmt":"2024-09-08T16:01:41","guid":{"rendered":"https:\/\/bodegasre.cl\/producto\/re-tour\/"},"modified":"2024-09-08T13:01:41","modified_gmt":"2024-09-08T16:01:41","slug":"re-tour","status":"publish","type":"product","link":"https:\/\/bodegasre.cl\/pt-br\/producto\/re-tour\/","title":{"rendered":"RE Tour"},"content":{"rendered":"","protected":false},"excerpt":{"rendered":"<p>Visita guiada \u00e0 nossa vin\u00edcola, onde voc\u00ea pode visitar: Jardim de variedades ancestrais, sala de licores, sala de bals\u00e2micos, sala subterr\u00e2nea de barris, cubas e Emp\u00f3rio RE.<\/p>\n","protected":false},"featured_media":8772,"template":"","meta":{"inline_featured_image":false},"product_brand":[],"product_cat":[67],"product_tag":[],"class_list":{"0":"post-8870","1":"product","2":"type-product","3":"status-publish","4":"has-post-thumbnail","6":"product_cat-enoturismo-pt-br","8":"first","9":"instock","10":"virtual","11":"taxable","12":"purchasable","13":"product-type-simple"},"_links":{"self":[{"href":"https:\/\/bodegasre.cl\/pt-br\/wp-json\/wp\/v2\/product\/8870","targetHints":{"allow":["GET"]}}],"collection":[{"href":"https:\/\/bodegasre.cl\/pt-br\/wp-json\/wp\/v2\/product"}],"about":[{"href":"https:\/\/bodegasre.cl\/pt-br\/wp-json\/wp\/v2\/types\/product"}],"wp:featuredmedia":[{"embeddable":true,"href":"https:\/\/bodegasre.cl\/pt-br\/wp-json\/wp\/v2\/media\/8772"}],"wp:attachment":[{"href":"https:\/\/bodegasre.cl\/pt-br\/wp-json\/wp\/v2\/media?parent=8870"}],"wp:term":[{"taxonomy":"product_brand","embeddable":true,"href":"https:\/\/bodegasre.cl\/pt-br\/wp-json\/wp\/v2\/product_brand?post=8870"},{"taxonomy":"product_cat","embeddable":true,"href":"https:\/\/bodegasre.cl\/pt-br\/wp-json\/wp\/v2\/product_cat?post=8870"},{"taxonomy":"product_tag","embeddable":true,"href":"https:\/\/bodegasre.cl\/pt-br\/wp-json\/wp\/v2\/product_tag?post=8870"}],"curies":[{"name":"wp","href":"https:\/\/api.w.org\/{rel}","templated":true}]}}