{"id":8939,"date":"2024-06-03T20:00:52","date_gmt":"2024-06-04T00:00:52","guid":{"rendered":"https:\/\/bodegasre.cl\/producto\/re-carignan-2019\/"},"modified":"2024-06-03T20:00:52","modified_gmt":"2024-06-04T00:00:52","slug":"re-carignan-2019","status":"publish","type":"product","link":"https:\/\/bodegasre.cl\/pt-br\/producto\/re-carignan-2019\/","title":{"rendered":"RE Carignan 2019"},"content":{"rendered":"<p>As uvas para esse excelente vinho v\u00eam de um vinhedo esquecido na regi\u00e3o profunda do Maule, que agora est\u00e1 se tornando conhecido no mundo, gra\u00e7as ao Carignan. Ela \u00e9 cultivada em condi\u00e7\u00f5es secas, o que representa um equil\u00edbrio perfeito entre o solo e sua capacidade de reter a \u00e1gua da chuva. Esse equil\u00edbrio se torna m\u00e1gico ou perfeito com vinhas de mais de 70 anos.   As videiras s\u00e3o autossustent\u00e1veis, formando um guarda-chuva com seus brotos e folhas para se protegerem do excesso do sol escaldante do Maule. \u00c9 um vinho de cor intensa, densa e profunda. Seus aromas lembram cereja \u00e1cida, frutas vermelhas e grama seca. No paladar, ele se desenvolve com vigor, for\u00e7a e velocidade, mostrando-se um gigante acolhedor, fresco e mineral, deixando uma impress\u00e3o agrad\u00e1vel na boca com taninos firmes, maduros e muito presentes e uma longa persist\u00eancia. \u00c9 um vinho para hoje e para os pr\u00f3ximos 20 anos. Aprecie-o com uma ca\u00e7arola de chaleira preta ou simplesmente com uma carne marmorizada incrustada de gordura e voc\u00ea se lembrar\u00e1 para sempre dessa incr\u00edvel experi\u00eancia compartilhada com sua fam\u00edlia.     <\/p>\n","protected":false},"excerpt":{"rendered":"<p>As uvas para esse excelente vinho v\u00eam de um vinhedo esquecido na regi\u00e3o profunda do Maule, que agora est\u00e1 se tornando conhecido no mundo, gra\u00e7as ao Carignan. Ela \u00e9 cultivada em condi\u00e7\u00f5es secas, o que representa um equil\u00edbrio perfeito entre o solo e sua capacidade de reter a \u00e1gua da chuva. Esse equil\u00edbrio se torna m\u00e1gico ou perfeito com vinhas de mais de 70 anos. RECONHECIMENTO:  <\/p>\n<p><img decoding=\"async\" class=\"alignnone wp-image-6250\" src=\"https:\/\/bodegasre.cl\/wp-content\/uploads\/2024\/04\/LACAV.png\" alt=\"\" width=\"100\" height=\"100\" srcset=\"https:\/\/bodegasre.cl\/wp-content\/uploads\/2024\/04\/LACAV.png 200w, https:\/\/bodegasre.cl\/wp-content\/uploads\/2024\/04\/LACAV-150x150.png 150w, https:\/\/bodegasre.cl\/wp-content\/uploads\/2024\/04\/LACAV-100x100.png 100w\" sizes=\"(max-width: 100px) 100vw, 100px\" \/><\/p>\n","protected":false},"featured_media":8637,"template":"","meta":{"inline_featured_image":false},"product_brand":[],"product_cat":[74],"product_tag":[],"class_list":{"0":"post-8939","1":"product","2":"type-product","3":"status-publish","4":"has-post-thumbnail","6":"product_cat-vinhos","8":"first","9":"outofstock","10":"taxable","11":"shipping-taxable","12":"purchasable","13":"product-type-simple"},"_links":{"self":[{"href":"https:\/\/bodegasre.cl\/pt-br\/wp-json\/wp\/v2\/product\/8939","targetHints":{"allow":["GET"]}}],"collection":[{"href":"https:\/\/bodegasre.cl\/pt-br\/wp-json\/wp\/v2\/product"}],"about":[{"href":"https:\/\/bodegasre.cl\/pt-br\/wp-json\/wp\/v2\/types\/product"}],"wp:featuredmedia":[{"embeddable":true,"href":"https:\/\/bodegasre.cl\/pt-br\/wp-json\/wp\/v2\/media\/8637"}],"wp:attachment":[{"href":"https:\/\/bodegasre.cl\/pt-br\/wp-json\/wp\/v2\/media?parent=8939"}],"wp:term":[{"taxonomy":"product_brand","embeddable":true,"href":"https:\/\/bodegasre.cl\/pt-br\/wp-json\/wp\/v2\/product_brand?post=8939"},{"taxonomy":"product_cat","embeddable":true,"href":"https:\/\/bodegasre.cl\/pt-br\/wp-json\/wp\/v2\/product_cat?post=8939"},{"taxonomy":"product_tag","embeddable":true,"href":"https:\/\/bodegasre.cl\/pt-br\/wp-json\/wp\/v2\/product_tag?post=8939"}],"curies":[{"name":"wp","href":"https:\/\/api.w.org\/{rel}","templated":true}]}}