{"id":8945,"date":"2024-06-03T19:00:43","date_gmt":"2024-06-03T23:00:43","guid":{"rendered":"https:\/\/bodegasre.cl\/producto\/re-chardonnoir-red-2021\/"},"modified":"2025-03-31T10:27:13","modified_gmt":"2025-03-31T13:27:13","slug":"re-chardonnoir-red-2021","status":"publish","type":"product","link":"https:\/\/bodegasre.cl\/pt-br\/producto\/re-chardonnoir-red-2021\/","title":{"rendered":"RE Chardonnoir Red 2021"},"content":{"rendered":"<p>Vinho conceitual, \u00e9 um RE-viver, RE-inventar, RE-descobrir, desde o G\u00eanesis ancestral at\u00e9 o presente. Da terra profunda, magm\u00e1tica, quente e generosa, REnace como a nova V\u00eanus, de um s\u00e1bio jarro de barro. RE Chardonnnoir &#8211; Chardonnav plus Pinot Noir, concebido como uma express\u00e3o de Chardonnay de maior estrutura e eleg\u00e2ncia, como os vinhos de Champagne, \u00e9 recriado em uma vers\u00e3o de vinho tinto. Por que reinventar o tradicional? Para obter o RE Chardonnnoir, um vinho tinto nascido da co-fermenta\u00e7\u00e3o das mesmas variedades em cubas de concreto tit\u00e2nicas. Seus aromas lembram frutas vermelhas frescas. Ousado, fresco e leve no paladar, ele provoca uma alegria que pede mais e mais. Voc\u00ea gosta da gastronomia peruana e gosta de carnes magras na grelha. REcria alegres pores-do-sol perfumados com machas e ostras ao parmes\u00e3o. Um vinho que REvive o p\u00f4r do sol. Temperatura ideal de servi\u00e7o RErefrigerado a 10 a 12 \u00b0C.       <\/p>\n","protected":false},"excerpt":{"rendered":"<p>Vinho conceitual, \u00e9 um RE-viver, RE-inventar, RE-descobrir, desde o G\u00eanesis ancestral at\u00e9 o presente. Da terra profunda, magm\u00e1tica, quente e generosa, REnace como a nova V\u00eanus, de um s\u00e1bio jarro de barro. RE Chardonnoir &#8211; Chardonnav plus Pinot Noir, concebido como uma express\u00e3o de Chardonnay de maior estrutura e eleg\u00e2ncia, como s\u00e3o os vinhos de Champagne, \u00e9 recriado em uma vers\u00e3o de vinho tinto.<\/p>\n<p>Reconhecimentos:<\/p>\n<p><img decoding=\"async\" class=\"alignnone wp-image-6250\" src=\"https:\/\/bodegasre.cl\/wp-content\/uploads\/2024\/06\/tim-91.png\" alt=\"\" width=\"100\" height=\"100\"><img decoding=\"async\" class=\"alignnone wp-image-6250\" src=\"https:\/\/bodegasre.cl\/wp-content\/uploads\/2024\/04\/LACAV.png\" alt=\"\" width=\"100\" height=\"100\" srcset=\"https:\/\/bodegasre.cl\/wp-content\/uploads\/2024\/04\/LACAV.png 200w, https:\/\/bodegasre.cl\/wp-content\/uploads\/2024\/04\/LACAV-150x150.png 150w, https:\/\/bodegasre.cl\/wp-content\/uploads\/2024\/04\/LACAV-100x100.png 100w\" sizes=\"(max-width: 100px) 100vw, 100px\" \/> <img decoding=\"async\" class=\"alignnone wp-image-6250\" src=\"https:\/\/bodegasre.cl\/wp-content\/uploads\/2024\/05\/catador.png\" alt=\"\" width=\"100\" height=\"100\"> <img loading=\"lazy\" decoding=\"async\" class=\"alignnone wp-image-6251\" src=\"https:\/\/bodegasre.cl\/wp-content\/uploads\/2024\/06\/DESCORCHADO-92.png\" alt=\"\" width=\"100\" height=\"100\"><\/p>\n","protected":false},"featured_media":9709,"template":"","meta":{"inline_featured_image":false},"product_brand":[],"product_cat":[74],"product_tag":[],"class_list":{"0":"post-8945","1":"product","2":"type-product","3":"status-publish","4":"has-post-thumbnail","6":"product_cat-vinhos","8":"first","9":"instock","10":"taxable","11":"shipping-taxable","12":"purchasable","13":"product-type-simple"},"_links":{"self":[{"href":"https:\/\/bodegasre.cl\/pt-br\/wp-json\/wp\/v2\/product\/8945","targetHints":{"allow":["GET"]}}],"collection":[{"href":"https:\/\/bodegasre.cl\/pt-br\/wp-json\/wp\/v2\/product"}],"about":[{"href":"https:\/\/bodegasre.cl\/pt-br\/wp-json\/wp\/v2\/types\/product"}],"wp:featuredmedia":[{"embeddable":true,"href":"https:\/\/bodegasre.cl\/pt-br\/wp-json\/wp\/v2\/media\/9709"}],"wp:attachment":[{"href":"https:\/\/bodegasre.cl\/pt-br\/wp-json\/wp\/v2\/media?parent=8945"}],"wp:term":[{"taxonomy":"product_brand","embeddable":true,"href":"https:\/\/bodegasre.cl\/pt-br\/wp-json\/wp\/v2\/product_brand?post=8945"},{"taxonomy":"product_cat","embeddable":true,"href":"https:\/\/bodegasre.cl\/pt-br\/wp-json\/wp\/v2\/product_cat?post=8945"},{"taxonomy":"product_tag","embeddable":true,"href":"https:\/\/bodegasre.cl\/pt-br\/wp-json\/wp\/v2\/product_tag?post=8945"}],"curies":[{"name":"wp","href":"https:\/\/api.w.org\/{rel}","templated":true}]}}