{"id":8950,"date":"2024-06-03T19:47:35","date_gmt":"2024-06-03T23:47:35","guid":{"rendered":"https:\/\/bodegasre.cl\/producto\/re-syragnan-2022\/"},"modified":"2025-03-31T10:26:38","modified_gmt":"2025-03-31T13:26:38","slug":"re-syragnan-2022","status":"publish","type":"product","link":"https:\/\/bodegasre.cl\/pt-br\/producto\/re-syragnan-2022\/","title":{"rendered":"RE Syragnan 2022"},"content":{"rendered":"<p>\u00c9 um vinho conceitual, \u00e9 recriar a G\u00eanese ancestral, atrav\u00e9s do uso de processos artesanais de vinifica\u00e7\u00e3o em \u00e2nforas de barro e grandes jarras, com t\u00e9cnicas e conhecimentos atuais, vinhos originais de grande valor. RE Syragnan \u00e9 uma uni\u00e3o de Syrah e Carignan, um renascimento da esquecida \u00e1rea de Maulina. Vinho de cor violeta intensa, densa e profunda, noite do Maule, em sua escurid\u00e3o brilham reflexos que encantam os olhos. Aromas picantes com notas de cravo e baunilha. Tamb\u00e9m se destacam os aromas de frutas vermelhas, como framboesas e ainda mais amoras e amoras. Doce e redondo no paladar, cheio, s\u00f3lido, poderoso e masculino. O Carignan lhe confere uma acidez fresca, um equil\u00edbrio de ambrosia \u00fanico. \u00c9 um cavalheiro honesto, um vigneron de Maulino que a RE ama, por sua humildade, beleza e cora\u00e7\u00e3o nobre. Beba a 14-16\u00b0C para acompanhar queijos, carnes vermelhas, ca\u00e7a, ensopados e ca\u00e7arolas.       <\/p>\n","protected":false},"excerpt":{"rendered":"<p>\u00c9 um vinho conceitual, \u00e9 REcriar a G\u00eanese ancestral, atrav\u00e9s do uso de processos artesanais de vinifica\u00e7\u00e3o em \u00e2nforas de barro e grandes jarras, com t\u00e9cnicas e conhecimentos atuais, vinhos originais de grande valor. REconocimientos:<\/p>\n<p><img decoding=\"async\" class=\"alignnone wp-image-6250\" src=\"https:\/\/bodegasre.cl\/wp-content\/uploads\/2024\/04\/LACAV.png\" alt=\"\" width=\"100\" height=\"100\" srcset=\"https:\/\/bodegasre.cl\/wp-content\/uploads\/2024\/04\/LACAV.png 200w, https:\/\/bodegasre.cl\/wp-content\/uploads\/2024\/04\/LACAV-150x150.png 150w, https:\/\/bodegasre.cl\/wp-content\/uploads\/2024\/04\/LACAV-100x100.png 100w\" sizes=\"(max-width: 100px) 100vw, 100px\" \/> <img decoding=\"async\" class=\"alignnone wp-image-6251\" src=\"https:\/\/bodegasre.cl\/wp-content\/uploads\/2024\/04\/DESCORCHADO.png\" alt=\"\" width=\"100\" height=\"100\" srcset=\"https:\/\/bodegasre.cl\/wp-content\/uploads\/2024\/04\/DESCORCHADO.png 200w, https:\/\/bodegasre.cl\/wp-content\/uploads\/2024\/04\/DESCORCHADO-150x150.png 150w, https:\/\/bodegasre.cl\/wp-content\/uploads\/2024\/04\/DESCORCHADO-100x100.png 100w\" sizes=\"(max-width: 100px) 100vw, 100px\" \/> <img decoding=\"async\" class=\"alignnone wp-image-7224\" src=\"https:\/\/bodegasre.cl\/wp-content\/uploads\/2024\/05\/TIM-93.png\" alt=\"\" width=\"100\" height=\"100\" srcset=\"https:\/\/bodegasre.cl\/wp-content\/uploads\/2024\/05\/TIM-93.png 200w, https:\/\/bodegasre.cl\/wp-content\/uploads\/2024\/05\/TIM-93-150x150.png 150w, https:\/\/bodegasre.cl\/wp-content\/uploads\/2024\/05\/TIM-93-100x100.png 100w\" sizes=\"(max-width: 100px) 100vw, 100px\" \/> <img loading=\"lazy\" decoding=\"async\" class=\"alignnone wp-image-7099\" src=\"https:\/\/bodegasre.cl\/wp-content\/uploads\/2024\/05\/catador.png\" alt=\"\" width=\"100\" height=\"100\" srcset=\"https:\/\/bodegasre.cl\/wp-content\/uploads\/2024\/05\/catador.png 200w, https:\/\/bodegasre.cl\/wp-content\/uploads\/2024\/05\/catador-150x150.png 150w, https:\/\/bodegasre.cl\/wp-content\/uploads\/2024\/05\/catador-100x100.png 100w\" sizes=\"(max-width: 100px) 100vw, 100px\" \/><\/p>\n","protected":false},"featured_media":9697,"template":"","meta":{"inline_featured_image":false},"product_brand":[],"product_cat":[74],"product_tag":[],"class_list":{"0":"post-8950","1":"product","2":"type-product","3":"status-publish","4":"has-post-thumbnail","6":"product_cat-vinhos","8":"first","9":"instock","10":"taxable","11":"shipping-taxable","12":"purchasable","13":"product-type-simple"},"_links":{"self":[{"href":"https:\/\/bodegasre.cl\/pt-br\/wp-json\/wp\/v2\/product\/8950","targetHints":{"allow":["GET"]}}],"collection":[{"href":"https:\/\/bodegasre.cl\/pt-br\/wp-json\/wp\/v2\/product"}],"about":[{"href":"https:\/\/bodegasre.cl\/pt-br\/wp-json\/wp\/v2\/types\/product"}],"wp:featuredmedia":[{"embeddable":true,"href":"https:\/\/bodegasre.cl\/pt-br\/wp-json\/wp\/v2\/media\/9697"}],"wp:attachment":[{"href":"https:\/\/bodegasre.cl\/pt-br\/wp-json\/wp\/v2\/media?parent=8950"}],"wp:term":[{"taxonomy":"product_brand","embeddable":true,"href":"https:\/\/bodegasre.cl\/pt-br\/wp-json\/wp\/v2\/product_brand?post=8950"},{"taxonomy":"product_cat","embeddable":true,"href":"https:\/\/bodegasre.cl\/pt-br\/wp-json\/wp\/v2\/product_cat?post=8950"},{"taxonomy":"product_tag","embeddable":true,"href":"https:\/\/bodegasre.cl\/pt-br\/wp-json\/wp\/v2\/product_tag?post=8950"}],"curies":[{"name":"wp","href":"https:\/\/api.w.org\/{rel}","templated":true}]}}