{"id":8953,"date":"2023-05-14T14:11:32","date_gmt":"2023-05-14T18:11:32","guid":{"rendered":"https:\/\/bodegasre.cl\/producto\/reliquia-do-licor-de-cereja\/"},"modified":"2025-03-20T11:02:14","modified_gmt":"2025-03-20T14:02:14","slug":"reliquia-do-licor-de-cereja","status":"publish","type":"product","link":"https:\/\/bodegasre.cl\/pt-br\/producto\/reliquia-do-licor-de-cereja\/","title":{"rendered":"Rel\u00edquia do licor de cereja"},"content":{"rendered":"<p class=\"p1\"><i>\u00c9 assim que chamamos nossos licores, remetendo \u00e0s suas origens. <\/i><i>\u00e0s suas origens, pois sempre olhamos para o futuro a partir do passado hist\u00f3rico e s\u00e1bio <\/i><i>the historical and wise past with the experiences lived by our ancestors, we look for the <\/i><i>procuramos as raz\u00f5es de suas origens, <\/i><i>e nos licores chegamos \u00e0 simplicidade da preserva\u00e7\u00e3o de frutas e ervas <\/i><i>das frutas e ervas, em um estado quase fresco, para a \u00e9poca <\/i><i>quando n\u00e3o havia produ\u00e7\u00e3o de frutas no ver\u00e3o, eles tinham <\/i><i>como t\u00e9cnicas de preserva\u00e7\u00e3o para o inverno, dois m\u00e9todos ancestrais <\/i><i>dois m\u00e9todos ancestrais, por um lado, a desidrata\u00e7\u00e3o e, por outro, a <\/i><i>outro era a preserva\u00e7\u00e3o em aguardente de frutas ou licor de frutas.<\/i><\/p>\n<p>&nbsp;<\/p>\n<p><strong>*Foto <\/strong><b>REferencial<\/b><\/p>\n","protected":false},"excerpt":{"rendered":"<p>\u00c9 um vinho conceitual, \u00e9 REcriar a G\u00eanese ancestral, atrav\u00e9s do uso de processos artesanais de vinifica\u00e7\u00e3o em \u00e2nforas de barro e grandes jarras, com t\u00e9cnicas e conhecimentos atuais, vinhos originais de grande valor. REconocimientos:<\/p>\n<p><img decoding=\"async\" class=\"alignnone wp-image-6250\" src=\"https:\/\/bodegasre.killtro.com\/wp-content\/uploads\/2024\/04\/LACAV.png\" alt=\"\" width=\"100\" height=\"100\" srcset=\"https:\/\/bodegasre.cl\/wp-content\/uploads\/2024\/04\/LACAV.png 200w, https:\/\/bodegasre.cl\/wp-content\/uploads\/2024\/04\/LACAV-150x150.png 150w, https:\/\/bodegasre.cl\/wp-content\/uploads\/2024\/04\/LACAV-100x100.png 100w\" sizes=\"(max-width: 100px) 100vw, 100px\" \/> <img decoding=\"async\" class=\"alignnone wp-image-6251\" src=\"https:\/\/bodegasre.killtro.com\/wp-content\/uploads\/2024\/04\/DESCORCHADO.png\" alt=\"\" width=\"100\" height=\"100\" srcset=\"https:\/\/bodegasre.cl\/wp-content\/uploads\/2024\/04\/DESCORCHADO.png 200w, https:\/\/bodegasre.cl\/wp-content\/uploads\/2024\/04\/DESCORCHADO-150x150.png 150w, https:\/\/bodegasre.cl\/wp-content\/uploads\/2024\/04\/DESCORCHADO-100x100.png 100w\" sizes=\"(max-width: 100px) 100vw, 100px\" \/><\/p>\n","protected":false},"featured_media":11172,"template":"","meta":{"inline_featured_image":false},"product_brand":[],"product_cat":[75],"product_tag":[],"class_list":{"0":"post-8953","1":"product","2":"type-product","3":"status-publish","4":"has-post-thumbnail","6":"product_cat-espiritos","8":"first","9":"instock","10":"taxable","11":"shipping-taxable","12":"purchasable","13":"product-type-simple"},"_links":{"self":[{"href":"https:\/\/bodegasre.cl\/pt-br\/wp-json\/wp\/v2\/product\/8953","targetHints":{"allow":["GET"]}}],"collection":[{"href":"https:\/\/bodegasre.cl\/pt-br\/wp-json\/wp\/v2\/product"}],"about":[{"href":"https:\/\/bodegasre.cl\/pt-br\/wp-json\/wp\/v2\/types\/product"}],"wp:featuredmedia":[{"embeddable":true,"href":"https:\/\/bodegasre.cl\/pt-br\/wp-json\/wp\/v2\/media\/11172"}],"wp:attachment":[{"href":"https:\/\/bodegasre.cl\/pt-br\/wp-json\/wp\/v2\/media?parent=8953"}],"wp:term":[{"taxonomy":"product_brand","embeddable":true,"href":"https:\/\/bodegasre.cl\/pt-br\/wp-json\/wp\/v2\/product_brand?post=8953"},{"taxonomy":"product_cat","embeddable":true,"href":"https:\/\/bodegasre.cl\/pt-br\/wp-json\/wp\/v2\/product_cat?post=8953"},{"taxonomy":"product_tag","embeddable":true,"href":"https:\/\/bodegasre.cl\/pt-br\/wp-json\/wp\/v2\/product_tag?post=8953"}],"curies":[{"name":"wp","href":"https:\/\/api.w.org\/{rel}","templated":true}]}}