{"id":8957,"date":"2024-06-03T19:50:16","date_gmt":"2024-06-03T23:50:16","guid":{"rendered":"https:\/\/bodegasre.cl\/producto\/re-double-2022\/"},"modified":"2025-03-10T16:13:03","modified_gmt":"2025-03-10T19:13:03","slug":"re-double-2022","status":"publish","type":"product","link":"https:\/\/bodegasre.cl\/pt-br\/producto\/re-double-2022\/","title":{"rendered":"RE Double 2022"},"content":{"rendered":"<p>O RE Doble \u00e9 um vinho \u00fanico, que vai al\u00e9m do que \u00e9 conhecido. \u00c9 co-g\u00eanese e depois co-fermenta\u00e7\u00e3o. Seu conceito de duplo se deve \u00e0 \u00edntima comunh\u00e3o, desde sua g\u00eanese, entre duas variedades de uvas mediterr\u00e2neas, como a Garnacha e a Carignan. Ambas as variedades de uva s\u00e3o produzidas pela mesma planta. Vinhas velhas de 65 anos de idade, enxertadas com Garnacha nos ramos que apontam para os Andes e Carignan nos ramos que apontam para o Pac\u00edfico. Uma planta, duas videiras, cujas uvas nascem, crescem, amadurecem, colhem, fermentam e se transformam em um delicioso vinho, em uma magn\u00edfica cumplicidade.     <\/p>\n","protected":false},"excerpt":{"rendered":"<p>O RE Doble \u00e9 um vinho \u00fanico, que vai al\u00e9m do que \u00e9 conhecido. \u00c9 co-g\u00eanese e depois co-fermenta\u00e7\u00e3o. Seu conceito de duplo se deve \u00e0 \u00edntima comunh\u00e3o, desde sua g\u00eanese, entre duas variedades de uvas mediterr\u00e2neas, como a Garnacha e a Carignan. Ambas as variedades de uva s\u00e3o produzidas pela mesma planta.   <\/p>\n<p>Reconhecimentos:<\/p>\n<p><img decoding=\"async\" class=\"alignnone wp-image-6250\" src=\"https:\/\/bodegasre.cl\/wp-content\/uploads\/2024\/04\/LACAV.png\" alt=\"\" width=\"100\" height=\"100\" srcset=\"https:\/\/bodegasre.cl\/wp-content\/uploads\/2024\/04\/LACAV.png 200w, https:\/\/bodegasre.cl\/wp-content\/uploads\/2024\/04\/LACAV-150x150.png 150w, https:\/\/bodegasre.cl\/wp-content\/uploads\/2024\/04\/LACAV-100x100.png 100w\" sizes=\"(max-width: 100px) 100vw, 100px\" \/> <img decoding=\"async\" class=\"alignnone wp-image-6251\" src=\"https:\/\/bodegasre.cl\/wp-content\/uploads\/2024\/04\/DESCORCHADO.png\" alt=\"\" width=\"100\" height=\"100\" srcset=\"https:\/\/bodegasre.cl\/wp-content\/uploads\/2024\/04\/DESCORCHADO.png 200w, https:\/\/bodegasre.cl\/wp-content\/uploads\/2024\/04\/DESCORCHADO-150x150.png 150w, https:\/\/bodegasre.cl\/wp-content\/uploads\/2024\/04\/DESCORCHADO-100x100.png 100w\" sizes=\"(max-width: 100px) 100vw, 100px\" \/><\/p>\n","protected":false},"featured_media":9693,"template":"","meta":{"inline_featured_image":false},"product_brand":[],"product_cat":[74],"product_tag":[],"class_list":{"0":"post-8957","1":"product","2":"type-product","3":"status-publish","4":"has-post-thumbnail","6":"product_cat-vinhos","8":"first","9":"instock","10":"taxable","11":"shipping-taxable","12":"purchasable","13":"product-type-simple"},"_links":{"self":[{"href":"https:\/\/bodegasre.cl\/pt-br\/wp-json\/wp\/v2\/product\/8957","targetHints":{"allow":["GET"]}}],"collection":[{"href":"https:\/\/bodegasre.cl\/pt-br\/wp-json\/wp\/v2\/product"}],"about":[{"href":"https:\/\/bodegasre.cl\/pt-br\/wp-json\/wp\/v2\/types\/product"}],"wp:featuredmedia":[{"embeddable":true,"href":"https:\/\/bodegasre.cl\/pt-br\/wp-json\/wp\/v2\/media\/9693"}],"wp:attachment":[{"href":"https:\/\/bodegasre.cl\/pt-br\/wp-json\/wp\/v2\/media?parent=8957"}],"wp:term":[{"taxonomy":"product_brand","embeddable":true,"href":"https:\/\/bodegasre.cl\/pt-br\/wp-json\/wp\/v2\/product_brand?post=8957"},{"taxonomy":"product_cat","embeddable":true,"href":"https:\/\/bodegasre.cl\/pt-br\/wp-json\/wp\/v2\/product_cat?post=8957"},{"taxonomy":"product_tag","embeddable":true,"href":"https:\/\/bodegasre.cl\/pt-br\/wp-json\/wp\/v2\/product_tag?post=8957"}],"curies":[{"name":"wp","href":"https:\/\/api.w.org\/{rel}","templated":true}]}}