{"id":8959,"date":"2024-06-03T19:01:09","date_gmt":"2024-06-03T23:01:09","guid":{"rendered":"https:\/\/bodegasre.cl\/producto\/vigno-2019\/"},"modified":"2025-03-10T16:12:56","modified_gmt":"2025-03-10T19:12:56","slug":"vigno-2019","status":"publish","type":"product","link":"https:\/\/bodegasre.cl\/pt-br\/producto\/vigno-2019\/","title":{"rendered":"VIGNO 2019"},"content":{"rendered":"<p>\u00c9 um vinho conceitual, \u00e9 recriar a G\u00eanese ancestral, atrav\u00e9s do uso de processos artesanais de vinifica\u00e7\u00e3o em \u00e2nforas de barro e grandes jarras, com t\u00e9cnicas e conhecimentos atuais, vinhos originais de grande valor. Vinhedos das encostas do Maule ancestral e esquecido, de plantas antigas e s\u00e1bias que vivem com a humildade de sua condi\u00e7\u00e3o de terra seca e a sabedoria de produzir um vinho de nobreza. De cor vermelho cereja e rubi, brilhante e luminoso. Aromas de cerejas e rosas silvestres, frutas do bosque, castanhas e avel\u00e3s tostadas e picantes com notas de baunilha. Seu elegante perfume de flores azuis, como violetas, se destaca. No paladar, \u00e9 encorpado, com acidez fresca. Leve e vivo no paladar, com grande car\u00e1ter e um final longo e elegante. Tem grande potencial de envelhecimento. Recomendado para acompanhar carnes vermelhas, ca\u00e7a, cozinha mediterr\u00e2nea e queijos maduros.       <\/p>\n","protected":false},"excerpt":{"rendered":"<p>\u00c9 um vinho conceitual, \u00e9 REcriar a G\u00eanese ancestral, atrav\u00e9s do uso de processos artesanais de vinifica\u00e7\u00e3o em \u00e2nforas de barro e grandes jarras, com t\u00e9cnicas e conhecimentos atuais, vinhos originais de grande valor. REconocimientos:<\/p>\n<p><img decoding=\"async\" class=\"alignnone wp-image-6250\" src=\"https:\/\/bodegasre.cl\/wp-content\/uploads\/2024\/04\/LACAV.png\" alt=\"\" width=\"100\" height=\"100\" srcset=\"https:\/\/bodegasre.cl\/wp-content\/uploads\/2024\/04\/LACAV.png 200w, https:\/\/bodegasre.cl\/wp-content\/uploads\/2024\/04\/LACAV-150x150.png 150w, https:\/\/bodegasre.cl\/wp-content\/uploads\/2024\/04\/LACAV-100x100.png 100w\" sizes=\"(max-width: 100px) 100vw, 100px\" \/><\/p>\n","protected":false},"featured_media":9705,"template":"","meta":{"inline_featured_image":false},"product_brand":[],"product_cat":[74],"product_tag":[],"class_list":{"0":"post-8959","1":"product","2":"type-product","3":"status-publish","4":"has-post-thumbnail","6":"product_cat-vinhos","8":"first","9":"outofstock","10":"taxable","11":"shipping-taxable","12":"purchasable","13":"product-type-simple"},"_links":{"self":[{"href":"https:\/\/bodegasre.cl\/pt-br\/wp-json\/wp\/v2\/product\/8959","targetHints":{"allow":["GET"]}}],"collection":[{"href":"https:\/\/bodegasre.cl\/pt-br\/wp-json\/wp\/v2\/product"}],"about":[{"href":"https:\/\/bodegasre.cl\/pt-br\/wp-json\/wp\/v2\/types\/product"}],"wp:featuredmedia":[{"embeddable":true,"href":"https:\/\/bodegasre.cl\/pt-br\/wp-json\/wp\/v2\/media\/9705"}],"wp:attachment":[{"href":"https:\/\/bodegasre.cl\/pt-br\/wp-json\/wp\/v2\/media?parent=8959"}],"wp:term":[{"taxonomy":"product_brand","embeddable":true,"href":"https:\/\/bodegasre.cl\/pt-br\/wp-json\/wp\/v2\/product_brand?post=8959"},{"taxonomy":"product_cat","embeddable":true,"href":"https:\/\/bodegasre.cl\/pt-br\/wp-json\/wp\/v2\/product_cat?post=8959"},{"taxonomy":"product_tag","embeddable":true,"href":"https:\/\/bodegasre.cl\/pt-br\/wp-json\/wp\/v2\/product_tag?post=8959"}],"curies":[{"name":"wp","href":"https:\/\/api.w.org\/{rel}","templated":true}]}}