{"id":8962,"date":"2024-06-03T19:50:31","date_gmt":"2024-06-03T23:50:31","guid":{"rendered":"https:\/\/bodegasre.cl\/producto\/re-cabergnan-2016\/"},"modified":"2025-03-31T10:26:23","modified_gmt":"2025-03-31T13:26:23","slug":"re-cabergnan-2016","status":"publish","type":"product","link":"https:\/\/bodegasre.cl\/pt-br\/producto\/re-cabergnan-2016\/","title":{"rendered":"RE Cabergnan 2017"},"content":{"rendered":"<p>\u00c9 um vinho conceitual, \u00e9 recriar a G\u00eanese ancestral, atrav\u00e9s do uso de processos artesanais de vinifica\u00e7\u00e3o em \u00e2nforas de barro e grandes jarras, com t\u00e9cnicas e conhecimentos atuais, vinhos originais de grande valor. Cabergnan: \u00e9 uma reinven\u00e7\u00e3o de uma mistura familiar tradicional, combinando perfeitamente as vinhas de Cabernet Sauvignon e Carignan, ambas de vinhedos muito antigos e em condi\u00e7\u00f5es de cultivo a seco. A cor \u00e9 um vermelho vivo, com alguns tons de p\u00farpura, de densidade e profundidade muito atraentes. Seus aromas lembram as frutas das florestas do sul e a cereja \u00e1cida fresca, com notas de especiarias e madeira nobre. Na boca, \u00e9 \u00e1gil, muito fresco, vivo e jovem, cheio de frutas e de grande complexidade. Seu corpo permite que seja guardado por 7 a 10 anos. Beba a 14-16 \u00b0C para acompanhar queijos, presunto, carne vermelha e ca\u00e7a.     <\/p>\n","protected":false},"excerpt":{"rendered":"<p>\u00c9 um vinho conceitual, \u00e9 REcriar a G\u00eanese ancestral, atrav\u00e9s do uso de processos artesanais de vinifica\u00e7\u00e3o em \u00e2nforas de barro e grandes jarras, com t\u00e9cnicas e conhecimentos atuais, vinhos originais de grande valor. REconocimientos:<\/p>\n<p><img decoding=\"async\" class=\"alignnone wp-image-6250\" src=\"https:\/\/bodegasre.cl\/wp-content\/uploads\/2024\/04\/LACAV.png\" alt=\"\" width=\"100\" height=\"100\" srcset=\"https:\/\/bodegasre.cl\/wp-content\/uploads\/2024\/04\/LACAV.png 200w, https:\/\/bodegasre.cl\/wp-content\/uploads\/2024\/04\/LACAV-150x150.png 150w, https:\/\/bodegasre.cl\/wp-content\/uploads\/2024\/04\/LACAV-100x100.png 100w\" sizes=\"(max-width: 100px) 100vw, 100px\" \/> <img decoding=\"async\" class=\"alignnone wp-image-7198\" src=\"https:\/\/bodegasre.cl\/wp-content\/uploads\/2024\/06\/TIM-94.png\" alt=\"\" width=\"100\" height=\"100\" srcset=\"https:\/\/bodegasre.cl\/wp-content\/uploads\/2024\/06\/TIM-94.png 200w, https:\/\/bodegasre.cl\/wp-content\/uploads\/2024\/06\/TIM-94-150x150.png 150w, https:\/\/bodegasre.cl\/wp-content\/uploads\/2024\/06\/TIM-94-100x100.png 100w\" sizes=\"(max-width: 100px) 100vw, 100px\" \/><\/p>\n","protected":false},"featured_media":9689,"template":"","meta":{"inline_featured_image":false},"product_brand":[],"product_cat":[74],"product_tag":[],"class_list":{"0":"post-8962","1":"product","2":"type-product","3":"status-publish","4":"has-post-thumbnail","6":"product_cat-vinhos","8":"first","9":"instock","10":"taxable","11":"shipping-taxable","12":"purchasable","13":"product-type-simple"},"_links":{"self":[{"href":"https:\/\/bodegasre.cl\/pt-br\/wp-json\/wp\/v2\/product\/8962","targetHints":{"allow":["GET"]}}],"collection":[{"href":"https:\/\/bodegasre.cl\/pt-br\/wp-json\/wp\/v2\/product"}],"about":[{"href":"https:\/\/bodegasre.cl\/pt-br\/wp-json\/wp\/v2\/types\/product"}],"wp:featuredmedia":[{"embeddable":true,"href":"https:\/\/bodegasre.cl\/pt-br\/wp-json\/wp\/v2\/media\/9689"}],"wp:attachment":[{"href":"https:\/\/bodegasre.cl\/pt-br\/wp-json\/wp\/v2\/media?parent=8962"}],"wp:term":[{"taxonomy":"product_brand","embeddable":true,"href":"https:\/\/bodegasre.cl\/pt-br\/wp-json\/wp\/v2\/product_brand?post=8962"},{"taxonomy":"product_cat","embeddable":true,"href":"https:\/\/bodegasre.cl\/pt-br\/wp-json\/wp\/v2\/product_cat?post=8962"},{"taxonomy":"product_tag","embeddable":true,"href":"https:\/\/bodegasre.cl\/pt-br\/wp-json\/wp\/v2\/product_tag?post=8962"}],"curies":[{"name":"wp","href":"https:\/\/api.w.org\/{rel}","templated":true}]}}