{"id":8965,"date":"2024-06-03T19:40:07","date_gmt":"2024-06-03T23:40:07","guid":{"rendered":"https:\/\/bodegasre.cl\/producto\/renace-2016\/"},"modified":"2025-03-31T10:26:57","modified_gmt":"2025-03-31T13:26:57","slug":"renace-2016","status":"publish","type":"product","link":"https:\/\/bodegasre.cl\/pt-br\/producto\/renace-2016\/","title":{"rendered":"REnace 2016"},"content":{"rendered":"<p>RENACE \u00e9 o trabalho que REincorpora a alma conceitual da Bodegas RE, \u00e9 a REcria\u00e7\u00e3o de vinhos ancestrais. \u00c9 o reviver de hist\u00f3rias familiares, \u00e9 o renascimento dos vinhos de beleza como a nova V\u00eanus de uma jarra. \u00c9 o vinho da arte e do artesanato, \u00e9 o ontem do amanh\u00e3.   A RENACE \u00e9 filha do Maule profundo. Suas colinas s\u00e3o feitas de argila vermelha, o material que molda as cubas e sustenta as antigas vinhas de Carignan em condi\u00e7\u00f5es de seca. O ver\u00e3o, seco e com sol generoso, d\u00e1 a voc\u00ea sua for\u00e7a em frutas doces e gulosas. Um vinho da terra, denso e profundo, com cheiro de quartzo e granito, perfumado com flores e frutas de amora. \u00c9 amplo e generoso, com um paladar suave, mostra seu grande valor com simples honestidade. \u00c9 \u00fanico, de f\u00f4lego longo e persistente, liberando uma confeitaria alegre e perfumada. Humilde e magn\u00edfico. Tempo de envelhecimento futuro: 10 anos. Conservar e servir fresco, de prefer\u00eancia com cozimento lento e crioulo. Abundante com carnes vermelhas e bem temperadas.         <\/p>\n","protected":false},"excerpt":{"rendered":"<p>RENACE \u00e9 o trabalho que REincorpora a alma conceitual da Bodegas RE, \u00e9 a REcria\u00e7\u00e3o de vinhos ancestrais. \u00c9 o reviver de hist\u00f3rias familiares, \u00e9 o renascimento dos vinhos de beleza como a nova V\u00eanus de uma jarra. \u00c9 o vinho da arte e do artesanato, \u00e9 o ontem do amanh\u00e3.  <\/p>\n<p>Reconhecimentos:<\/p>\n<p><img decoding=\"async\" class=\"alignnone wp-image-6250\" src=\"https:\/\/bodegasre.cl\/wp-content\/uploads\/2024\/04\/LACAV.png\" alt=\"\" width=\"100\" height=\"100\" srcset=\"https:\/\/bodegasre.cl\/wp-content\/uploads\/2024\/04\/LACAV.png 200w, https:\/\/bodegasre.cl\/wp-content\/uploads\/2024\/04\/LACAV-150x150.png 150w, https:\/\/bodegasre.cl\/wp-content\/uploads\/2024\/04\/LACAV-100x100.png 100w\" sizes=\"(max-width: 100px) 100vw, 100px\" \/> <img decoding=\"async\" class=\"alignnone wp-image-6251\" src=\"https:\/\/bodegasre.cl\/wp-content\/uploads\/2024\/04\/DESCORCHADO.png\" alt=\"\" width=\"100\" height=\"100\" srcset=\"https:\/\/bodegasre.cl\/wp-content\/uploads\/2024\/04\/DESCORCHADO.png 200w, https:\/\/bodegasre.cl\/wp-content\/uploads\/2024\/04\/DESCORCHADO-150x150.png 150w, https:\/\/bodegasre.cl\/wp-content\/uploads\/2024\/04\/DESCORCHADO-100x100.png 100w\" sizes=\"(max-width: 100px) 100vw, 100px\" \/><\/p>\n","protected":false},"featured_media":9701,"template":"","meta":{"inline_featured_image":false},"product_brand":[],"product_cat":[74],"product_tag":[],"class_list":{"0":"post-8965","1":"product","2":"type-product","3":"status-publish","4":"has-post-thumbnail","6":"product_cat-vinhos","8":"first","9":"instock","10":"taxable","11":"shipping-taxable","12":"purchasable","13":"product-type-simple"},"_links":{"self":[{"href":"https:\/\/bodegasre.cl\/pt-br\/wp-json\/wp\/v2\/product\/8965","targetHints":{"allow":["GET"]}}],"collection":[{"href":"https:\/\/bodegasre.cl\/pt-br\/wp-json\/wp\/v2\/product"}],"about":[{"href":"https:\/\/bodegasre.cl\/pt-br\/wp-json\/wp\/v2\/types\/product"}],"wp:featuredmedia":[{"embeddable":true,"href":"https:\/\/bodegasre.cl\/pt-br\/wp-json\/wp\/v2\/media\/9701"}],"wp:attachment":[{"href":"https:\/\/bodegasre.cl\/pt-br\/wp-json\/wp\/v2\/media?parent=8965"}],"wp:term":[{"taxonomy":"product_brand","embeddable":true,"href":"https:\/\/bodegasre.cl\/pt-br\/wp-json\/wp\/v2\/product_brand?post=8965"},{"taxonomy":"product_cat","embeddable":true,"href":"https:\/\/bodegasre.cl\/pt-br\/wp-json\/wp\/v2\/product_cat?post=8965"},{"taxonomy":"product_tag","embeddable":true,"href":"https:\/\/bodegasre.cl\/pt-br\/wp-json\/wp\/v2\/product_tag?post=8965"}],"curies":[{"name":"wp","href":"https:\/\/api.w.org\/{rel}","templated":true}]}}