{"id":9202,"date":"2024-11-08T11:56:29","date_gmt":"2024-11-08T14:56:29","guid":{"rendered":"https:\/\/bodegasre.cl\/producto\/re-syranoir\/"},"modified":"2025-03-31T10:26:05","modified_gmt":"2025-03-31T13:26:05","slug":"re-syranoir","status":"publish","type":"product","link":"https:\/\/bodegasre.cl\/pt-br\/producto\/re-syranoir\/","title":{"rendered":"RE Syranoir 2023"},"content":{"rendered":"<p>RE Syranoir \u00e9 um vinho conceitual da Bodegas RE, que envolve uma cria\u00e7\u00e3o RE, utilizando processos artesanais de vinifica\u00e7\u00e3o em \u00e2nforas gigantes e jarras de barro, com t\u00e9cnicas e conhecimentos atuais. Nasce um vinho \u00fanico, ao REunir duas variedades de uvas sob a mesma REcria\u00e7\u00e3o: Syrah, REscala a bela, elegante e sedutora dan\u00e7arina de Casablanca e Pinot Noir, REscala o equil\u00edbrio e a suavidade do nascer do sol que termina sedoso na boca. <\/p>\n<p>&nbsp;<\/p>\n","protected":false},"excerpt":{"rendered":"<p>O Syranoir nasceu em Casablanca, um vinhedo jovem com declive acentuado e amadurecimento lento. Esse vinhedo em particular est\u00e1 localizado a poucos metros de nossa vin\u00edcola. RE Syranoir \u00e9 um vinho que REencanta e REvela as caracter\u00edsticas do Vale.  <\/p>\n<p>Reconhecimentos:<\/p>\n<p><img decoding=\"async\" class=\"alignnone wp-image-7883 \" src=\"https:\/\/bodegasre.cl\/wp-content\/uploads\/2024\/11\/92-la-cav.png\" alt=\"\" width=\"119\" height=\"119\" srcset=\"https:\/\/bodegasre.cl\/wp-content\/uploads\/2024\/11\/92-la-cav.png 200w, https:\/\/bodegasre.cl\/wp-content\/uploads\/2024\/11\/92-la-cav-100x100.png 100w\" sizes=\"(max-width: 119px) 100vw, 119px\" \/><\/p>\n","protected":false},"featured_media":9677,"template":"","meta":{"inline_featured_image":false},"product_brand":[],"product_cat":[74],"product_tag":[],"class_list":{"0":"post-9202","1":"product","2":"type-product","3":"status-publish","4":"has-post-thumbnail","6":"product_cat-vinhos","8":"first","9":"instock","10":"sale","11":"taxable","12":"shipping-taxable","13":"purchasable","14":"product-type-simple"},"_links":{"self":[{"href":"https:\/\/bodegasre.cl\/pt-br\/wp-json\/wp\/v2\/product\/9202","targetHints":{"allow":["GET"]}}],"collection":[{"href":"https:\/\/bodegasre.cl\/pt-br\/wp-json\/wp\/v2\/product"}],"about":[{"href":"https:\/\/bodegasre.cl\/pt-br\/wp-json\/wp\/v2\/types\/product"}],"wp:featuredmedia":[{"embeddable":true,"href":"https:\/\/bodegasre.cl\/pt-br\/wp-json\/wp\/v2\/media\/9677"}],"wp:attachment":[{"href":"https:\/\/bodegasre.cl\/pt-br\/wp-json\/wp\/v2\/media?parent=9202"}],"wp:term":[{"taxonomy":"product_brand","embeddable":true,"href":"https:\/\/bodegasre.cl\/pt-br\/wp-json\/wp\/v2\/product_brand?post=9202"},{"taxonomy":"product_cat","embeddable":true,"href":"https:\/\/bodegasre.cl\/pt-br\/wp-json\/wp\/v2\/product_cat?post=9202"},{"taxonomy":"product_tag","embeddable":true,"href":"https:\/\/bodegasre.cl\/pt-br\/wp-json\/wp\/v2\/product_tag?post=9202"}],"curies":[{"name":"wp","href":"https:\/\/api.w.org\/{rel}","templated":true}]}}