{"id":9226,"date":"2024-09-08T15:26:47","date_gmt":"2024-09-08T18:26:47","guid":{"rendered":"https:\/\/bodegasre.cl\/producto\/enologo-por-um-dia\/"},"modified":"2026-02-06T13:10:08","modified_gmt":"2026-02-06T16:10:08","slug":"enologo-por-um-dia","status":"publish","type":"product","link":"https:\/\/bodegasre.cl\/pt-br\/producto\/enologo-por-um-dia\/","title":{"rendered":"En\u00f3logo por um dia"},"content":{"rendered":"<p>R <strong>ESERVA<\/strong>M\u00cdNIMA PARA ATIVIDADE <strong>4 PESSOAS<\/strong> com 24 horas de anteced\u00eancia<\/p>\n<p><script>\ndocument.addEventListener('DOMContentLoaded', function() {\n    var qtyInput = document.querySelector('input.qty');\n    if(qtyInput){\n        qtyInput.min = 4;\n        qtyInput.value = 4;\n        qtyInput.addEventListener('change', function(){\n            if(this.value < 4) this.value = 4;\n        });\n    }\n});\n<\/script><\/p>\n","protected":false},"excerpt":{"rendered":"<div class=\"page\" title=\"P\u00e1gina 14\">\n<div class=\"section\">\n<div class=\"layoutArea\">\n<div class=\"column\">\n<p>Valor por pessoa RESERVA M\u00cdNIMA PARA A ATIVIDADE 4 PESSOAS Nossa experi\u00eancia Winemaker for a Day oferece a voc\u00ea uma imers\u00e3o no mundo da vinifica\u00e7\u00e3o e o aprendizado dos segredos do processo de vinifica\u00e7\u00e3o e a REcria\u00e7\u00e3o de seu pr\u00f3prio REwine exclusivo, tudo sob a orienta\u00e7\u00e3o de nossos especialistas. Compartilhe com seus amigos e viva uma experi\u00eancia verdadeiramente inesquec\u00edvel.<br \/>\n Inclui um tour completo pela vin\u00edcola + Degusta\u00e7\u00e3o de tr\u00eas de nossos vinhos para voc\u00ea criar seu pr\u00f3prio REvoltijo + T\u00e1bua de queijos RE.<\/p>\n<p>&nbsp;<\/p>\n<\/div>\n<\/div>\n<\/div>\n<\/div>\n","protected":false},"featured_media":8796,"template":"","meta":{"inline_featured_image":false},"product_brand":[],"product_cat":[67],"product_tag":[],"class_list":{"0":"post-9226","1":"product","2":"type-product","3":"status-publish","4":"has-post-thumbnail","6":"product_cat-enoturismo-pt-br","8":"first","9":"instock","10":"taxable","11":"shipping-taxable","12":"purchasable","13":"product-type-simple"},"_links":{"self":[{"href":"https:\/\/bodegasre.cl\/pt-br\/wp-json\/wp\/v2\/product\/9226","targetHints":{"allow":["GET"]}}],"collection":[{"href":"https:\/\/bodegasre.cl\/pt-br\/wp-json\/wp\/v2\/product"}],"about":[{"href":"https:\/\/bodegasre.cl\/pt-br\/wp-json\/wp\/v2\/types\/product"}],"wp:featuredmedia":[{"embeddable":true,"href":"https:\/\/bodegasre.cl\/pt-br\/wp-json\/wp\/v2\/media\/8796"}],"wp:attachment":[{"href":"https:\/\/bodegasre.cl\/pt-br\/wp-json\/wp\/v2\/media?parent=9226"}],"wp:term":[{"taxonomy":"product_brand","embeddable":true,"href":"https:\/\/bodegasre.cl\/pt-br\/wp-json\/wp\/v2\/product_brand?post=9226"},{"taxonomy":"product_cat","embeddable":true,"href":"https:\/\/bodegasre.cl\/pt-br\/wp-json\/wp\/v2\/product_cat?post=9226"},{"taxonomy":"product_tag","embeddable":true,"href":"https:\/\/bodegasre.cl\/pt-br\/wp-json\/wp\/v2\/product_tag?post=9226"}],"curies":[{"name":"wp","href":"https:\/\/api.w.org\/{rel}","templated":true}]}}