{"id":9231,"date":"2024-09-08T15:24:21","date_gmt":"2024-09-08T18:24:21","guid":{"rendered":"https:\/\/bodegasre.cl\/producto\/piquenique-re\/"},"modified":"2024-09-08T15:24:21","modified_gmt":"2024-09-08T18:24:21","slug":"piquenique-re","status":"publish","type":"product","link":"https:\/\/bodegasre.cl\/pt-br\/producto\/piquenique-re\/","title":{"rendered":"Piquenique RE"},"content":{"rendered":"<div class=\"page\" title=\"P\u00e1gina 13\">\n<div class=\"section\">\n<div class=\"layoutArea\">\n<div class=\"column\">\n<p>Vinho n\u00e3o inclu\u00eddo na cesta* Reserve com anteced\u00eancia, no m\u00ednimo 24 horas. Dispon\u00edvel de setembro a abril<\/p>\n<\/div>\n<\/div>\n<\/div>\n<\/div>\n","protected":false},"excerpt":{"rendered":"<div class=\"page\" title=\"P\u00e1gina 13\">\n<div class=\"section\">\n<div class=\"layoutArea\">\n<div class=\"column\">\n<p>\u00c9 uma experi\u00eancia no meio da natureza, no nosso p\u00e1tio de sobreiros, a \u00e1rvore a partir da qual a corti\u00e7a \u00e9 criada, aqui voc\u00ea pode desfrutar de um piquenique que inclui: Visita \u00e0 nossa Adega Subterr\u00e2nea + 2 Sandu\u00edches do dia 2 Caixas de frutas da esta\u00e7\u00e3o 2 Bolos do dia Vinho n\u00e3o inclu\u00eddo na cesta*.<\/p>\n<\/div>\n<\/div>\n<\/div>\n<\/div>\n","protected":false},"featured_media":8793,"template":"","meta":{"inline_featured_image":false},"product_brand":[],"product_cat":[67],"product_tag":[],"class_list":{"0":"post-9231","1":"product","2":"type-product","3":"status-publish","4":"has-post-thumbnail","6":"product_cat-enoturismo-pt-br","8":"first","9":"instock","10":"virtual","11":"taxable","12":"purchasable","13":"product-type-simple"},"_links":{"self":[{"href":"https:\/\/bodegasre.cl\/pt-br\/wp-json\/wp\/v2\/product\/9231","targetHints":{"allow":["GET"]}}],"collection":[{"href":"https:\/\/bodegasre.cl\/pt-br\/wp-json\/wp\/v2\/product"}],"about":[{"href":"https:\/\/bodegasre.cl\/pt-br\/wp-json\/wp\/v2\/types\/product"}],"wp:featuredmedia":[{"embeddable":true,"href":"https:\/\/bodegasre.cl\/pt-br\/wp-json\/wp\/v2\/media\/8793"}],"wp:attachment":[{"href":"https:\/\/bodegasre.cl\/pt-br\/wp-json\/wp\/v2\/media?parent=9231"}],"wp:term":[{"taxonomy":"product_brand","embeddable":true,"href":"https:\/\/bodegasre.cl\/pt-br\/wp-json\/wp\/v2\/product_brand?post=9231"},{"taxonomy":"product_cat","embeddable":true,"href":"https:\/\/bodegasre.cl\/pt-br\/wp-json\/wp\/v2\/product_cat?post=9231"},{"taxonomy":"product_tag","embeddable":true,"href":"https:\/\/bodegasre.cl\/pt-br\/wp-json\/wp\/v2\/product_tag?post=9231"}],"curies":[{"name":"wp","href":"https:\/\/api.w.org\/{rel}","templated":true}]}}