{"id":9232,"date":"2024-09-08T15:15:42","date_gmt":"2024-09-08T18:15:42","guid":{"rendered":"https:\/\/bodegasre.cl\/producto\/degustacao-recreation\/"},"modified":"2024-09-08T15:15:42","modified_gmt":"2024-09-08T18:15:42","slug":"degustacao-recreation","status":"publish","type":"product","link":"https:\/\/bodegasre.cl\/pt-br\/producto\/degustacao-recreation\/","title":{"rendered":"Degusta\u00e7\u00e3o REcreation"},"content":{"rendered":"","protected":false},"excerpt":{"rendered":"<div class=\"page\" title=\"P\u00e1gina 9\">\n<div class=\"layoutArea\">\n<div class=\"column\">\n<p>Visita \u00e0 adega subterr\u00e2nea + Degusta\u00e7\u00e3o de 4 vinhos: RE Pinotel &#8211; RE Chardonnoir &#8211; RE Mediterraneo &#8211; VIGNO + T\u00e1bua de p\u00e3es, azeitonas, frutas secas, azeite de oliva RE e b\u00e1lsamo para vinho RE<\/p>\n<\/div>\n<\/div>\n<\/div>\n","protected":false},"featured_media":8787,"template":"","meta":{"inline_featured_image":false},"product_brand":[],"product_cat":[67],"product_tag":[],"class_list":{"0":"post-9232","1":"product","2":"type-product","3":"status-publish","4":"has-post-thumbnail","6":"product_cat-enoturismo-pt-br","8":"first","9":"instock","10":"virtual","11":"taxable","12":"purchasable","13":"product-type-simple"},"_links":{"self":[{"href":"https:\/\/bodegasre.cl\/pt-br\/wp-json\/wp\/v2\/product\/9232","targetHints":{"allow":["GET"]}}],"collection":[{"href":"https:\/\/bodegasre.cl\/pt-br\/wp-json\/wp\/v2\/product"}],"about":[{"href":"https:\/\/bodegasre.cl\/pt-br\/wp-json\/wp\/v2\/types\/product"}],"wp:featuredmedia":[{"embeddable":true,"href":"https:\/\/bodegasre.cl\/pt-br\/wp-json\/wp\/v2\/media\/8787"}],"wp:attachment":[{"href":"https:\/\/bodegasre.cl\/pt-br\/wp-json\/wp\/v2\/media?parent=9232"}],"wp:term":[{"taxonomy":"product_brand","embeddable":true,"href":"https:\/\/bodegasre.cl\/pt-br\/wp-json\/wp\/v2\/product_brand?post=9232"},{"taxonomy":"product_cat","embeddable":true,"href":"https:\/\/bodegasre.cl\/pt-br\/wp-json\/wp\/v2\/product_cat?post=9232"},{"taxonomy":"product_tag","embeddable":true,"href":"https:\/\/bodegasre.cl\/pt-br\/wp-json\/wp\/v2\/product_tag?post=9232"}],"curies":[{"name":"wp","href":"https:\/\/api.w.org\/{rel}","templated":true}]}}