{"id":9236,"date":"2024-09-08T15:16:59","date_gmt":"2024-09-08T18:16:59","guid":{"rendered":"https:\/\/bodegasre.cl\/producto\/degustacao-de-regocijo\/"},"modified":"2024-09-08T15:16:59","modified_gmt":"2024-09-08T18:16:59","slug":"degustacao-de-regocijo","status":"publish","type":"product","link":"https:\/\/bodegasre.cl\/pt-br\/producto\/degustacao-de-regocijo\/","title":{"rendered":"Degusta\u00e7\u00e3o de REgocijo"},"content":{"rendered":"","protected":false},"excerpt":{"rendered":"<div class=\"page\" title=\"P\u00e1gina 9\">\n<div class=\"layoutArea\">\n<div class=\"column\">\n<p>Visita \u00e0 adega subterr\u00e2nea + Degusta\u00e7\u00e3o de 6 vinhos: RE Pinotel &#8211; RE Enredo &#8211; RE Chardonnoir REdoble &#8211; RE Syragnan &#8211; RE Cabergnan + T\u00e1bua de p\u00e3o, azeitonas, frutas secas, azeite de oliva RE e b\u00e1lsamo de vinho RE.<\/p>\n<\/div>\n<\/div>\n<\/div>\n","protected":false},"featured_media":8790,"template":"","meta":{"inline_featured_image":false},"product_brand":[],"product_cat":[67],"product_tag":[],"class_list":{"0":"post-9236","1":"product","2":"type-product","3":"status-publish","4":"has-post-thumbnail","6":"product_cat-enoturismo-pt-br","8":"first","9":"instock","10":"virtual","11":"taxable","12":"purchasable","13":"product-type-simple"},"_links":{"self":[{"href":"https:\/\/bodegasre.cl\/pt-br\/wp-json\/wp\/v2\/product\/9236","targetHints":{"allow":["GET"]}}],"collection":[{"href":"https:\/\/bodegasre.cl\/pt-br\/wp-json\/wp\/v2\/product"}],"about":[{"href":"https:\/\/bodegasre.cl\/pt-br\/wp-json\/wp\/v2\/types\/product"}],"wp:featuredmedia":[{"embeddable":true,"href":"https:\/\/bodegasre.cl\/pt-br\/wp-json\/wp\/v2\/media\/8790"}],"wp:attachment":[{"href":"https:\/\/bodegasre.cl\/pt-br\/wp-json\/wp\/v2\/media?parent=9236"}],"wp:term":[{"taxonomy":"product_brand","embeddable":true,"href":"https:\/\/bodegasre.cl\/pt-br\/wp-json\/wp\/v2\/product_brand?post=9236"},{"taxonomy":"product_cat","embeddable":true,"href":"https:\/\/bodegasre.cl\/pt-br\/wp-json\/wp\/v2\/product_cat?post=9236"},{"taxonomy":"product_tag","embeddable":true,"href":"https:\/\/bodegasre.cl\/pt-br\/wp-json\/wp\/v2\/product_tag?post=9236"}],"curies":[{"name":"wp","href":"https:\/\/api.w.org\/{rel}","templated":true}]}}