{"id":9238,"date":"2024-09-08T15:13:47","date_gmt":"2024-09-08T18:13:47","guid":{"rendered":"https:\/\/bodegasre.cl\/producto\/degustacao-redoble\/"},"modified":"2024-09-08T15:13:47","modified_gmt":"2024-09-08T18:13:47","slug":"degustacao-redoble","status":"publish","type":"product","link":"https:\/\/bodegasre.cl\/pt-br\/producto\/degustacao-redoble\/","title":{"rendered":"Degusta\u00e7\u00e3o REdoble"},"content":{"rendered":"","protected":false},"excerpt":{"rendered":"<p>Visita \u00e0 adega subterr\u00e2nea + Degusta\u00e7\u00e3o de 2 vinhos:<\/p>\n<p> RE Chardonnnoir &#8211; RE Cabergnan + T\u00e1bua de p\u00e3es, azeitonas, frutas secas, azeite de oliva RE e b\u00e1lsamo para vinho RE.<\/p>\n","protected":false},"featured_media":8784,"template":"","meta":{"inline_featured_image":false},"product_brand":[],"product_cat":[67],"product_tag":[],"class_list":{"0":"post-9238","1":"product","2":"type-product","3":"status-publish","4":"has-post-thumbnail","6":"product_cat-enoturismo-pt-br","8":"first","9":"instock","10":"sale","11":"virtual","12":"taxable","13":"purchasable","14":"product-type-simple"},"_links":{"self":[{"href":"https:\/\/bodegasre.cl\/pt-br\/wp-json\/wp\/v2\/product\/9238","targetHints":{"allow":["GET"]}}],"collection":[{"href":"https:\/\/bodegasre.cl\/pt-br\/wp-json\/wp\/v2\/product"}],"about":[{"href":"https:\/\/bodegasre.cl\/pt-br\/wp-json\/wp\/v2\/types\/product"}],"wp:featuredmedia":[{"embeddable":true,"href":"https:\/\/bodegasre.cl\/pt-br\/wp-json\/wp\/v2\/media\/8784"}],"wp:attachment":[{"href":"https:\/\/bodegasre.cl\/pt-br\/wp-json\/wp\/v2\/media?parent=9238"}],"wp:term":[{"taxonomy":"product_brand","embeddable":true,"href":"https:\/\/bodegasre.cl\/pt-br\/wp-json\/wp\/v2\/product_brand?post=9238"},{"taxonomy":"product_cat","embeddable":true,"href":"https:\/\/bodegasre.cl\/pt-br\/wp-json\/wp\/v2\/product_cat?post=9238"},{"taxonomy":"product_tag","embeddable":true,"href":"https:\/\/bodegasre.cl\/pt-br\/wp-json\/wp\/v2\/product_tag?post=9238"}],"curies":[{"name":"wp","href":"https:\/\/api.w.org\/{rel}","templated":true}]}}