{"id":9244,"date":"2024-09-08T13:08:22","date_gmt":"2024-09-08T16:08:22","guid":{"rendered":"https:\/\/bodegasre.cl\/producto\/excursao-de-especialidades-de-re\/"},"modified":"2024-09-08T13:08:22","modified_gmt":"2024-09-08T16:08:22","slug":"excursao-de-especialidades-de-re","status":"publish","type":"product","link":"https:\/\/bodegasre.cl\/pt-br\/producto\/excursao-de-especialidades-de-re\/","title":{"rendered":"Excurs\u00e3o de especialidades de RE"},"content":{"rendered":"","protected":false},"excerpt":{"rendered":"<div class=\"page\" title=\"P\u00e1gina 7\">\n<div class=\"layoutArea\">\n<div class=\"column\">\n<p>RE Tour: RE Visita guiada \u00e0 nossa vin\u00edcola, onde voc\u00ea pode visitar: Jardim de variedades ancestrais, Sala de licores, Sala de bals\u00e2micos, Sala de barris subterr\u00e2nea, cubas e RE Emporium + Degusta\u00e7\u00e3o de 7 vinhos:<\/p>\n<p>RE Pinotel &#8211; RE Enredo &#8211; RE Chardonnoir RE Chardonnoir Tinto &#8211; RE Syragnan &#8211; VIGNO &#8211; RE Cabergnan +T\u00e1bua de p\u00e3es, queijos, frutas secas, azeitonas, charque wagyu, azeite de oliva RE e b\u00e1lsamo para vinho RE.<\/p>\n<\/div>\n<\/div>\n<\/div>\n","protected":false},"featured_media":8781,"template":"","meta":{"inline_featured_image":false},"product_brand":[],"product_cat":[67],"product_tag":[],"class_list":{"0":"post-9244","1":"product","2":"type-product","3":"status-publish","4":"has-post-thumbnail","6":"product_cat-enoturismo-pt-br","8":"first","9":"instock","10":"virtual","11":"taxable","12":"purchasable","13":"product-type-simple"},"_links":{"self":[{"href":"https:\/\/bodegasre.cl\/pt-br\/wp-json\/wp\/v2\/product\/9244","targetHints":{"allow":["GET"]}}],"collection":[{"href":"https:\/\/bodegasre.cl\/pt-br\/wp-json\/wp\/v2\/product"}],"about":[{"href":"https:\/\/bodegasre.cl\/pt-br\/wp-json\/wp\/v2\/types\/product"}],"wp:featuredmedia":[{"embeddable":true,"href":"https:\/\/bodegasre.cl\/pt-br\/wp-json\/wp\/v2\/media\/8781"}],"wp:attachment":[{"href":"https:\/\/bodegasre.cl\/pt-br\/wp-json\/wp\/v2\/media?parent=9244"}],"wp:term":[{"taxonomy":"product_brand","embeddable":true,"href":"https:\/\/bodegasre.cl\/pt-br\/wp-json\/wp\/v2\/product_brand?post=9244"},{"taxonomy":"product_cat","embeddable":true,"href":"https:\/\/bodegasre.cl\/pt-br\/wp-json\/wp\/v2\/product_cat?post=9244"},{"taxonomy":"product_tag","embeddable":true,"href":"https:\/\/bodegasre.cl\/pt-br\/wp-json\/wp\/v2\/product_tag?post=9244"}],"curies":[{"name":"wp","href":"https:\/\/api.w.org\/{rel}","templated":true}]}}