{"id":9245,"date":"2024-09-08T12:49:12","date_gmt":"2024-09-08T15:49:12","guid":{"rendered":"https:\/\/bodegasre.cl\/producto\/hummus-de-alho-e-chilote-merken\/"},"modified":"2024-09-08T12:49:12","modified_gmt":"2024-09-08T15:49:12","slug":"hummus-de-alho-e-chilote-merken","status":"publish","type":"product","link":"https:\/\/bodegasre.cl\/pt-br\/producto\/hummus-de-alho-e-chilote-merken\/","title":{"rendered":"Hummus de alho e chilote Merken"},"content":{"rendered":"","protected":false},"excerpt":{"rendered":"<div class=\"product-description-content\">O melhor homus 100% natural, livre de conservantes e aditivos. Tem certifica\u00e7\u00e3o vegana e sem gl\u00faten. Fechado e selado, pode ser mantido sem refrigera\u00e7\u00e3o; aberto, pode ser consumido dentro de 5 a 7 dias e mantido refrigerado.  <\/div>\n<div>Ingredientes<\/div>\n<div class=\"product-ingredients\">\n<div class=\"product-ingredients-text\">Gr\u00e3o-de-bico, azeite de oliva 100%, gergelim torrado, \u00e1gua, suco de lim\u00e3o, alho com pimenta, Merken, or\u00e9gano, sal marinho<\/div>\n<\/div>\n","protected":false},"featured_media":8763,"template":"","meta":{"inline_featured_image":false},"product_brand":[],"product_cat":[71],"product_tag":[],"class_list":{"0":"post-9245","1":"product","2":"type-product","3":"status-publish","4":"has-post-thumbnail","6":"product_cat-gourmet-pt-br","8":"first","9":"outofstock","10":"taxable","11":"shipping-taxable","12":"purchasable","13":"product-type-simple"},"_links":{"self":[{"href":"https:\/\/bodegasre.cl\/pt-br\/wp-json\/wp\/v2\/product\/9245","targetHints":{"allow":["GET"]}}],"collection":[{"href":"https:\/\/bodegasre.cl\/pt-br\/wp-json\/wp\/v2\/product"}],"about":[{"href":"https:\/\/bodegasre.cl\/pt-br\/wp-json\/wp\/v2\/types\/product"}],"wp:featuredmedia":[{"embeddable":true,"href":"https:\/\/bodegasre.cl\/pt-br\/wp-json\/wp\/v2\/media\/8763"}],"wp:attachment":[{"href":"https:\/\/bodegasre.cl\/pt-br\/wp-json\/wp\/v2\/media?parent=9245"}],"wp:term":[{"taxonomy":"product_brand","embeddable":true,"href":"https:\/\/bodegasre.cl\/pt-br\/wp-json\/wp\/v2\/product_brand?post=9245"},{"taxonomy":"product_cat","embeddable":true,"href":"https:\/\/bodegasre.cl\/pt-br\/wp-json\/wp\/v2\/product_cat?post=9245"},{"taxonomy":"product_tag","embeddable":true,"href":"https:\/\/bodegasre.cl\/pt-br\/wp-json\/wp\/v2\/product_tag?post=9245"}],"curies":[{"name":"wp","href":"https:\/\/api.w.org\/{rel}","templated":true}]}}