{"id":9249,"date":"2024-09-08T13:06:17","date_gmt":"2024-09-08T16:06:17","guid":{"rendered":"https:\/\/bodegasre.cl\/producto\/tour-de-revelacao\/"},"modified":"2024-09-08T13:06:17","modified_gmt":"2024-09-08T16:06:17","slug":"tour-de-revelacao","status":"publish","type":"product","link":"https:\/\/bodegasre.cl\/pt-br\/producto\/tour-de-revelacao\/","title":{"rendered":"Tour de Revela\u00e7\u00e3o"},"content":{"rendered":"","protected":false},"excerpt":{"rendered":"<div class=\"page\" title=\"P\u00e1gina 7\">\n<div class=\"layoutArea\">\n<div class=\"column\">\n<p>RE Tour: RE Visita guiada \u00e0 nossa vin\u00edcola, onde voc\u00ea poder\u00e1 visitar: Jardim de variedades ancestrais, Sala de licores, Sala de bals\u00e2micos, Sala de barris subterr\u00e2neos, cubas e Emp\u00f3rio RE + Degusta\u00e7\u00e3o de 5 vinhos: RE Pinotel &#8211; RE Chardonnoir &#8211; RE Mediterraneo &#8211; RE Syragnan &#8211; VIGNO +Mesa de p\u00e3es, queijos, frutas secas, azeitonas, azeite de oliva RE e b\u00e1lsamo de vinho RE.<\/p>\n<\/div>\n<\/div>\n<\/div>\n","protected":false},"featured_media":8778,"template":"","meta":{"inline_featured_image":false},"product_brand":[],"product_cat":[67],"product_tag":[],"class_list":{"0":"post-9249","1":"product","2":"type-product","3":"status-publish","4":"has-post-thumbnail","6":"product_cat-enoturismo-pt-br","8":"first","9":"instock","10":"virtual","11":"taxable","12":"purchasable","13":"product-type-simple"},"_links":{"self":[{"href":"https:\/\/bodegasre.cl\/pt-br\/wp-json\/wp\/v2\/product\/9249","targetHints":{"allow":["GET"]}}],"collection":[{"href":"https:\/\/bodegasre.cl\/pt-br\/wp-json\/wp\/v2\/product"}],"about":[{"href":"https:\/\/bodegasre.cl\/pt-br\/wp-json\/wp\/v2\/types\/product"}],"wp:featuredmedia":[{"embeddable":true,"href":"https:\/\/bodegasre.cl\/pt-br\/wp-json\/wp\/v2\/media\/8778"}],"wp:attachment":[{"href":"https:\/\/bodegasre.cl\/pt-br\/wp-json\/wp\/v2\/media?parent=9249"}],"wp:term":[{"taxonomy":"product_brand","embeddable":true,"href":"https:\/\/bodegasre.cl\/pt-br\/wp-json\/wp\/v2\/product_brand?post=9249"},{"taxonomy":"product_cat","embeddable":true,"href":"https:\/\/bodegasre.cl\/pt-br\/wp-json\/wp\/v2\/product_cat?post=9249"},{"taxonomy":"product_tag","embeddable":true,"href":"https:\/\/bodegasre.cl\/pt-br\/wp-json\/wp\/v2\/product_tag?post=9249"}],"curies":[{"name":"wp","href":"https:\/\/api.w.org\/{rel}","templated":true}]}}