{"id":9279,"date":"2024-05-29T13:11:00","date_gmt":"2024-05-29T17:11:00","guid":{"rendered":"https:\/\/bodegasre.cl\/producto\/re-pinotel-2022\/"},"modified":"2025-03-31T10:23:15","modified_gmt":"2025-03-31T13:23:15","slug":"re-pinotel-2022","status":"publish","type":"product","link":"https:\/\/bodegasre.cl\/pt-br\/producto\/re-pinotel-2022\/","title":{"rendered":"RE Pinotel 2023"},"content":{"rendered":"<p>RE Pinotel, RE, Conceptual Wine, \u00e9 um REviver, REinventar, REdescobrir desde a G\u00eanese ancestral at\u00e9 o presente. Da terra profunda, magm\u00e1tica, quente e generosa, REnace como a nova V\u00eanus, de um s\u00e1bio jarro de barro. O PINOTEL \u00e9 uma recria\u00e7\u00e3o da eleg\u00e2ncia do Pinot Noir e da feminilidade floral do Muscat Ros\u00e9. No geral, \u00e9 um vinho muito atraente com cor de melancia e morango silvestre. Perfumado com rosas e flor de laranjeira, evoca a pele amada. No paladar, \u00e9 vivo, sensual, animado e fresco. Seu corpo \u00e9 macio, delicado e duradouro. Reencontre o prazer com PINOTEL e queijos brancos, azeitonas, frutos do mar frescos e frutas.    <\/p>\n","protected":false},"excerpt":{"rendered":"<p>RE Pinotel, RE, Conceptual Wine, \u00e9 um REviver, REinventar, REdescobrir desde a G\u00eanese ancestral at\u00e9 o presente. Da terra profunda, magm\u00e1tica, quente e generosa, REnace como a nova V\u00eanus, de um s\u00e1bio jarro de barro. O PINOTEL \u00e9 uma recria\u00e7\u00e3o da eleg\u00e2ncia do Pinot Noir e da feminilidade floral do Muscat Ros\u00e9.<\/p>\n<p>Reconhecimentos:<\/p>\n<p><img decoding=\"async\" class=\"alignnone wp-image-6250\" src=\"https:\/\/bodegasre.cl\/wp-content\/uploads\/2024\/04\/LACAV.png\" alt=\"\" width=\"100\" height=\"100\" srcset=\"https:\/\/bodegasre.cl\/wp-content\/uploads\/2024\/04\/LACAV.png 200w, https:\/\/bodegasre.cl\/wp-content\/uploads\/2024\/04\/LACAV-150x150.png 150w, https:\/\/bodegasre.cl\/wp-content\/uploads\/2024\/04\/LACAV-100x100.png 100w\" sizes=\"(max-width: 100px) 100vw, 100px\" \/> <img decoding=\"async\" class=\"alignnone wp-image-6251\" src=\"https:\/\/bodegasre.cl\/wp-content\/uploads\/2024\/05\/Descorchados-93.png\" alt=\"\" width=\"100\" height=\"100\"> <img decoding=\"async\" class=\"alignnone wp-image-6251\" src=\"https:\/\/bodegasre.cl\/wp-content\/uploads\/2024\/05\/catador.png\" alt=\"\" width=\"100\" height=\"100\"><\/p>\n","protected":false},"featured_media":9721,"template":"","meta":{"inline_featured_image":false},"product_brand":[],"product_cat":[74],"product_tag":[],"class_list":{"0":"post-9279","1":"product","2":"type-product","3":"status-publish","4":"has-post-thumbnail","6":"product_cat-vinhos","8":"first","9":"instock","10":"taxable","11":"shipping-taxable","12":"purchasable","13":"product-type-simple"},"_links":{"self":[{"href":"https:\/\/bodegasre.cl\/pt-br\/wp-json\/wp\/v2\/product\/9279","targetHints":{"allow":["GET"]}}],"collection":[{"href":"https:\/\/bodegasre.cl\/pt-br\/wp-json\/wp\/v2\/product"}],"about":[{"href":"https:\/\/bodegasre.cl\/pt-br\/wp-json\/wp\/v2\/types\/product"}],"wp:featuredmedia":[{"embeddable":true,"href":"https:\/\/bodegasre.cl\/pt-br\/wp-json\/wp\/v2\/media\/9721"}],"wp:attachment":[{"href":"https:\/\/bodegasre.cl\/pt-br\/wp-json\/wp\/v2\/media?parent=9279"}],"wp:term":[{"taxonomy":"product_brand","embeddable":true,"href":"https:\/\/bodegasre.cl\/pt-br\/wp-json\/wp\/v2\/product_brand?post=9279"},{"taxonomy":"product_cat","embeddable":true,"href":"https:\/\/bodegasre.cl\/pt-br\/wp-json\/wp\/v2\/product_cat?post=9279"},{"taxonomy":"product_tag","embeddable":true,"href":"https:\/\/bodegasre.cl\/pt-br\/wp-json\/wp\/v2\/product_tag?post=9279"}],"curies":[{"name":"wp","href":"https:\/\/api.w.org\/{rel}","templated":true}]}}