{"id":9283,"date":"2024-06-03T12:00:51","date_gmt":"2024-06-03T16:00:51","guid":{"rendered":"https:\/\/bodegasre.cl\/producto\/re-chardonnoir-2021\/"},"modified":"2025-03-10T16:12:54","modified_gmt":"2025-03-10T19:12:54","slug":"re-chardonnoir-2021","status":"publish","type":"product","link":"https:\/\/bodegasre.cl\/pt-br\/producto\/re-chardonnoir-2021\/","title":{"rendered":"RE Chardonnoir 2024"},"content":{"rendered":"<p>Vinho conceitual, \u00e9 um RE-viver, RE-inventar, RE-descobrir, desde o G\u00eanesis ancestral at\u00e9 o presente. Da terra profunda, magm\u00e1tica, quente e generosa, REnace como a nova V\u00eanus, de um s\u00e1bio jarro de barro. Chardonnoir: este \u00e9 um REvelar, uma mistura hist\u00f3rica das variedades de uvas Chardonnay e Pinot Noir, agora misturadas em perfeita harmonia. Sua cor \u00e9 madrep\u00e9rola perolada, sutil e elegante. Seus perfumes s\u00e3o florais e de frutas secas tostadas pelo ver\u00e3o. O paladar \u00e9 fresco, encorpado, muito longo e extremamente fino. Um REvolution que proporciona grande prazer. Beba entre 6 e 8 \u00b0C para acompanhar carnes brancas, frutos do mar, peixes e charcutaria.     <\/p>\n<p>Denomina\u00e7\u00e3o de origem: Casablanca<\/p>\n<p>Ano da an\u00e1lise: 2024<\/p>\n<p>Variedade: Chardonnay 70% &#8211; Pinot Noir 30%.<\/p>\n<p>\u00c1lcool: 12,5\u00b0.<\/p>\n<p>pH: 3,18<\/p>\n","protected":false},"excerpt":{"rendered":"<p>Vinho conceitual, \u00e9 um RE-viver, RE-inventar, RE-descobrir, desde o G\u00eanesis ancestral at\u00e9 o presente. Da terra profunda, magm\u00e1tica, quente e generosa, REnace como a nova V\u00eanus, de um s\u00e1bio jarro de barro.<\/p>\n<p>&nbsp;<\/p>\n","protected":false},"featured_media":10298,"template":"","meta":{"inline_featured_image":false},"product_brand":[],"product_cat":[74],"product_tag":[],"class_list":{"0":"post-9283","1":"product","2":"type-product","3":"status-publish","4":"has-post-thumbnail","6":"product_cat-vinhos","8":"first","9":"outofstock","10":"taxable","11":"shipping-taxable","12":"purchasable","13":"product-type-simple"},"_links":{"self":[{"href":"https:\/\/bodegasre.cl\/pt-br\/wp-json\/wp\/v2\/product\/9283","targetHints":{"allow":["GET"]}}],"collection":[{"href":"https:\/\/bodegasre.cl\/pt-br\/wp-json\/wp\/v2\/product"}],"about":[{"href":"https:\/\/bodegasre.cl\/pt-br\/wp-json\/wp\/v2\/types\/product"}],"wp:featuredmedia":[{"embeddable":true,"href":"https:\/\/bodegasre.cl\/pt-br\/wp-json\/wp\/v2\/media\/10298"}],"wp:attachment":[{"href":"https:\/\/bodegasre.cl\/pt-br\/wp-json\/wp\/v2\/media?parent=9283"}],"wp:term":[{"taxonomy":"product_brand","embeddable":true,"href":"https:\/\/bodegasre.cl\/pt-br\/wp-json\/wp\/v2\/product_brand?post=9283"},{"taxonomy":"product_cat","embeddable":true,"href":"https:\/\/bodegasre.cl\/pt-br\/wp-json\/wp\/v2\/product_cat?post=9283"},{"taxonomy":"product_tag","embeddable":true,"href":"https:\/\/bodegasre.cl\/pt-br\/wp-json\/wp\/v2\/product_tag?post=9283"}],"curies":[{"name":"wp","href":"https:\/\/api.w.org\/{rel}","templated":true}]}}