{"id":16724,"date":"2026-02-27T16:32:29","date_gmt":"2026-02-27T19:32:29","guid":{"rendered":"https:\/\/bodegasre.cl\/?page_id=16724"},"modified":"2026-03-12T11:01:15","modified_gmt":"2026-03-12T14:01:15","slug":"fam","status":"publish","type":"page","link":"https:\/\/bodegasre.cl\/zh-hant\/fam\/","title":{"rendered":"FAM"},"content":{"rendered":"\t\t<div data-elementor-type=\"wp-page\" data-elementor-id=\"16724\" class=\"elementor elementor-16724\" data-elementor-post-type=\"page\">\n\t\t\t\t<div class=\"elementor-element elementor-element-57780d26 e-con-full e-flex e-con e-parent\" data-id=\"57780d26\" data-element_type=\"container\" data-e-type=\"container\" data-settings=\"{&quot;background_background&quot;:&quot;classic&quot;}\">\n\t\t\t\t<div data-custom-animations=\"true\" data-ca-options=\"{&quot;addChildTimelines&quot;:false,&quot;trigger&quot;:&quot;firstChild&quot;,&quot;animationTarget&quot;:&quot;.lqd-split-chars .lqd-chars .split-inner, .lqd-adv-txt-fig&quot;,&quot;duration&quot;:500,&quot;delay&quot;:50,&quot;ease&quot;:[&quot;power4.out&quot;],&quot;initValues&quot;:{&quot;x&quot;:&quot;20px&quot;,&quot;rotationX&quot;:10,&quot;opacity&quot;:0,&quot;transformOrigin&quot;:&quot;50% 50% 0px&quot;},&quot;animations&quot;:{&quot;x&quot;:&quot;0px&quot;,&quot;rotationX&quot;:0,&quot;opacity&quot;:1,&quot;transformOrigin&quot;:&quot;50% 50% 0px&quot;}}\" class=\"elementor-element elementor-element-3df2b08 elementor-widget__width-inherit elementor-widget elementor-widget-hub_fancy_heading lqd-el-has-inner-anim\" data-id=\"3df2b08\" data-element_type=\"widget\" data-e-type=\"widget\" data-settings=\"{&quot;enable_split&quot;:&quot;true&quot;,&quot;split_type&quot;:&quot;chars, words&quot;}\" data-widget_type=\"hub_fancy_heading.default\">\n\t\t\t\t<div class=\"elementor-widget-container\">\n\t\t\t\t\t\n\t\t<div id=\"ld-fancy-heading-69e001f3488be\" class=\"ld-fancy-heading pos-rel\">\n\t\t\t<h6 class=\"ld-fh-element d-inline-block pos-rel  elementor-heading-title lqd-highlight-classic lqd-highlight-grow-left lqd-split-chars h6\"  data-split-text=\"true\" data-split-options='{\"type\":\"chars, words\"}'> Invitaci\u00f3n FAM<\/h6>\t\t<\/div>\n\n\t\t\t\t\t\t<\/div>\n\t\t\t\t<\/div>\n\t\t\t\t<div class=\"elementor-element elementor-element-4cf3ed0 elementor-widget elementor-widget-text-editor\" data-id=\"4cf3ed0\" data-element_type=\"widget\" data-e-type=\"widget\" data-widget_type=\"text-editor.default\">\n\t\t\t\t<div class=\"elementor-widget-container\">\n\t\t\t\t\t\t\t\t\t<p>Invitaci\u00f3n exclusiva para Tour Operadores y <br \/>Agentes de Viaje enfocados en el mercado brasile\u00f1o.<\/p>\t\t\t\t\t\t\t\t<\/div>\n\t\t\t\t<\/div>\n\t\t\t\t<\/div>\n\t\t<div class=\"elementor-element elementor-element-449a36b e-flex e-con-boxed e-con e-parent\" data-id=\"449a36b\" data-element_type=\"container\" data-e-type=\"container\">\n\t\t\t\t\t<div class=\"e-con-inner\">\n\t\t\t\t<div class=\"elementor-element elementor-element-ec60d7e elementor-widget elementor-widget-heading\" data-id=\"ec60d7e\" data-element_type=\"widget\" data-e-type=\"widget\" data-widget_type=\"heading.default\">\n\t\t\t\t<div class=\"elementor-widget-container\">\n\t\t\t\t\t<h2 class=\"elementor-heading-title elementor-size-default\">Un REencuentro en Casablanca<\/h2>\t\t\t\t<\/div>\n\t\t\t\t<\/div>\n\t\t\t\t<div class=\"elementor-element elementor-element-1564782 elementor-widget elementor-widget-text-editor\" data-id=\"1564782\" data-element_type=\"widget\" data-e-type=\"widget\" data-widget_type=\"text-editor.default\">\n\t\t\t\t<div class=\"elementor-widget-container\">\n\t\t\t\t\t\t\t\t\t<p>En Bodegas RE, el concepto de RE significa volver a las ra\u00edces, REinventar y REencontrarse. Por ello, en marzo abrimos nuestras puertas para una jornada de familiarizaci\u00f3n (FAM) exclusiva para ud&#8217;s.<\/p>\t\t\t\t\t\t\t\t<\/div>\n\t\t\t\t<\/div>\n\t\t\t\t\t<\/div>\n\t\t\t\t<\/div>\n\t\t<div class=\"elementor-element elementor-element-91270c5 e-flex e-con-boxed e-con e-parent\" data-id=\"91270c5\" data-element_type=\"container\" data-e-type=\"container\" data-settings=\"{&quot;background_background&quot;:&quot;classic&quot;}\">\n\t\t\t\t\t<div class=\"e-con-inner\">\n\t\t\t\t<div class=\"elementor-element elementor-element-d0117a9 elementor-widget elementor-widget-text-editor\" data-id=\"d0117a9\" data-element_type=\"widget\" data-e-type=\"widget\" data-widget_type=\"text-editor.default\">\n\t\t\t\t<div class=\"elementor-widget-container\">\n\t\t\t\t\t\t\t\t\t<h2><span style=\"font-family: 'times new roman', times, serif; color: #333333;\"><strong>\u00bfQu\u00e9 incluye tu visita?<\/strong><\/span><\/h2><p>Conocer nuestro concepto y servicios.<br \/>REcorrido por toda la bodega con <strong>copa RE Pinotel<\/strong>.<br \/>Degustaci\u00f3n de dos copas adicionales m\u00e1s una tabla de armonizaci\u00f3n en nuestra cava subterr\u00e1nea.<br \/>Presentaci\u00f3n de nuestro servicio con <strong>gu\u00edas en portugu\u00e9s<\/strong><\/p>\t\t\t\t\t\t\t\t<\/div>\n\t\t\t\t<\/div>\n\t\t\t\t\t<\/div>\n\t\t\t\t<\/div>\n\t\t<div class=\"elementor-element elementor-element-0733c66 e-grid e-con-boxed e-con e-parent\" data-id=\"0733c66\" data-element_type=\"container\" data-e-type=\"container\">\n\t\t\t\t\t<div class=\"e-con-inner\">\n\t\t\t\t<div class=\"elementor-element elementor-element-4079ddf elementor-widget elementor-widget-ld_content_box\" data-id=\"4079ddf\" data-element_type=\"widget\" data-e-type=\"widget\" data-widget_type=\"ld_content_box.default\">\n\t\t\t\t<div class=\"elementor-widget-container\">\n\t\t\t\t\t\n\t\t<div class=\"lqd-fb pos-rel lqd-fb-style-1 lqd-fb-style-1-1 lqd-fb-content-overlay lqd-fb-zoom-img-onhover border-radius-4 overflow-hidden h-pt-50\" data-inview=\"true\">\n\t\t\n\t\t\t<div class=\"lqd-fb-inner lqd-overlay\" data-slideelement-onhover=\"true\" data-slideelement-options='{ \"visibleElement\": \"h6, h2\", \"hiddenElement\": \".lqd-fb-txt\", \"disableOnMobile\": true }'>\n\n\t\t\t\t<div class=\"overflow-hidden lqd-fb-img lqd-overlay\">\n\n\t\t\t\t\t<figure class=\"w-100 h-100\">\n\t\t\t\t\t\t<img decoding=\"async\" class=\"w-100 h-100 objfit-cover objfit-center\" src=\"https:\/\/bodegasre.cl\/wp-content\/uploads\/2025\/08\/RE2.jpg\">\t\t\t\t\t<\/figure>\n\n\t\t\t\t<\/div>\n\n\t\t\t\t<div class=\"lqd-fb-content lqd-overlay d-flex align-items-end\">\n\t\t\t\t\t<div class=\"lqd-fb-bg lqd-overlay\"><\/div>\n\t\t\t\t\t<div\n\t\t\t\t\tclass=\"lqd-fb-content-inner pos-rel w-100\"\n\t\t\t\t\tdata-custom-animations=\"true\"\n\t\t\t\t\tdata-ca-options='{ \"triggerHandler\": \"inview\", \"animationTarget\": \"h6, h2, .lqd-fb-txt\", \"duration\": 1200, \"delay\": 120,  \"startDelay\": 250, \"initValues\": { \"y\": 30, \"opacity\": 0 }, \"animations\": { \"y\": 0, \"opacity\": 1 } }'>\n\n\t\t\t\t\t\t\n\t\t\t\t\t\t<h2 class=\"mt-0 mb-0 lqd-fb__title \">Historia<\/h2>\n\t\t\t\t\t\t\n\t\t\t\t\t\t\n\t\t\t\t\t<\/div>\n\t\t\t\t<\/div>\n\n\t\t\t<\/div>\n\n\t\t\t\t\t<\/div>\n\t\t\t\t\t\t<\/div>\n\t\t\t\t<\/div>\n\t\t\t\t<div class=\"elementor-element elementor-element-99c35f2 elementor-widget elementor-widget-ld_content_box\" data-id=\"99c35f2\" data-element_type=\"widget\" data-e-type=\"widget\" data-widget_type=\"ld_content_box.default\">\n\t\t\t\t<div class=\"elementor-widget-container\">\n\t\t\t\t\t\n\t\t<div class=\"lqd-fb pos-rel lqd-fb-style-1 lqd-fb-style-1-1 lqd-fb-content-overlay lqd-fb-zoom-img-onhover border-radius-4 overflow-hidden h-pt-50\" data-inview=\"true\">\n\t\t\n\t\t\t<div class=\"lqd-fb-inner lqd-overlay\" data-slideelement-onhover=\"true\" data-slideelement-options='{ \"visibleElement\": \"h6, h2\", \"hiddenElement\": \".lqd-fb-txt\", \"disableOnMobile\": true }'>\n\n\t\t\t\t<div class=\"overflow-hidden lqd-fb-img lqd-overlay\">\n\n\t\t\t\t\t<figure class=\"w-100 h-100\">\n\t\t\t\t\t\t<img decoding=\"async\" class=\"w-100 h-100 objfit-cover objfit-center\" src=\"https:\/\/bodegasre.cl\/wp-content\/uploads\/2025\/08\/desgustacion.jpg\">\t\t\t\t\t<\/figure>\n\n\t\t\t\t<\/div>\n\n\t\t\t\t<div class=\"lqd-fb-content lqd-overlay d-flex align-items-end\">\n\t\t\t\t\t<div class=\"lqd-fb-bg lqd-overlay\"><\/div>\n\t\t\t\t\t<div\n\t\t\t\t\tclass=\"lqd-fb-content-inner pos-rel w-100\"\n\t\t\t\t\tdata-custom-animations=\"true\"\n\t\t\t\t\tdata-ca-options='{ \"triggerHandler\": \"inview\", \"animationTarget\": \"h6, h2, .lqd-fb-txt\", \"duration\": 1200, \"delay\": 120,  \"startDelay\": 250, \"initValues\": { \"y\": 30, \"opacity\": 0 }, \"animations\": { \"y\": 0, \"opacity\": 1 } }'>\n\n\t\t\t\t\t\t\n\t\t\t\t\t\t<h2 class=\"mt-0 mb-0 lqd-fb__title \">Vinos RE<\/h2>\n\t\t\t\t\t\t\n\t\t\t\t\t\t\n\t\t\t\t\t<\/div>\n\t\t\t\t<\/div>\n\n\t\t\t<\/div>\n\n\t\t\t\t\t<\/div>\n\t\t\t\t\t\t<\/div>\n\t\t\t\t<\/div>\n\t\t\t\t<div class=\"elementor-element elementor-element-063e2ce elementor-widget elementor-widget-ld_content_box\" data-id=\"063e2ce\" data-element_type=\"widget\" data-e-type=\"widget\" data-widget_type=\"ld_content_box.default\">\n\t\t\t\t<div class=\"elementor-widget-container\">\n\t\t\t\t\t\n\t\t<div class=\"lqd-fb pos-rel lqd-fb-style-1 lqd-fb-style-1-1 lqd-fb-content-overlay lqd-fb-zoom-img-onhover border-radius-4 overflow-hidden h-pt-50\" data-inview=\"true\">\n\t\t\n\t\t\t<div class=\"lqd-fb-inner lqd-overlay\" data-slideelement-onhover=\"true\" data-slideelement-options='{ \"visibleElement\": \"h6, h2\", \"hiddenElement\": \".lqd-fb-txt\", \"disableOnMobile\": true }'>\n\n\t\t\t\t<div class=\"overflow-hidden lqd-fb-img lqd-overlay\">\n\n\t\t\t\t\t<figure class=\"w-100 h-100\">\n\t\t\t\t\t\t<img decoding=\"async\" class=\"w-100 h-100 objfit-cover objfit-center\" src=\"https:\/\/bodegasre.cl\/wp-content\/uploads\/2025\/08\/RE11.jpg\">\t\t\t\t\t<\/figure>\n\n\t\t\t\t<\/div>\n\n\t\t\t\t<div class=\"lqd-fb-content lqd-overlay d-flex align-items-end\">\n\t\t\t\t\t<div class=\"lqd-fb-bg lqd-overlay\"><\/div>\n\t\t\t\t\t<div\n\t\t\t\t\tclass=\"lqd-fb-content-inner pos-rel w-100\"\n\t\t\t\t\tdata-custom-animations=\"true\"\n\t\t\t\t\tdata-ca-options='{ \"triggerHandler\": \"inview\", \"animationTarget\": \"h6, h2, .lqd-fb-txt\", \"duration\": 1200, \"delay\": 120,  \"startDelay\": 250, \"initValues\": { \"y\": 30, \"opacity\": 0 }, \"animations\": { \"y\": 0, \"opacity\": 1 } }'>\n\n\t\t\t\t\t\t\n\t\t\t\t\t\t<h2 class=\"mt-0 mb-0 lqd-fb__title \">Enoturismo<\/h2>\n\t\t\t\t\t\t\n\t\t\t\t\t\t\n\t\t\t\t\t<\/div>\n\t\t\t\t<\/div>\n\n\t\t\t<\/div>\n\n\t\t\t\t\t<\/div>\n\t\t\t\t\t\t<\/div>\n\t\t\t\t<\/div>\n\t\t\t\t\t<\/div>\n\t\t\t\t<\/div>\n\t\t<div class=\"elementor-element elementor-element-9eecd5a e-flex e-con-boxed e-con e-parent\" data-id=\"9eecd5a\" data-element_type=\"container\" data-e-type=\"container\">\n\t\t\t\t\t<div class=\"e-con-inner\">\n\t\t\t\t<div class=\"elementor-element elementor-element-d71d700 elementor-widget elementor-widget-text-editor\" data-id=\"d71d700\" data-element_type=\"widget\" data-e-type=\"widget\" data-widget_type=\"text-editor.default\">\n\t\t\t\t<div class=\"elementor-widget-container\">\n\t\t\t\t\t\t\t\t\t<p>\ud83d\uddd3\ufe0f <br \/>\u00bfCU\u00c1NDO?\u00a0<br \/>Durante todo marzo | Lun a S\u00e1b | 12:30 a 16:30 hrs.<\/p>\t\t\t\t\t\t\t\t<\/div>\n\t\t\t\t<\/div>\n\t\t\t\t\t<\/div>\n\t\t\t\t<\/div>\n\t\t<div class=\"elementor-element elementor-element-00a8fdf e-flex e-con-boxed e-con e-parent\" data-id=\"00a8fdf\" data-element_type=\"container\" data-e-type=\"container\" data-settings=\"{&quot;background_background&quot;:&quot;classic&quot;}\">\n\t\t\t\t\t<div class=\"e-con-inner\">\n\t\t\t\t<div data-custom-animations=\"true\" data-ca-options=\"{&quot;addChildTimelines&quot;:false,&quot;trigger&quot;:&quot;firstChild&quot;,&quot;animationTarget&quot;:&quot;.lqd-split-chars .lqd-chars .split-inner, .lqd-adv-txt-fig&quot;,&quot;duration&quot;:200,&quot;delay&quot;:20,&quot;ease&quot;:&quot;circ.out&quot;,&quot;initValues&quot;:{&quot;x&quot;:&quot;-10px&quot;,&quot;y&quot;:&quot;30px&quot;,&quot;rotationX&quot;:10,&quot;opacity&quot;:0,&quot;transformOrigin&quot;:&quot;50% 50% 0px&quot;},&quot;animations&quot;:{&quot;x&quot;:&quot;0px&quot;,&quot;y&quot;:&quot;0px&quot;,&quot;rotationX&quot;:0,&quot;opacity&quot;:1,&quot;transformOrigin&quot;:&quot;50% 50% 0px&quot;}}\" class=\"elementor-element elementor-element-b118255 elementor-widget-mobile__width-inherit elementor-widget__width-initial elementor-widget elementor-widget-hub_fancy_heading lqd-el-has-inner-anim\" data-id=\"b118255\" data-element_type=\"widget\" data-e-type=\"widget\" data-settings=\"{&quot;enable_split&quot;:&quot;true&quot;,&quot;split_type&quot;:&quot;chars, words&quot;}\" data-widget_type=\"hub_fancy_heading.default\">\n\t\t\t\t<div class=\"elementor-widget-container\">\n\t\t\t\t\t\n\t\t<div id=\"ld-fancy-heading-69e001f35ed4e\" class=\"ld-fancy-heading pos-rel\">\n\t\t\t<h2 class=\"ld-fh-element d-inline-block pos-rel  elementor-heading-title lqd-highlight-classic lqd-highlight-grow-left lqd-split-chars h2\"  data-split-text=\"true\" data-split-options='{\"type\":\"chars, words\"}'> Formulario de REgistro<\/h2>\t\t<\/div>\n\n\t\t\t\t\t\t<\/div>\n\t\t\t\t<\/div>\n\t\t\t\t<div data-custom-animations=\"true\" data-ca-options=\"{&quot;addChildTimelines&quot;:false,&quot;trigger&quot;:&quot;firstChild&quot;,&quot;animationTarget&quot;:&quot;.lqd-split-chars .lqd-chars .split-inner, .lqd-adv-txt-fig&quot;,&quot;duration&quot;:200,&quot;delay&quot;:20,&quot;ease&quot;:&quot;circ.out&quot;,&quot;initValues&quot;:{&quot;x&quot;:&quot;-10px&quot;,&quot;y&quot;:&quot;30px&quot;,&quot;rotationX&quot;:10,&quot;opacity&quot;:0,&quot;transformOrigin&quot;:&quot;50% 50% 0px&quot;},&quot;animations&quot;:{&quot;x&quot;:&quot;0px&quot;,&quot;y&quot;:&quot;0px&quot;,&quot;rotationX&quot;:0,&quot;opacity&quot;:1,&quot;transformOrigin&quot;:&quot;50% 50% 0px&quot;}}\" class=\"elementor-element elementor-element-65918b0 elementor-widget-mobile__width-inherit elementor-widget__width-initial elementor-widget elementor-widget-hub_fancy_heading lqd-el-has-inner-anim\" data-id=\"65918b0\" data-element_type=\"widget\" data-e-type=\"widget\" data-settings=\"{&quot;enable_split&quot;:&quot;true&quot;,&quot;split_type&quot;:&quot;chars, words&quot;}\" data-widget_type=\"hub_fancy_heading.default\">\n\t\t\t\t<div class=\"elementor-widget-container\">\n\t\t\t\t\t\n\t\t<div id=\"ld-fancy-heading-69e001f35fec0\" class=\"ld-fancy-heading pos-rel\">\n\t\t\t<h6 class=\"ld-fh-element d-inline-block pos-rel  elementor-heading-title lqd-highlight-classic lqd-highlight-grow-left lqd-split-chars h6\"  data-split-text=\"true\" data-split-options='{\"type\":\"chars, words\"}'> Complete sus datos para coordinar su visita t\u00e9cnica (V\u00e1lido para usted y hasta 3 integrantes de tu equipo).<\/h6>\t\t<\/div>\n\n\t\t\t\t\t\t<\/div>\n\t\t\t\t<\/div>\n\t\t\t\t<div class=\"elementor-element elementor-element-259c9d9 elementor-button-align-center elementor-widget elementor-widget-form\" data-id=\"259c9d9\" data-element_type=\"widget\" data-e-type=\"widget\" data-settings=\"{&quot;step_next_label&quot;:&quot;Siguiente&quot;,&quot;step_previous_label&quot;:&quot;Anterior&quot;,&quot;button_width&quot;:&quot;100&quot;,&quot;step_type&quot;:&quot;number_text&quot;,&quot;step_icon_shape&quot;:&quot;circle&quot;}\" data-widget_type=\"form.default\">\n\t\t\t\t<div class=\"elementor-widget-container\">\n\t\t\t\t\t\t\t<form class=\"elementor-form\" method=\"post\" name=\"Nuevo formulario\" aria-label=\"Nuevo formulario\">\n\t\t\t<input type=\"hidden\" name=\"post_id\" value=\"16724\"\/>\n\t\t\t<input type=\"hidden\" name=\"form_id\" value=\"259c9d9\"\/>\n\t\t\t<input type=\"hidden\" name=\"referer_title\" value=\"FAM\" \/>\n\n\t\t\t\t\t\t\t<input type=\"hidden\" name=\"queried_id\" value=\"16724\"\/>\n\t\t\t\n\t\t\t<div class=\"elementor-form-fields-wrapper elementor-labels-above\">\n\t\t\t\t\t\t\t\t<div class=\"elementor-field-type-text elementor-field-group elementor-column elementor-field-group-name elementor-col-50 elementor-field-required\">\n\t\t\t\t\t\t\t\t\t\t\t\t<label for=\"form-field-name\" class=\"elementor-field-label\">\n\t\t\t\t\t\t\t\tNombre\t\t\t\t\t\t\t<\/label>\n\t\t\t\t\t\t\t\t\t\t\t\t\t\t<input size=\"1\" type=\"text\" name=\"form_fields[name]\" id=\"form-field-name\" class=\"elementor-field elementor-size-sm  elementor-field-textual\" placeholder=\"Nombre REpresentante\" required=\"required\">\n\t\t\t\t\t\t\t\t\t\t\t<\/div>\n\t\t\t\t\t\t\t\t<div class=\"elementor-field-type-text elementor-field-group elementor-column elementor-field-group-field_234bbc8 elementor-col-50\">\n\t\t\t\t\t\t\t\t\t\t\t\t<label for=\"form-field-field_234bbc8\" class=\"elementor-field-label\">\n\t\t\t\t\t\t\t\tNombre de Agencia\t\t\t\t\t\t\t<\/label>\n\t\t\t\t\t\t\t\t\t\t\t\t\t\t<input size=\"1\" type=\"text\" name=\"form_fields[field_234bbc8]\" id=\"form-field-field_234bbc8\" class=\"elementor-field elementor-size-sm  elementor-field-textual\" placeholder=\"Nombre de Agencia\">\n\t\t\t\t\t\t\t\t\t\t\t<\/div>\n\t\t\t\t\t\t\t\t<div class=\"elementor-field-type-textarea elementor-field-group elementor-column elementor-field-group-email elementor-col-100 elementor-field-required\">\n\t\t\t\t\t\t\t\t\t\t\t\t<label for=\"form-field-email\" class=\"elementor-field-label\">\n\t\t\t\t\t\t\t\tRaz\u00f3n Social\t\t\t\t\t\t\t<\/label>\n\t\t\t\t\t\t<textarea class=\"elementor-field-textual elementor-field  elementor-size-sm\" name=\"form_fields[email]\" id=\"form-field-email\" rows=\"1\" placeholder=\"Raz\u00f3n Social\" required=\"required\"><\/textarea>\t\t\t\t<\/div>\n\t\t\t\t\t\t\t\t<div class=\"elementor-field-type-tel elementor-field-group elementor-column elementor-field-group-field_dd03f97 elementor-col-50 elementor-field-required\">\n\t\t\t\t\t\t\t\t\t\t\t\t<label for=\"form-field-field_dd03f97\" class=\"elementor-field-label\">\n\t\t\t\t\t\t\t\tN\u00famero de contacto\t\t\t\t\t\t\t<\/label>\n\t\t\t\t\t\t\t\t<input size=\"1\" type=\"tel\" name=\"form_fields[field_dd03f97]\" id=\"form-field-field_dd03f97\" class=\"elementor-field elementor-size-sm  elementor-field-textual\" placeholder=\"+569\" required=\"required\" pattern=\"[0-9()#&amp;+*-=.]+\" title=\"Apenas n\u00fameros e caracteres de telefone (#, -, *, etc.) s\u00e3o aceitos.\">\n\n\t\t\t\t\t\t<\/div>\n\t\t\t\t\t\t\t\t<div class=\"elementor-field-type-email elementor-field-group elementor-column elementor-field-group-field_f065fce elementor-col-50 elementor-field-required\">\n\t\t\t\t\t\t\t\t\t\t\t\t<label for=\"form-field-field_f065fce\" class=\"elementor-field-label\">\n\t\t\t\t\t\t\t\tCorreo electr\u00f3nico\t\t\t\t\t\t\t<\/label>\n\t\t\t\t\t\t\t\t\t\t\t\t\t\t<input size=\"1\" type=\"email\" name=\"form_fields[field_f065fce]\" id=\"form-field-field_f065fce\" class=\"elementor-field elementor-size-sm  elementor-field-textual\" placeholder=\"Mail de contacto\" required=\"required\">\n\t\t\t\t\t\t\t\t\t\t\t<\/div>\n\t\t\t\t\t\t\t\t<div class=\"elementor-field-type-text elementor-field-group elementor-column elementor-field-group-field_51a67d9 elementor-col-100 elementor-field-required\">\n\t\t\t\t\t\t\t\t\t\t\t\t<label for=\"form-field-field_51a67d9\" class=\"elementor-field-label\">\n\t\t\t\t\t\t\t\tRUT Empresa\t\t\t\t\t\t\t<\/label>\n\t\t\t\t\t\t\t\t\t\t\t\t\t\t<input size=\"1\" type=\"text\" name=\"form_fields[field_51a67d9]\" id=\"form-field-field_51a67d9\" class=\"elementor-field elementor-size-sm  elementor-field-textual\" placeholder=\"00-000.000-0\" required=\"required\">\n\t\t\t\t\t\t\t\t\t\t\t<\/div>\n\t\t\t\t\t\t\t\t<div class=\"elementor-field-type-select elementor-field-group elementor-column elementor-field-group-field_b593d74 elementor-col-100 elementor-field-required\">\n\t\t\t\t\t\t\t\t\t\t\t\t<label for=\"form-field-field_b593d74\" class=\"elementor-field-label\">\n\t\t\t\t\t\t\t\tAcompa\u00f1antes\t\t\t\t\t\t\t<\/label>\n\t\t\t\t\t\t\t\t<div class=\"elementor-field elementor-select-wrapper remove-before \">\n\t\t\t<div class=\"select-caret-down-wrapper\">\n\t\t\t\t<svg aria-hidden=\"true\" class=\"e-font-icon-svg e-eicon-caret-down\" viewBox=\"0 0 571.4 571.4\" xmlns=\"http:\/\/www.w3.org\/2000\/svg\"><path d=\"M571 393Q571 407 561 418L311 668Q300 679 286 679T261 668L11 418Q0 407 0 393T11 368 36 357H536Q550 357 561 368T571 393Z\"><\/path><\/svg>\t\t\t<\/div>\n\t\t\t<select name=\"form_fields[field_b593d74]\" id=\"form-field-field_b593d74\" class=\"elementor-field-textual elementor-size-sm\" required=\"required\">\n\t\t\t\t\t\t\t\t\t<option value=\"1 Acompa\u00f1ante\">1 Acompa\u00f1ante<\/option>\n\t\t\t\t\t\t\t\t\t<option value=\"2 Acompa\u00f1antes\">2 Acompa\u00f1antes<\/option>\n\t\t\t\t\t\t\t\t\t<option value=\"3 Acompa\u00f1antes\">3 Acompa\u00f1antes<\/option>\n\t\t\t\t\t\t\t<\/select>\n\t\t<\/div>\n\t\t\t\t\t\t<\/div>\n\t\t\t\t\t\t\t\t<div class=\"elementor-field-type-date elementor-field-group elementor-column elementor-field-group-field_07636a4 elementor-col-100 elementor-field-required\">\n\t\t\t\t\t\t\t\t\t\t\t\t<label for=\"form-field-field_07636a4\" class=\"elementor-field-label\">\n\t\t\t\t\t\t\t\tFecha tentativa de visita\t\t\t\t\t\t\t<\/label>\n\t\t\t\t\t\t\n\t\t<input type=\"date\" name=\"form_fields[field_07636a4]\" id=\"form-field-field_07636a4\" class=\"elementor-field elementor-size-sm  elementor-field-textual elementor-date-field elementor-use-native\" required=\"required\" pattern=\"[0-9]{4}-[0-9]{2}-[0-9]{2}\" min=\"2026-03-02\" max=\"2026-03-31\">\n\t\t\t\t\t\t<\/div>\n\t\t\t\t\t\t\t\t<div class=\"elementor-field-group elementor-column elementor-field-type-submit elementor-col-100 e-form__buttons\">\n\t\t\t\t\t<button class=\"elementor-button elementor-size-sm\" type=\"submit\">\n\t\t\t\t\t\t<span class=\"elementor-button-content-wrapper\">\n\t\t\t\t\t\t\t\t\t\t\t\t\t\t\t\t\t\t\t\t\t\t<span class=\"elementor-button-text\">Enviar Solicitud de REserva<\/span>\n\t\t\t\t\t\t\t\t\t\t\t\t\t<\/span>\n\t\t\t\t\t<\/button>\n\t\t\t\t<\/div>\n\t\t\t<\/div>\n\t\t<\/form>\n\t\t\t\t\t\t<\/div>\n\t\t\t\t<\/div>\n\t\t\t\t\t<\/div>\n\t\t\t\t<\/div>\n\t\t<div class=\"elementor-element elementor-element-60c1485 e-flex e-con-boxed e-con e-parent\" data-id=\"60c1485\" data-element_type=\"container\" data-e-type=\"container\" data-settings=\"{&quot;background_background&quot;:&quot;classic&quot;}\">\n\t\t\t\t\t<div class=\"e-con-inner\">\n\t\t\t\t<div class=\"elementor-element elementor-element-5ae1913 elementor-widget elementor-widget-text-editor\" data-id=\"5ae1913\" data-element_type=\"widget\" data-e-type=\"widget\" data-widget_type=\"text-editor.default\">\n\t\t\t\t<div class=\"elementor-widget-container\">\n\t\t\t\t\t\t\t\t\t<p><span style=\"color: #333333;\">Datos de contacto \u00a0&#8211; Planifica tu REencuentro: <\/span><br \/><span style=\"color: #333333;\"><a style=\"color: #333333;\" href=\"mailto:contacto@bodegasre.cl\"><strong>contacto@bodegasre.cl<\/strong><\/a> | <a style=\"color: #333333;\" href=\"https:\/\/wa.me\/56993459114\"><strong>+56 9 9345 9114<\/strong><\/a><\/span><\/p>\t\t\t\t\t\t\t\t<\/div>\n\t\t\t\t<\/div>\n\t\t\t\t\t<\/div>\n\t\t\t\t<\/div>\n\t\t\t\t<\/div>\n\t\t","protected":false},"excerpt":{"rendered":"<p>Invitaci\u00f3n FAM Invitaci\u00f3n exclusiva para Tour Operadore [&hellip;]<\/p>\n","protected":false},"author":1,"featured_media":0,"parent":0,"menu_order":0,"comment_status":"closed","ping_status":"closed","template":"","meta":{"inline_featured_image":false,"footnotes":""},"class_list":["post-16724","page","type-page","status-publish","hentry"],"_links":{"self":[{"href":"https:\/\/bodegasre.cl\/zh-hant\/wp-json\/wp\/v2\/pages\/16724","targetHints":{"allow":["GET"]}}],"collection":[{"href":"https:\/\/bodegasre.cl\/zh-hant\/wp-json\/wp\/v2\/pages"}],"about":[{"href":"https:\/\/bodegasre.cl\/zh-hant\/wp-json\/wp\/v2\/types\/page"}],"author":[{"embeddable":true,"href":"https:\/\/bodegasre.cl\/zh-hant\/wp-json\/wp\/v2\/users\/1"}],"replies":[{"embeddable":true,"href":"https:\/\/bodegasre.cl\/zh-hant\/wp-json\/wp\/v2\/comments?post=16724"}],"version-history":[{"count":16,"href":"https:\/\/bodegasre.cl\/zh-hant\/wp-json\/wp\/v2\/pages\/16724\/revisions"}],"predecessor-version":[{"id":16897,"href":"https:\/\/bodegasre.cl\/zh-hant\/wp-json\/wp\/v2\/pages\/16724\/revisions\/16897"}],"wp:attachment":[{"href":"https:\/\/bodegasre.cl\/zh-hant\/wp-json\/wp\/v2\/media?parent=16724"}],"curies":[{"name":"wp","href":"https:\/\/api.w.org\/{rel}","templated":true}]}}