{"id":9374,"date":"2024-06-11T20:28:31","date_gmt":"2024-06-12T00:28:31","guid":{"rendered":"https:\/\/bodegasre.cl\/re-chardonnoir-red\/"},"modified":"2025-03-10T16:13:38","modified_gmt":"2025-03-10T19:13:38","slug":"re-chardonnoir-red","status":"publish","type":"page","link":"https:\/\/bodegasre.cl\/zh-hant\/re-chardonnoir-red\/","title":{"rendered":"Re Chardonnoir Red"},"content":{"rendered":"\t\t<div data-elementor-type=\"wp-page\" data-elementor-id=\"9374\" class=\"elementor elementor-9374 elementor-7245\" data-elementor-post-type=\"page\">\n\t\t\t\t<div class=\"elementor-element elementor-element-c52cd81 e-con-full e-flex e-con e-parent\" data-id=\"c52cd81\" data-element_type=\"container\" data-e-type=\"container\" data-settings=\"{&quot;background_background&quot;:&quot;classic&quot;}\">\n\t\t\t\t<\/div>\n\t\t<div class=\"elementor-element elementor-element-5eedcf7 e-flex e-con-boxed e-con e-parent\" data-id=\"5eedcf7\" data-element_type=\"container\" data-e-type=\"container\">\n\t\t\t\t\t<div class=\"e-con-inner\">\n\t\t<div class=\"elementor-element elementor-element-05dd42f e-con-full e-flex e-con e-child\" data-id=\"05dd42f\" data-element_type=\"container\" data-e-type=\"container\">\n\t\t\t\t<div class=\"elementor-element elementor-element-ea4a596 elementor-widget elementor-widget-ld_fancy_image\" data-id=\"ea4a596\" data-element_type=\"widget\" data-e-type=\"widget\" data-widget_type=\"ld_fancy_image.default\">\n\t\t\t\t<div class=\"elementor-widget-container\">\n\t\t\t\t\t\n\t\t<div class=\"lqd-imggrp-single d-block pos-rel \">\n\t\t\t<div class=\"lqd-imggrp-img-container d-inline-flex pos-rel align-items-center justify-content-center \">\n\t\t\t\t\t\t\t\t<figure class=\"w-100 pos-rel\">\n\t\t\t\t\t<img fetchpriority=\"high\" decoding=\"async\" width=\"555\" height=\"1024\" src=\"data:image\/svg+xml;charset=utf-8,%3Csvg xmlns%3D&#039;http%3A%2F%2Fwww.w3.org%2F2000%2Fsvg&#039; viewBox%3D&#039;0 0 555 1024&#039;%2F%3E\" class=\"attachment-full size-full wp-image-7113 ld-lazyload\" alt=\"\" itemprop=\"image\" data-src=\"https:\/\/bodegasre.cl\/wp-content\/uploads\/2024\/06\/vino-chardonnoir-tinto-re.png\" data-srcset=\"https:\/\/bodegasre.cl\/wp-content\/uploads\/2024\/06\/vino-chardonnoir-tinto-re.png 555w, https:\/\/bodegasre.cl\/wp-content\/uploads\/2024\/06\/vino-chardonnoir-tinto-re-163x300.png 163w, https:\/\/bodegasre.cl\/wp-content\/uploads\/2024\/06\/vino-chardonnoir-tinto-re-300x553.png 300w\" data-sizes=\"(max-width: 555px) 100vw, 555px\" data-aspect=\"0.5419921875\" \/>\t\t\t\t\t\t\t\t\t\t\t\t\t\t\t\t\t\t\t\t\t\t\t\t\t\t\t\t\t<\/figure>\n\t\t\t<\/div>\n\t\t<\/div>\n\n\t\t\t\t\t<\/div>\n\t\t\t\t<\/div>\n\t\t\t\t<\/div>\n\t\t<div class=\"elementor-element elementor-element-22fd199 e-flex e-con-boxed e-con e-child\" data-id=\"22fd199\" data-element_type=\"container\" data-e-type=\"container\">\n\t\t\t\t\t<div class=\"e-con-inner\">\n\t\t\t\t<div class=\"elementor-element elementor-element-208321d elementor-widget elementor-widget-heading\" data-id=\"208321d\" data-element_type=\"widget\" data-e-type=\"widget\" data-widget_type=\"heading.default\">\n\t\t\t\t<div class=\"elementor-widget-container\">\n\t\t\t\t\t<h2 class=\"elementor-heading-title elementor-size-default\">RE \u971e\u591a\u9e97\u7d05\u8461\u8404\u9152<\/h2>\t\t\t\t<\/div>\n\t\t\t\t<\/div>\n\t\t\t\t<div class=\"elementor-element elementor-element-a19fe0c elementor-widget elementor-widget-heading\" data-id=\"a19fe0c\" data-element_type=\"widget\" data-e-type=\"widget\" data-widget_type=\"heading.default\">\n\t\t\t\t<div class=\"elementor-widget-container\">\n\t\t\t\t\t<h6 class=\"elementor-heading-title elementor-size-default\">2021<\/h6>\t\t\t\t<\/div>\n\t\t\t\t<\/div>\n\t\t\t\t<div class=\"elementor-element elementor-element-549eb2a elementor-widget elementor-widget-hub_fancy_heading\" data-id=\"549eb2a\" data-element_type=\"widget\" data-e-type=\"widget\" data-widget_type=\"hub_fancy_heading.default\">\n\t\t\t\t<div class=\"elementor-widget-container\">\n\t\t\t\t\t\n\t\t<div id=\"ld-fancy-heading-69e022a412d8a\" class=\"ld-fancy-heading pos-rel\">\n\t\t\t<h2 class=\"ld-fh-element d-inline-block pos-rel  elementor-heading-title lqd-highlight-classic lqd-highlight-grow-left h2\"  > \n\u6982\u5ff5\u8461\u8404\u9152\uff0c\u5b83\u662f\u4e00\u7a2e\u5f9e\u7956\u5148\u8d77\u6e90\u5230\u73fe\u5728\u7684\u91cd\u65b0\u751f\u6d3b\u3001\u91cd\u65b0\u767c\u660e\u3001\u91cd\u65b0\u767c\u73fe\u3002\u5979\u5f9e\u6df1\u9083\u3001\u5ca9\u6f3f\u3001\u6eab\u6696\u800c\u6177\u6168\u7684\u5927\u5730\u4e2d\uff0c\u5f9e\u4e00\u500b\u777f\u667a\u7684\u9676\u7f50\u4e2d\u91cd\u751f\u70ba\u65b0\u7684\u7dad\u7d0d\u65af\u3002RE Chardonnoir \u2013 Chardonnav \u52a0\u9ed1\u76ae\u8afe\uff0c\u88ab\u8a8d\u70ba\u662f\u971e\u591a\u9e97\u7684\u4e00\u7a2e\u8868\u9054\uff0c\u5177\u6709\u66f4\u5927\u7684\u7d50\u69cb\u548c\u512a\u96c5\uff0c\u4f8b\u5982\u9999\u6ab3\u9152\uff0c\u4ee5\u7d05\u8461\u8404\u9152\u7248\u672c\u91cd\u65b0\u5275\u9020\u3002  <\/h2>\t\t<\/div>\n\n\t\t\t\t\t\t<\/div>\n\t\t\t\t<\/div>\n\t\t\t\t<div class=\"elementor-element elementor-element-17e9b25 elementor-widget elementor-widget-heading\" data-id=\"17e9b25\" data-element_type=\"widget\" data-e-type=\"widget\" data-widget_type=\"heading.default\">\n\t\t\t\t<div class=\"elementor-widget-container\">\n\t\t\t\t\t<h2 class=\"elementor-heading-title elementor-size-default\">\u539f\u7522\u5730\u540d\u7a31\uff1a\u5361\u85a9\u5e03\u862d\u5361\u3002<\/h2>\t\t\t\t<\/div>\n\t\t\t\t<\/div>\n\t\t\t\t<div class=\"elementor-element elementor-element-16db3b1 elementor-widget elementor-widget-heading\" data-id=\"16db3b1\" data-element_type=\"widget\" data-e-type=\"widget\" data-widget_type=\"heading.default\">\n\t\t\t\t<div class=\"elementor-widget-container\">\n\t\t\t\t\t<h2 class=\"elementor-heading-title elementor-size-default\">\u8a8d\u8b58\uff1a  <\/h2>\t\t\t\t<\/div>\n\t\t\t\t<\/div>\n\t\t<div class=\"elementor-element elementor-element-d463213 e-con-full e-flex e-con e-child\" data-id=\"d463213\" data-element_type=\"container\" data-e-type=\"container\">\n\t\t\t\t<div class=\"elementor-element elementor-element-9ff05a2 elementor-widget__width-initial elementor-widget elementor-widget-image\" data-id=\"9ff05a2\" data-element_type=\"widget\" data-e-type=\"widget\" data-widget_type=\"image.default\">\n\t\t\t\t<div class=\"elementor-widget-container\">\n\t\t\t\t\t\t\t\t\t\t\t\t\t\t\t<img decoding=\"async\" width=\"200\" height=\"200\" src=\"https:\/\/bodegasre.cl\/wp-content\/uploads\/2024\/04\/LACAV.png\" class=\"attachment-large size-large wp-image-8434\" alt=\"\" srcset=\"https:\/\/bodegasre.cl\/wp-content\/uploads\/2024\/04\/LACAV.png 200w, https:\/\/bodegasre.cl\/wp-content\/uploads\/2024\/04\/LACAV-150x150.png 150w\" sizes=\"(max-width: 200px) 100vw, 200px\" \/>\t\t\t\t\t\t\t\t\t\t\t\t\t\t\t<\/div>\n\t\t\t\t<\/div>\n\t\t\t\t<div class=\"elementor-element elementor-element-334a2af elementor-widget__width-initial elementor-widget elementor-widget-image\" data-id=\"334a2af\" data-element_type=\"widget\" data-e-type=\"widget\" data-widget_type=\"image.default\">\n\t\t\t\t<div class=\"elementor-widget-container\">\n\t\t\t\t\t\t\t\t\t\t\t\t\t\t\t<img decoding=\"async\" width=\"200\" height=\"200\" src=\"data:image\/svg+xml;charset=utf-8,%3Csvg xmlns%3D&#039;http%3A%2F%2Fwww.w3.org%2F2000%2Fsvg&#039; viewBox%3D&#039;0 0 200 200&#039;%2F%3E\" class=\"attachment-large size-large wp-image-8626 ld-lazyload\" alt=\"\" data-src=\"https:\/\/bodegasre.cl\/wp-content\/uploads\/2024\/06\/DESCORCHADO-92.png\" data-srcset=\"https:\/\/bodegasre.cl\/wp-content\/uploads\/2024\/06\/DESCORCHADO-92.png 200w, https:\/\/bodegasre.cl\/wp-content\/uploads\/2024\/06\/DESCORCHADO-92-150x150.png 150w\" data-sizes=\"(max-width: 200px) 100vw, 200px\" data-aspect=\"1\" \/>\t\t\t\t\t\t\t\t\t\t\t\t\t\t\t<\/div>\n\t\t\t\t<\/div>\n\t\t\t\t<div class=\"elementor-element elementor-element-f376cab elementor-widget__width-initial elementor-widget elementor-widget-image\" data-id=\"f376cab\" data-element_type=\"widget\" data-e-type=\"widget\" data-widget_type=\"image.default\">\n\t\t\t\t<div class=\"elementor-widget-container\">\n\t\t\t\t\t\t\t\t\t\t\t\t\t\t\t<img loading=\"lazy\" decoding=\"async\" width=\"200\" height=\"200\" src=\"data:image\/svg+xml;charset=utf-8,%3Csvg xmlns%3D&#039;http%3A%2F%2Fwww.w3.org%2F2000%2Fsvg&#039; viewBox%3D&#039;0 0 200 200&#039;%2F%3E\" class=\"attachment-large size-large wp-image-8620 ld-lazyload\" alt=\"\" data-src=\"https:\/\/bodegasre.cl\/wp-content\/uploads\/2024\/06\/tim-91.png\" data-srcset=\"https:\/\/bodegasre.cl\/wp-content\/uploads\/2024\/06\/tim-91.png 200w, https:\/\/bodegasre.cl\/wp-content\/uploads\/2024\/06\/tim-91-150x150.png 150w\" data-sizes=\"(max-width: 200px) 100vw, 200px\" data-aspect=\"1\" \/>\t\t\t\t\t\t\t\t\t\t\t\t\t\t\t<\/div>\n\t\t\t\t<\/div>\n\t\t\t\t<div class=\"elementor-element elementor-element-3086e9d elementor-widget__width-initial elementor-widget elementor-widget-image\" data-id=\"3086e9d\" data-element_type=\"widget\" data-e-type=\"widget\" data-widget_type=\"image.default\">\n\t\t\t\t<div class=\"elementor-widget-container\">\n\t\t\t\t\t\t\t\t\t\t\t\t\t\t\t<img loading=\"lazy\" decoding=\"async\" width=\"200\" height=\"200\" src=\"data:image\/svg+xml;charset=utf-8,%3Csvg xmlns%3D&#039;http%3A%2F%2Fwww.w3.org%2F2000%2Fsvg&#039; viewBox%3D&#039;0 0 200 200&#039;%2F%3E\" class=\"attachment-large size-large wp-image-8599 ld-lazyload\" alt=\"\" data-src=\"https:\/\/bodegasre.cl\/wp-content\/uploads\/2024\/05\/catador.png\" data-srcset=\"https:\/\/bodegasre.cl\/wp-content\/uploads\/2024\/05\/catador.png 200w, https:\/\/bodegasre.cl\/wp-content\/uploads\/2024\/05\/catador-150x150.png 150w\" data-sizes=\"(max-width: 200px) 100vw, 200px\" data-aspect=\"1\" \/>\t\t\t\t\t\t\t\t\t\t\t\t\t\t\t<\/div>\n\t\t\t\t<\/div>\n\t\t\t\t<\/div>\n\t\t\t\t<div class=\"elementor-element elementor-element-7387c46 elementor-icon-list--layout-traditional elementor-list-item-link-full_width elementor-widget elementor-widget-icon-list\" data-id=\"7387c46\" data-element_type=\"widget\" data-e-type=\"widget\" data-widget_type=\"icon-list.default\">\n\t\t\t\t<div class=\"elementor-widget-container\">\n\t\t\t\t\t\t\t<ul class=\"elementor-icon-list-items\">\n\t\t\t\t\t\t\t<li class=\"elementor-icon-list-item\">\n\t\t\t\t\t\t\t\t\t\t\t<a href=\"https:\/\/bodegasre.cl\/wp-content\/uploads\/2024\/05\/vino-chardonnoir-tinto-FT.pdf\" target=\"_blank\">\n\n\t\t\t\t\t\t\t\t\t\t\t\t<span class=\"elementor-icon-list-icon\">\n\t\t\t\t\t\t\t<svg aria-hidden=\"true\" class=\"e-font-icon-svg e-fas-download\" viewBox=\"0 0 512 512\" xmlns=\"http:\/\/www.w3.org\/2000\/svg\"><path d=\"M216 0h80c13.3 0 24 10.7 24 24v168h87.7c17.8 0 26.7 21.5 14.1 34.1L269.7 378.3c-7.5 7.5-19.8 7.5-27.3 0L90.1 226.1c-12.6-12.6-3.7-34.1 14.1-34.1H192V24c0-13.3 10.7-24 24-24zm296 376v112c0 13.3-10.7 24-24 24H24c-13.3 0-24-10.7-24-24V376c0-13.3 10.7-24 24-24h146.7l49 49c20.1 20.1 52.5 20.1 72.6 0l49-49H488c13.3 0 24 10.7 24 24zm-124 88c0-11-9-20-20-20s-20 9-20 20 9 20 20 20 20-9 20-20zm64 0c0-11-9-20-20-20s-20 9-20 20 9 20 20 20 20-9 20-20z\"><\/path><\/svg>\t\t\t\t\t\t<\/span>\n\t\t\t\t\t\t\t\t\t\t<span class=\"elementor-icon-list-text\">\u8868<\/span>\n\t\t\t\t\t\t\t\t\t\t\t<\/a>\n\t\t\t\t\t\t\t\t\t<\/li>\n\t\t\t\t\t\t\t\t<li class=\"elementor-icon-list-item\">\n\t\t\t\t\t\t\t\t\t\t\t<a href=\"https:\/\/bodegasre.cl\/wp-content\/uploads\/2024\/06\/vino-chardonnoir-tinto-re.png\">\n\n\t\t\t\t\t\t\t\t\t\t\t\t<span class=\"elementor-icon-list-icon\">\n\t\t\t\t\t\t\t<svg aria-hidden=\"true\" class=\"e-font-icon-svg e-fas-download\" viewBox=\"0 0 512 512\" xmlns=\"http:\/\/www.w3.org\/2000\/svg\"><path d=\"M216 0h80c13.3 0 24 10.7 24 24v168h87.7c17.8 0 26.7 21.5 14.1 34.1L269.7 378.3c-7.5 7.5-19.8 7.5-27.3 0L90.1 226.1c-12.6-12.6-3.7-34.1 14.1-34.1H192V24c0-13.3 10.7-24 24-24zm296 376v112c0 13.3-10.7 24-24 24H24c-13.3 0-24-10.7-24-24V376c0-13.3 10.7-24 24-24h146.7l49 49c20.1 20.1 52.5 20.1 72.6 0l49-49H488c13.3 0 24 10.7 24 24zm-124 88c0-11-9-20-20-20s-20 9-20 20 9 20 20 20 20-9 20-20zm64 0c0-11-9-20-20-20s-20 9-20 20 9 20 20 20 20-9 20-20z\"><\/path><\/svg>\t\t\t\t\t\t<\/span>\n\t\t\t\t\t\t\t\t\t\t<span class=\"elementor-icon-list-text\">\u74f6\u5b50\u5716\u50cf<\/span>\n\t\t\t\t\t\t\t\t\t\t\t<\/a>\n\t\t\t\t\t\t\t\t\t<\/li>\n\t\t\t\t\t\t<\/ul>\n\t\t\t\t\t\t<\/div>\n\t\t\t\t<\/div>\n\t\t<div class=\"elementor-element elementor-element-ad491d1 e-flex e-con-boxed e-con e-child\" data-id=\"ad491d1\" data-element_type=\"container\" data-e-type=\"container\">\n\t\t\t\t\t<div class=\"e-con-inner\">\n\t\t<div class=\"elementor-element elementor-element-ee936e6 e-con-full e-flex e-con e-child\" data-id=\"ee936e6\" data-element_type=\"container\" data-e-type=\"container\">\n\t\t\t\t<div class=\"elementor-element elementor-element-ae6a77d elementor-widget elementor-widget-hub_fancy_heading\" data-id=\"ae6a77d\" data-element_type=\"widget\" data-e-type=\"widget\" data-widget_type=\"hub_fancy_heading.default\">\n\t\t\t\t<div class=\"elementor-widget-container\">\n\t\t\t\t\t\n\t\t<div id=\"ld-fancy-heading-69e022a4140c8\" class=\"ld-fancy-heading pos-rel\">\n\t\t\t<h2 class=\"ld-fh-element d-inline-block pos-rel  elementor-heading-title lqd-highlight-classic lqd-highlight-grow-left h2\"  > \u5171\u7528<\/h2>\t\t<\/div>\n\n\t\t\t\t\t\t<\/div>\n\t\t\t\t<\/div>\n\t\t\t\t<\/div>\n\t\t<div class=\"elementor-element elementor-element-f7fbdd6 e-flex e-con-boxed e-con e-child\" data-id=\"f7fbdd6\" data-element_type=\"container\" data-e-type=\"container\">\n\t\t\t\t\t<div class=\"e-con-inner\">\n\t\t\t\t<div class=\"elementor-element elementor-element-18cb21f elementor-widget elementor-widget-ld_woo_product_sharing\" data-id=\"18cb21f\" data-element_type=\"widget\" data-e-type=\"widget\" data-widget_type=\"ld_woo_product_sharing.default\">\n\t\t\t\t<div class=\"elementor-widget-container\">\n\t\t\t\t\t\n\t\t<div class=\"product product-layout-component lqd-product-sharing\">\n\t\t\t<ul class=\"social-icon scheme-dark reset-ul inline-ul\">\n\t<li class=\"me-3\"><a rel=\"nofollow\" href=\"https:\/\/www.facebook.com\/sharer\/sharer.php?u=https%3A%2F%2Fbodegasre.cl%2Fzh-hant%2Fre-chardonnoir-red%2F&#038;t=Re+Chardonnoir+Red\"><svg xmlns=\"http:\/\/www.w3.org\/2000\/svg\" viewBox=\"0 0 320 512\" style=\"width: 1em; height: 1em;\"><path fill=\"currentColor\" d=\"M279.14 288l14.22-92.66h-88.91v-60.13c0-25.35 12.42-50.06 52.24-50.06h40.42V6.26S260.43 0 225.36 0c-73.22 0-121.08 44.38-121.08 124.72v70.62H22.89V288h81.39v224h100.17V288z\"\/><\/svg><\/a><\/li>\n\t<li class=\"me-3\"><a rel=\"nofollow\" href=\"https:\/\/twitter.com\/intent\/tweet?text=Re+Chardonnoir+Red&#038;url=https%3A%2F%2Fbodegasre.cl%2Fzh-hant%2Fre-chardonnoir-red%2F\"><svg xmlns=\"http:\/\/www.w3.org\/2000\/svg\" viewBox=\"0 0 24 24\" style=\"width: 1em; height: 1em;\"><path d=\"M8 2H1L9.26086 13.0145L1.44995 21.9999H4.09998L10.4883 14.651L16 22H23L14.3917 10.5223L21.8001 2H19.1501L13.1643 8.88578L8 2ZM17 20L5 4H7L19 20H17Z\"><\/path><\/svg><\/a><\/li>\n\t<li><a rel=\"nofollow\" href=\"https:\/\/pinterest.com\/pin\/create\/button\/?url=https%3A%2F%2Fbodegasre.cl%2Fzh-hant%2Fre-chardonnoir-red%2F&#038;media=&#038;description=Re+Chardonnoir+Red\"><svg xmlns=\"http:\/\/www.w3.org\/2000\/svg\" viewBox=\"0 0 384 512\" style=\"width: 1em; height: 1em;\"><path fill=\"currentColor\" d=\"M204 6.5C101.4 6.5 0 74.9 0 185.6 0 256 39.6 296 63.6 296c9.9 0 15.6-27.6 15.6-35.4 0-9.3-23.7-29.1-23.7-67.8 0-80.4 61.2-137.4 140.4-137.4 68.1 0 118.5 38.7 118.5 109.8 0 53.1-21.3 152.7-90.3 152.7-24.9 0-46.2-18-46.2-43.8 0-37.8 26.4-74.4 26.4-113.4 0-66.2-93.9-54.2-93.9 25.8 0 16.8 2.1 35.4 9.6 50.7-13.8 59.4-42 147.9-42 209.1 0 18.9 2.7 37.5 4.5 56.4 3.4 3.8 1.7 3.4 6.9 1.5 50.4-69 48.6-82.5 71.4-172.8 12.3 23.4 44.1 36 69.3 36 106.2 0 153.9-103.5 153.9-196.8C384 71.3 298.2 6.5 204 6.5z\"\/><\/svg><\/a><\/li>\n<\/ul>\n\t\t<\/div>\n\n\t\t\t\t\t\t<\/div>\n\t\t\t\t<\/div>\n\t\t\t\t\t<\/div>\n\t\t\t\t<\/div>\n\t\t\t\t\t<\/div>\n\t\t\t\t<\/div>\n\t\t\t\t\t<\/div>\n\t\t\t\t<\/div>\n\t\t\t\t\t<\/div>\n\t\t\t\t<\/div>\n\t\t<div class=\"elementor-element elementor-element-73831c5 e-flex e-con-boxed e-con e-parent\" data-id=\"73831c5\" data-element_type=\"container\" data-e-type=\"container\">\n\t\t\t\t\t<div class=\"e-con-inner\">\n\t\t\t\t<div class=\"elementor-element elementor-element-ddde095 elementor-widget elementor-widget-ld_tabs\" data-id=\"ddde095\" data-element_type=\"widget\" data-e-type=\"widget\" data-widget_type=\"ld_tabs.default\">\n\t\t\t\t<div class=\"elementor-widget-container\">\n\t\t\t\t\t\t\t<div class=\"lqd-tabs lqd-tabs-style-1 lqd-tabs-nav-iconbox d-flex lqd-tabs-nav-items-not-expanded flex-column ddde095 lqd-nav-underline-\" data-tabs-options=\"{&quot;trigger&quot;:&quot;click&quot;}\">\n\n\t\t\t<nav class=\"lqd-tabs-nav-wrap\">\n\t\t\t\t<ul class=\"reset-ul lqd-tabs-nav d-flex align-items-center justify-content-between flex-wrap pos-rel\" role=\"tablist\"><li data-controls=\"lqd-tab-2321\" role=\"presentation\" class=\"elementor-repeater-item-39e9652 active mb-5\"><a class=\"d-block\" href=\"#lqd-tab-2321\" data-bs-target=\"#lqd-tab-2321\" aria-expanded=\"false\" aria-controls=\"lqd-tab-2321\" role=\"tab\" data-toggle=\"tab\" data-bs-toggle=\"tab\"><span class=\"lqd-tabs-nav-icon d-flex flex-wrap\"><span class=\"lqd-tabs-nav-content d-block\"><span class=\"d-block h3 mt-0 mb-3\">Notas de cata y elaboraci\u00f3n<\/span><\/span><\/span><\/a><\/li><li data-controls=\"lqd-tab-2322\" role=\"presentation\" class=\"elementor-repeater-item-701ceaa mb-5\"><a class=\"d-block\" href=\"#lqd-tab-2322\" data-bs-target=\"#lqd-tab-2322\" aria-expanded=\"false\" aria-controls=\"lqd-tab-2322\" role=\"tab\" data-toggle=\"tab\" data-bs-toggle=\"tab\"><span class=\"lqd-tabs-nav-icon d-flex flex-wrap\"><span class=\"lqd-tabs-nav-content d-block\"><span class=\"d-block h3 mt-0 mb-3\">Vi\u00f1edos de origen<\/span><\/span><\/span><\/a><\/li><li data-controls=\"lqd-tab-2323\" role=\"presentation\" class=\"elementor-repeater-item-0a5c0c8 mb-5\"><a class=\"d-block\" href=\"#lqd-tab-2323\" data-bs-target=\"#lqd-tab-2323\" aria-expanded=\"false\" aria-controls=\"lqd-tab-2323\" role=\"tab\" data-toggle=\"tab\" data-bs-toggle=\"tab\"><span class=\"lqd-tabs-nav-icon d-flex flex-wrap\"><span class=\"lqd-tabs-nav-content d-block\"><span class=\"d-block h3 mt-0 mb-3\">An\u00e1lisis<\/span><\/span><\/span><\/a><\/li><\/ul>\t\t\t\t\t\t\t<\/nav>\n\n\t\t\t<div class=\"lqd-tabs-content pos-rel\"><div id=\"lqd-tab-2321\" role=\"tabpanel\" class=\"lqd-tabs-pane fade active in\">RE Chardonnoir tinto. Chardonnay m\u00e1s Pinot Noir concebido como una expresi\u00f3n de Chardonnay de mayor estructura y elegancia, como son los vinos Champagne, se REcrea en versi\u00f3n fue vino tinto. \u00bfPor qu\u00e9 REinventar lo tradicional? Por lograr Chardonnoir, un vino tinto que nace de la cofermentaci\u00f3n de las mismas variedades en tinajas de concreto. Sus aromas Recuerdan frescas frutas rojas. De paso en boca audaz, fresco y ligero, provoca una alegr\u00eda que llama por m\u00e1s y m\u00e1s. REluce con las gastronom\u00eda peruana y REalza las carnes magras de la parrilla. Recuerdo de alegres atardeceres perfumados a machas y ostiones parmesanos. Vino que REvive la puesta de sol. Temperatura optima de servicio RE frezado de 20 a 12oC <\/div><div id=\"lqd-tab-2322\" role=\"tabpanel\" class=\"lqd-tabs-pane fade\">El Vi\u00f1edo de RE, es la Vi\u00f1a Roja de Santa Elena de Loncomilla, enclavado en los lomajes de la Cordillera de la Costa Maulina, plantado el a\u00f1o 1950, en condici\u00f3n de secano. Esto implica un equilibrio perfecto entre la pluviometr\u00eda invernal y la producci\u00f3n de dulces uvas. El est\u00edo es de d\u00edas c\u00e1lidos, a veces t\u00f3rridos y noches frescas y estrelladas. De suelos rojos por sus arcillas gran\u00edticas y que evidencian una escasa fertilidad, producen uvas con modestia y sabidur\u00eda. Esto es, fruta de intensos sabores, de gran frescor e importante concentraci\u00f3n de dulzor. <\/div><div id=\"lqd-tab-2323\" role=\"tabpanel\" class=\"lqd-tabs-pane fade\"><p>A\u00f1o: 2021.<br \/>Variedad: Chardonnay 50% \u2013 Pinot Noir 50%.<br \/>Alcohol: 12,5\u00b0.<br \/>ph:3,2.<\/p> <\/div><\/div>\n\t\t<\/div>\n\t\t\t\t\t<\/div>\n\t\t\t\t<\/div>\n\t\t\t\t\t<\/div>\n\t\t\t\t<\/div>\n\t\t\t\t<\/div>\n\t\t","protected":false},"excerpt":{"rendered":"<p>RE \u971e\u591a\u9e97\u7d05\u8461\u8404\u9152 2021 \u6982\u5ff5\u8461\u8404\u9152\uff0c\u5b83\u662f\u4e00\u7a2e\u5f9e\u7956\u5148\u8d77\u6e90\u5230\u73fe\u5728\u7684\u91cd\u65b0\u751f\u6d3b\u3001\u91cd\u65b0\u767c\u660e\u3001\u91cd\u65b0\u767c\u73fe\u3002\u5979\u5f9e\u6df1\u9083\u3001 [&hellip;]<\/p>\n","protected":false},"author":1,"featured_media":0,"parent":0,"menu_order":0,"comment_status":"closed","ping_status":"closed","template":"","meta":{"inline_featured_image":false,"footnotes":""},"class_list":["post-9374","page","type-page","status-publish","hentry"],"_links":{"self":[{"href":"https:\/\/bodegasre.cl\/zh-hant\/wp-json\/wp\/v2\/pages\/9374","targetHints":{"allow":["GET"]}}],"collection":[{"href":"https:\/\/bodegasre.cl\/zh-hant\/wp-json\/wp\/v2\/pages"}],"about":[{"href":"https:\/\/bodegasre.cl\/zh-hant\/wp-json\/wp\/v2\/types\/page"}],"author":[{"embeddable":true,"href":"https:\/\/bodegasre.cl\/zh-hant\/wp-json\/wp\/v2\/users\/1"}],"replies":[{"embeddable":true,"href":"https:\/\/bodegasre.cl\/zh-hant\/wp-json\/wp\/v2\/comments?post=9374"}],"version-history":[{"count":2,"href":"https:\/\/bodegasre.cl\/zh-hant\/wp-json\/wp\/v2\/pages\/9374\/revisions"}],"predecessor-version":[{"id":10960,"href":"https:\/\/bodegasre.cl\/zh-hant\/wp-json\/wp\/v2\/pages\/9374\/revisions\/10960"}],"wp:attachment":[{"href":"https:\/\/bodegasre.cl\/zh-hant\/wp-json\/wp\/v2\/media?parent=9374"}],"curies":[{"name":"wp","href":"https:\/\/api.w.org\/{rel}","templated":true}]}}