{"id":9386,"date":"2024-06-11T16:09:58","date_gmt":"2024-06-11T20:09:58","guid":{"rendered":"https:\/\/bodegasre.cl\/%e9%87%8d%e7%94%9f\/"},"modified":"2025-03-10T16:13:37","modified_gmt":"2025-03-10T19:13:37","slug":"%e9%87%8d%e7%94%9f","status":"publish","type":"page","link":"https:\/\/bodegasre.cl\/zh-hant\/%e9%87%8d%e7%94%9f\/","title":{"rendered":"\u91cd\u751f"},"content":{"rendered":"\t\t<div data-elementor-type=\"wp-page\" data-elementor-id=\"9386\" class=\"elementor elementor-9386 elementor-7237\" data-elementor-post-type=\"page\">\n\t\t\t\t<div class=\"elementor-element elementor-element-2ca2f91 e-con-full e-flex e-con e-parent\" data-id=\"2ca2f91\" data-element_type=\"container\" data-e-type=\"container\" data-settings=\"{&quot;background_background&quot;:&quot;classic&quot;}\">\n\t\t\t\t<\/div>\n\t\t<div class=\"elementor-element elementor-element-03fbbdd e-flex e-con-boxed e-con e-parent\" data-id=\"03fbbdd\" data-element_type=\"container\" data-e-type=\"container\">\n\t\t\t\t\t<div class=\"e-con-inner\">\n\t\t<div class=\"elementor-element elementor-element-b1c4a6e e-con-full e-flex e-con e-child\" data-id=\"b1c4a6e\" data-element_type=\"container\" data-e-type=\"container\">\n\t\t\t\t<div class=\"elementor-element elementor-element-ce6cdcf elementor-widget elementor-widget-ld_fancy_image\" data-id=\"ce6cdcf\" data-element_type=\"widget\" data-e-type=\"widget\" data-widget_type=\"ld_fancy_image.default\">\n\t\t\t\t<div class=\"elementor-widget-container\">\n\t\t\t\t\t\n\t\t<div class=\"lqd-imggrp-single d-block pos-rel \">\n\t\t\t<div class=\"lqd-imggrp-img-container d-inline-flex pos-rel align-items-center justify-content-center \">\n\t\t\t\t\t\t\t\t<figure class=\"w-100 pos-rel\">\n\t\t\t\t\t<img fetchpriority=\"high\" decoding=\"async\" width=\"555\" height=\"1024\" src=\"https:\/\/bodegasre.cl\/wp-content\/uploads\/2024\/04\/vino-renace-re.png\" class=\"attachment-full size-full wp-image-6204\" alt=\"\" srcset=\"https:\/\/bodegasre.cl\/wp-content\/uploads\/2024\/04\/vino-renace-re.png 555w, https:\/\/bodegasre.cl\/wp-content\/uploads\/2024\/04\/vino-renace-re-163x300.png 163w, https:\/\/bodegasre.cl\/wp-content\/uploads\/2024\/04\/vino-renace-re-600x1107.png 600w\" sizes=\"(max-width: 555px) 100vw, 555px\" itemprop=\"image\" \/>\t\t\t\t\t\t\t\t\t\t\t\t\t\t\t\t\t\t\t\t\t\t\t\t\t\t\t\t\t<\/figure>\n\t\t\t<\/div>\n\t\t<\/div>\n\n\t\t\t\t\t<\/div>\n\t\t\t\t<\/div>\n\t\t\t\t<\/div>\n\t\t<div class=\"elementor-element elementor-element-8b6f75e e-flex e-con-boxed e-con e-child\" data-id=\"8b6f75e\" data-element_type=\"container\" data-e-type=\"container\">\n\t\t\t\t\t<div class=\"e-con-inner\">\n\t\t\t\t<div class=\"elementor-element elementor-element-f7d9676 elementor-widget elementor-widget-heading\" data-id=\"f7d9676\" data-element_type=\"widget\" data-e-type=\"widget\" data-widget_type=\"heading.default\">\n\t\t\t\t<div class=\"elementor-widget-container\">\n\t\t\t\t\t<h2 class=\"elementor-heading-title elementor-size-default\">\u91cd\u751f\n<\/h2>\t\t\t\t<\/div>\n\t\t\t\t<\/div>\n\t\t\t\t<div class=\"elementor-element elementor-element-fe1b4a6 elementor-widget elementor-widget-heading\" data-id=\"fe1b4a6\" data-element_type=\"widget\" data-e-type=\"widget\" data-widget_type=\"heading.default\">\n\t\t\t\t<div class=\"elementor-widget-container\">\n\t\t\t\t\t<h6 class=\"elementor-heading-title elementor-size-default\">2016<\/h6>\t\t\t\t<\/div>\n\t\t\t\t<\/div>\n\t\t\t\t<div class=\"elementor-element elementor-element-445c267 elementor-widget elementor-widget-hub_fancy_heading\" data-id=\"445c267\" data-element_type=\"widget\" data-e-type=\"widget\" data-widget_type=\"hub_fancy_heading.default\">\n\t\t\t\t<div class=\"elementor-widget-container\">\n\t\t\t\t\t\n\t\t<div id=\"ld-fancy-heading-69e023a83c539\" class=\"ld-fancy-heading pos-rel\">\n\t\t\t<h2 class=\"ld-fh-element d-inline-block pos-rel  elementor-heading-title lqd-highlight-classic lqd-highlight-grow-left h2\"  > RENACE \u662f\u9ad4\u73fe Bodegas RE \u6982\u5ff5\u9748\u9b42\u7684\u4f5c\u54c1\uff0c\u5b83\u662f\u5c0d\u7956\u5148\u8461\u8404\u9152\u7684\u518d\u5275\u9020\u3002 \u9019\u662f REliving \u5bb6\u65cf\u7684\u6545\u4e8b\uff0c\u5b83\u662f\u540d\u9152\u7684\u91cd\u751f\uff0c\u4f8b\u5982\u7f50\u5b50\u91cc\u7684\u65b0\u7dad\u7d0d\u65af\u3002 \u5b83\u662f\u85dd\u8853\u548c\u5de5\u85dd\u7684\u8461\u8404\u9152\uff0c\u662f\u660e\u5929\u7684\u6628\u5929\u3002<\/h2>\t\t<\/div>\n\n\t\t\t\t\t\t<\/div>\n\t\t\t\t<\/div>\n\t\t\t\t<div class=\"elementor-element elementor-element-d8c609a elementor-widget elementor-widget-heading\" data-id=\"d8c609a\" data-element_type=\"widget\" data-e-type=\"widget\" data-widget_type=\"heading.default\">\n\t\t\t\t<div class=\"elementor-widget-container\">\n\t\t\t\t\t<h2 class=\"elementor-heading-title elementor-size-default\">\u539f\u7522\u5730\u540d\u7a31\uff1a Maule.<\/h2>\t\t\t\t<\/div>\n\t\t\t\t<\/div>\n\t\t\t\t<div class=\"elementor-element elementor-element-bcb9c58 elementor-widget elementor-widget-heading\" data-id=\"bcb9c58\" data-element_type=\"widget\" data-e-type=\"widget\" data-widget_type=\"heading.default\">\n\t\t\t\t<div class=\"elementor-widget-container\">\n\t\t\t\t\t<h2 class=\"elementor-heading-title elementor-size-default\">\u8a8d\u8b58\uff1a  <\/h2>\t\t\t\t<\/div>\n\t\t\t\t<\/div>\n\t\t<div class=\"elementor-element elementor-element-b2d6514 e-con-full e-flex e-con e-child\" data-id=\"b2d6514\" data-element_type=\"container\" data-e-type=\"container\">\n\t\t\t\t<div class=\"elementor-element elementor-element-f48b0f0 elementor-widget__width-initial elementor-widget elementor-widget-image\" data-id=\"f48b0f0\" data-element_type=\"widget\" data-e-type=\"widget\" data-widget_type=\"image.default\">\n\t\t\t\t<div class=\"elementor-widget-container\">\n\t\t\t\t\t\t\t\t\t\t\t\t\t\t\t<img decoding=\"async\" width=\"350\" height=\"350\" src=\"https:\/\/bodegasre.cl\/wp-content\/uploads\/2025\/02\/92-tim-atkin.png\" class=\"attachment-large size-large wp-image-10449\" alt=\"\" srcset=\"https:\/\/bodegasre.cl\/wp-content\/uploads\/2025\/02\/92-tim-atkin.png 350w, https:\/\/bodegasre.cl\/wp-content\/uploads\/2025\/02\/92-tim-atkin-300x300.png 300w, https:\/\/bodegasre.cl\/wp-content\/uploads\/2025\/02\/92-tim-atkin-150x150.png 150w\" sizes=\"(max-width: 350px) 100vw, 350px\" \/>\t\t\t\t\t\t\t\t\t\t\t\t\t\t\t<\/div>\n\t\t\t\t<\/div>\n\t\t\t\t<div class=\"elementor-element elementor-element-18f8e1e elementor-widget__width-initial elementor-widget elementor-widget-image\" data-id=\"18f8e1e\" data-element_type=\"widget\" data-e-type=\"widget\" data-widget_type=\"image.default\">\n\t\t\t\t<div class=\"elementor-widget-container\">\n\t\t\t\t\t\t\t\t\t\t\t\t\t\t\t<img decoding=\"async\" width=\"200\" height=\"200\" src=\"data:image\/svg+xml;charset=utf-8,%3Csvg xmlns%3D&#039;http%3A%2F%2Fwww.w3.org%2F2000%2Fsvg&#039; viewBox%3D&#039;0 0 200 200&#039;%2F%3E\" class=\"attachment-large size-large wp-image-8434 ld-lazyload\" alt=\"\" data-src=\"https:\/\/bodegasre.cl\/wp-content\/uploads\/2024\/04\/LACAV.png\" data-srcset=\"https:\/\/bodegasre.cl\/wp-content\/uploads\/2024\/04\/LACAV.png 200w, https:\/\/bodegasre.cl\/wp-content\/uploads\/2024\/04\/LACAV-150x150.png 150w\" data-sizes=\"(max-width: 200px) 100vw, 200px\" data-aspect=\"1\" \/>\t\t\t\t\t\t\t\t\t\t\t\t\t\t\t<\/div>\n\t\t\t\t<\/div>\n\t\t\t\t<div class=\"elementor-element elementor-element-5dd95d5 elementor-widget__width-initial elementor-widget elementor-widget-image\" data-id=\"5dd95d5\" data-element_type=\"widget\" data-e-type=\"widget\" data-widget_type=\"image.default\">\n\t\t\t\t<div class=\"elementor-widget-container\">\n\t\t\t\t\t\t\t\t\t\t\t\t\t\t\t<img loading=\"lazy\" decoding=\"async\" width=\"200\" height=\"200\" src=\"data:image\/svg+xml;charset=utf-8,%3Csvg xmlns%3D&#039;http%3A%2F%2Fwww.w3.org%2F2000%2Fsvg&#039; viewBox%3D&#039;0 0 200 200&#039;%2F%3E\" class=\"attachment-large size-large wp-image-8437 ld-lazyload\" alt=\"\" data-src=\"https:\/\/bodegasre.cl\/wp-content\/uploads\/2024\/04\/DESCORCHADO.png\" data-srcset=\"https:\/\/bodegasre.cl\/wp-content\/uploads\/2024\/04\/DESCORCHADO.png 200w, https:\/\/bodegasre.cl\/wp-content\/uploads\/2024\/04\/DESCORCHADO-150x150.png 150w\" data-sizes=\"(max-width: 200px) 100vw, 200px\" data-aspect=\"1\" \/>\t\t\t\t\t\t\t\t\t\t\t\t\t\t\t<\/div>\n\t\t\t\t<\/div>\n\t\t\t\t<\/div>\n\t\t\t\t<div class=\"elementor-element elementor-element-dbc15c7 elementor-icon-list--layout-traditional elementor-list-item-link-full_width elementor-widget elementor-widget-icon-list\" data-id=\"dbc15c7\" data-element_type=\"widget\" data-e-type=\"widget\" data-widget_type=\"icon-list.default\">\n\t\t\t\t<div class=\"elementor-widget-container\">\n\t\t\t\t\t\t\t<ul class=\"elementor-icon-list-items\">\n\t\t\t\t\t\t\t<li class=\"elementor-icon-list-item\">\n\t\t\t\t\t\t\t\t\t\t\t<a href=\"https:\/\/bodegasre.cl\/wp-content\/uploads\/2024\/05\/vino-REnace-FT.pdf\" target=\"_blank\">\n\n\t\t\t\t\t\t\t\t\t\t\t\t<span class=\"elementor-icon-list-icon\">\n\t\t\t\t\t\t\t<svg aria-hidden=\"true\" class=\"e-font-icon-svg e-fas-download\" viewBox=\"0 0 512 512\" xmlns=\"http:\/\/www.w3.org\/2000\/svg\"><path d=\"M216 0h80c13.3 0 24 10.7 24 24v168h87.7c17.8 0 26.7 21.5 14.1 34.1L269.7 378.3c-7.5 7.5-19.8 7.5-27.3 0L90.1 226.1c-12.6-12.6-3.7-34.1 14.1-34.1H192V24c0-13.3 10.7-24 24-24zm296 376v112c0 13.3-10.7 24-24 24H24c-13.3 0-24-10.7-24-24V376c0-13.3 10.7-24 24-24h146.7l49 49c20.1 20.1 52.5 20.1 72.6 0l49-49H488c13.3 0 24 10.7 24 24zm-124 88c0-11-9-20-20-20s-20 9-20 20 9 20 20 20 20-9 20-20zm64 0c0-11-9-20-20-20s-20 9-20 20 9 20 20 20 20-9 20-20z\"><\/path><\/svg>\t\t\t\t\t\t<\/span>\n\t\t\t\t\t\t\t\t\t\t<span class=\"elementor-icon-list-text\">\u8868<\/span>\n\t\t\t\t\t\t\t\t\t\t\t<\/a>\n\t\t\t\t\t\t\t\t\t<\/li>\n\t\t\t\t\t\t\t\t<li class=\"elementor-icon-list-item\">\n\t\t\t\t\t\t\t\t\t\t\t<a href=\"https:\/\/bodegasre.cl\/wp-content\/uploads\/2024\/04\/vino-renace-re-600x1107.png\">\n\n\t\t\t\t\t\t\t\t\t\t\t\t<span class=\"elementor-icon-list-icon\">\n\t\t\t\t\t\t\t<svg aria-hidden=\"true\" class=\"e-font-icon-svg e-fas-download\" viewBox=\"0 0 512 512\" xmlns=\"http:\/\/www.w3.org\/2000\/svg\"><path d=\"M216 0h80c13.3 0 24 10.7 24 24v168h87.7c17.8 0 26.7 21.5 14.1 34.1L269.7 378.3c-7.5 7.5-19.8 7.5-27.3 0L90.1 226.1c-12.6-12.6-3.7-34.1 14.1-34.1H192V24c0-13.3 10.7-24 24-24zm296 376v112c0 13.3-10.7 24-24 24H24c-13.3 0-24-10.7-24-24V376c0-13.3 10.7-24 24-24h146.7l49 49c20.1 20.1 52.5 20.1 72.6 0l49-49H488c13.3 0 24 10.7 24 24zm-124 88c0-11-9-20-20-20s-20 9-20 20 9 20 20 20 20-9 20-20zm64 0c0-11-9-20-20-20s-20 9-20 20 9 20 20 20 20-9 20-20z\"><\/path><\/svg>\t\t\t\t\t\t<\/span>\n\t\t\t\t\t\t\t\t\t\t<span class=\"elementor-icon-list-text\">\u74f6\u5b50\u5716\u50cf<\/span>\n\t\t\t\t\t\t\t\t\t\t\t<\/a>\n\t\t\t\t\t\t\t\t\t<\/li>\n\t\t\t\t\t\t<\/ul>\n\t\t\t\t\t\t<\/div>\n\t\t\t\t<\/div>\n\t\t<div class=\"elementor-element elementor-element-8235395 e-flex e-con-boxed e-con e-child\" data-id=\"8235395\" data-element_type=\"container\" data-e-type=\"container\">\n\t\t\t\t\t<div class=\"e-con-inner\">\n\t\t<div class=\"elementor-element elementor-element-32904bb e-con-full e-flex e-con e-child\" data-id=\"32904bb\" data-element_type=\"container\" data-e-type=\"container\">\n\t\t\t\t<div class=\"elementor-element elementor-element-466e01e elementor-widget elementor-widget-hub_fancy_heading\" data-id=\"466e01e\" data-element_type=\"widget\" data-e-type=\"widget\" data-widget_type=\"hub_fancy_heading.default\">\n\t\t\t\t<div class=\"elementor-widget-container\">\n\t\t\t\t\t\n\t\t<div id=\"ld-fancy-heading-69e023a83cfae\" class=\"ld-fancy-heading pos-rel\">\n\t\t\t<h2 class=\"ld-fh-element d-inline-block pos-rel  elementor-heading-title lqd-highlight-classic lqd-highlight-grow-left h2\"  > \u5171\u7528<\/h2>\t\t<\/div>\n\n\t\t\t\t\t\t<\/div>\n\t\t\t\t<\/div>\n\t\t\t\t<\/div>\n\t\t<div class=\"elementor-element elementor-element-a3a31ba e-flex e-con-boxed e-con e-child\" data-id=\"a3a31ba\" data-element_type=\"container\" data-e-type=\"container\">\n\t\t\t\t\t<div class=\"e-con-inner\">\n\t\t\t\t<div class=\"elementor-element elementor-element-4812ee7 elementor-widget elementor-widget-ld_woo_product_sharing\" data-id=\"4812ee7\" data-element_type=\"widget\" data-e-type=\"widget\" data-widget_type=\"ld_woo_product_sharing.default\">\n\t\t\t\t<div class=\"elementor-widget-container\">\n\t\t\t\t\t\n\t\t<div class=\"product product-layout-component lqd-product-sharing\">\n\t\t\t<ul class=\"social-icon scheme-dark reset-ul inline-ul\">\n\t<li class=\"me-3\"><a rel=\"nofollow\" href=\"https:\/\/www.facebook.com\/sharer\/sharer.php?u=https%3A%2F%2Fbodegasre.cl%2Fzh-hant%2F%25e9%2587%258d%25e7%2594%259f%2F&#038;t=%E9%87%8D%E7%94%9F\"><svg xmlns=\"http:\/\/www.w3.org\/2000\/svg\" viewBox=\"0 0 320 512\" style=\"width: 1em; height: 1em;\"><path fill=\"currentColor\" d=\"M279.14 288l14.22-92.66h-88.91v-60.13c0-25.35 12.42-50.06 52.24-50.06h40.42V6.26S260.43 0 225.36 0c-73.22 0-121.08 44.38-121.08 124.72v70.62H22.89V288h81.39v224h100.17V288z\"\/><\/svg><\/a><\/li>\n\t<li class=\"me-3\"><a rel=\"nofollow\" href=\"https:\/\/twitter.com\/intent\/tweet?text=%E9%87%8D%E7%94%9F&#038;url=https%3A%2F%2Fbodegasre.cl%2Fzh-hant%2F%25e9%2587%258d%25e7%2594%259f%2F\"><svg xmlns=\"http:\/\/www.w3.org\/2000\/svg\" viewBox=\"0 0 24 24\" style=\"width: 1em; height: 1em;\"><path d=\"M8 2H1L9.26086 13.0145L1.44995 21.9999H4.09998L10.4883 14.651L16 22H23L14.3917 10.5223L21.8001 2H19.1501L13.1643 8.88578L8 2ZM17 20L5 4H7L19 20H17Z\"><\/path><\/svg><\/a><\/li>\n\t<li><a rel=\"nofollow\" href=\"https:\/\/pinterest.com\/pin\/create\/button\/?url=https%3A%2F%2Fbodegasre.cl%2Fzh-hant%2F%25e9%2587%258d%25e7%2594%259f%2F&#038;media=&#038;description=%E9%87%8D%E7%94%9F\"><svg xmlns=\"http:\/\/www.w3.org\/2000\/svg\" viewBox=\"0 0 384 512\" style=\"width: 1em; height: 1em;\"><path fill=\"currentColor\" d=\"M204 6.5C101.4 6.5 0 74.9 0 185.6 0 256 39.6 296 63.6 296c9.9 0 15.6-27.6 15.6-35.4 0-9.3-23.7-29.1-23.7-67.8 0-80.4 61.2-137.4 140.4-137.4 68.1 0 118.5 38.7 118.5 109.8 0 53.1-21.3 152.7-90.3 152.7-24.9 0-46.2-18-46.2-43.8 0-37.8 26.4-74.4 26.4-113.4 0-66.2-93.9-54.2-93.9 25.8 0 16.8 2.1 35.4 9.6 50.7-13.8 59.4-42 147.9-42 209.1 0 18.9 2.7 37.5 4.5 56.4 3.4 3.8 1.7 3.4 6.9 1.5 50.4-69 48.6-82.5 71.4-172.8 12.3 23.4 44.1 36 69.3 36 106.2 0 153.9-103.5 153.9-196.8C384 71.3 298.2 6.5 204 6.5z\"\/><\/svg><\/a><\/li>\n<\/ul>\n\t\t<\/div>\n\n\t\t\t\t\t\t<\/div>\n\t\t\t\t<\/div>\n\t\t\t\t\t<\/div>\n\t\t\t\t<\/div>\n\t\t\t\t\t<\/div>\n\t\t\t\t<\/div>\n\t\t\t\t\t<\/div>\n\t\t\t\t<\/div>\n\t\t\t\t\t<\/div>\n\t\t\t\t<\/div>\n\t\t<div class=\"elementor-element elementor-element-ded9881 e-flex e-con-boxed e-con e-parent\" data-id=\"ded9881\" data-element_type=\"container\" data-e-type=\"container\">\n\t\t\t\t\t<div class=\"e-con-inner\">\n\t\t\t\t<div class=\"elementor-element elementor-element-c0cbc43 elementor-widget elementor-widget-ld_tabs\" data-id=\"c0cbc43\" data-element_type=\"widget\" data-e-type=\"widget\" data-widget_type=\"ld_tabs.default\">\n\t\t\t\t<div class=\"elementor-widget-container\">\n\t\t\t\t\t\t\t<div class=\"lqd-tabs lqd-tabs-style-1 lqd-tabs-nav-iconbox d-flex lqd-tabs-nav-items-not-expanded flex-column c0cbc43 lqd-nav-underline-\" data-tabs-options=\"{&quot;trigger&quot;:&quot;click&quot;}\">\n\n\t\t\t<nav class=\"lqd-tabs-nav-wrap\">\n\t\t\t\t<ul class=\"reset-ul lqd-tabs-nav d-flex align-items-center justify-content-between flex-wrap pos-rel\" role=\"tablist\"><li data-controls=\"lqd-tab-2021\" role=\"presentation\" class=\"elementor-repeater-item-39e9652 active mb-5\"><a class=\"d-block\" href=\"#lqd-tab-2021\" data-bs-target=\"#lqd-tab-2021\" aria-expanded=\"false\" aria-controls=\"lqd-tab-2021\" role=\"tab\" data-toggle=\"tab\" data-bs-toggle=\"tab\"><span class=\"lqd-tabs-nav-icon d-flex flex-wrap\"><span class=\"lqd-tabs-nav-content d-block\"><span class=\"d-block h3 mt-0 mb-3\">Notas de cata y elaboraci\u00f3n<\/span><\/span><\/span><\/a><\/li><li data-controls=\"lqd-tab-2022\" role=\"presentation\" class=\"elementor-repeater-item-701ceaa mb-5\"><a class=\"d-block\" href=\"#lqd-tab-2022\" data-bs-target=\"#lqd-tab-2022\" aria-expanded=\"false\" aria-controls=\"lqd-tab-2022\" role=\"tab\" data-toggle=\"tab\" data-bs-toggle=\"tab\"><span class=\"lqd-tabs-nav-icon d-flex flex-wrap\"><span class=\"lqd-tabs-nav-content d-block\"><span class=\"d-block h3 mt-0 mb-3\">Vi\u00f1edos de origen<\/span><\/span><\/span><\/a><\/li><li data-controls=\"lqd-tab-2023\" role=\"presentation\" class=\"elementor-repeater-item-0a5c0c8 mb-5\"><a class=\"d-block\" href=\"#lqd-tab-2023\" data-bs-target=\"#lqd-tab-2023\" aria-expanded=\"false\" aria-controls=\"lqd-tab-2023\" role=\"tab\" data-toggle=\"tab\" data-bs-toggle=\"tab\"><span class=\"lqd-tabs-nav-icon d-flex flex-wrap\"><span class=\"lqd-tabs-nav-content d-block\"><span class=\"d-block h3 mt-0 mb-3\">An\u00e1lisis<\/span><\/span><\/span><\/a><\/li><\/ul>\t\t\t\t\t\t\t<\/nav>\n\n\t\t\t<div class=\"lqd-tabs-content pos-rel\"><div id=\"lqd-tab-2021\" role=\"tabpanel\" class=\"lqd-tabs-pane fade active in\"><p>Respetando el valor de la historia en su producci\u00f3n, se depositan las uvas previamente despalilladas en las tinajas de greda, se muelen con el empleo de un simple pis\u00f3n de madera y se espera por varios d\u00edas en maceraci\u00f3n, para que se inicie naturalmente la elecci\u00f3n de las levaduras nativas que producen la fermentaci\u00f3n. Un par de semanas o tres o cuatro, es el tiempo de transformaci\u00f3n del mosto en vino, que se ha obtenido sin intervenci\u00f3n, tan solo observaci\u00f3n y control. Luego se mantiene en contacto con la piel de las uvas por dos o tres meses, de manera que espont\u00e1neamente sean liberados y descubiertos, sus intensos colores y perfumes de frutos frescos, casi salvajes, y de sabores testigos de nuestros campos.<\/p><p>RE Nace es un vino de belleza que se muestra de un color rojo de vida, p\u00farpura de nobleza y azul de sangre real. Profundo y con movimiento raudal. Atractivo por su cuerpo colosal. Perfumado de violetas, melosas y mosquetas, su andar muestra aromas de la tierra roja, mineral de cuarzo y ceniciento por el est\u00edo que evocan el pan en rescoldo en manos del vi\u00f1ador. Huele a su campo y su gente.<\/p><p>En boca es robusto, sereno al inicio y luego se abre con fuerza de gigante, es generoso y amable. Regala con alegr\u00eda el frescor de la noche Maulina y el paso de boca se hace baile y luego es tropel masculino. Recuerda las olletas de greda guisando el cocido, olorosas de aj\u00edes tostados y pi\u00f1ones, y permanece vivo en el recuerdo imaginario del g\u00e9nesis y revive. RE Nace como el vino de belleza.<\/p><p>Su musculoso cuerpo, f\u00e9rreo y gentil, gigante y generoso, lo har\u00e1n crecer por muchos a\u00f1os, mostrando nobleza. Tratar de criarlo en botella por muchos a\u00f1os, siempre a temperatura fresca y el servicio debe respetar la misma entre 12 y 16\u00b0C. Si se guarda m\u00e1s all\u00e1 del 2014, es recomendable decantarlo. Por ser un vino muy natural, no ha sido filtrado, lo que hace posible que se note como desviste de su azulada juventud, dejando su color pintado en la botella. Usar copas generosas de abultados vientres, que permitan su despertar como genio y luego bailar raudamente, ense\u00f1ando sus perfumes. Gran se\u00f1or que se casa f\u00e1cilmente con viandas de carnes perfumadas a hierbas y especies. Lo hace con comida criolla y de alta gastronom\u00eda. De ella, prefiera piezas de caza, magras y rojas, liebres, jabal\u00edes. Pavos de pluma negra y salvajes, gallinas araucanas y gallineta africana. Pato real y ganso de pasto. A los quesos, de oveja y maduros.<\/p> <\/div><div id=\"lqd-tab-2022\" role=\"tabpanel\" class=\"lqd-tabs-pane fade\"><p>Vi\u00f1edos primitivos cultivados en los lomajes de tierras rojas del Maule profundo. Sus cepas son ancianas, plenas de sabidur\u00eda y hermosura, fueron plantadas en 1950, en condiciones de secano de secano y conducidas en su forma natural de peque\u00f1os arbolitos, sin estructura de soporte. La variedad que le da su origen es el noble y austero Carignan, que en forma estoica produce sus frutos dulces y perfumados a frutas, regalando la alegr\u00eda de sus vi\u00f1adores.<\/p> <\/div><div id=\"lqd-tab-2023\" role=\"tabpanel\" class=\"lqd-tabs-pane fade\"><p>A\u00f1o: 2016.<br \/>Variedad: Carignan 100%.<br \/>Alcohol: 15,5\u00b0.<br \/>pH: 3,01.<\/p> <\/div><\/div>\n\t\t<\/div>\n\t\t\t\t\t<\/div>\n\t\t\t\t<\/div>\n\t\t\t\t\t<\/div>\n\t\t\t\t<\/div>\n\t\t\t\t<\/div>\n\t\t","protected":false},"excerpt":{"rendered":"<p>\u91cd\u751f 2016 RENACE \u662f\u9ad4\u73fe Bodegas RE \u6982\u5ff5\u9748\u9b42\u7684\u4f5c\u54c1\uff0c\u5b83\u662f\u5c0d\u7956\u5148\u8461\u8404\u9152\u7684\u518d\u5275\u9020\u3002 \u9019\u662f  [&hellip;]<\/p>\n","protected":false},"author":1,"featured_media":0,"parent":0,"menu_order":0,"comment_status":"closed","ping_status":"closed","template":"","meta":{"inline_featured_image":false,"footnotes":""},"class_list":["post-9386","page","type-page","status-publish","hentry"],"_links":{"self":[{"href":"https:\/\/bodegasre.cl\/zh-hant\/wp-json\/wp\/v2\/pages\/9386","targetHints":{"allow":["GET"]}}],"collection":[{"href":"https:\/\/bodegasre.cl\/zh-hant\/wp-json\/wp\/v2\/pages"}],"about":[{"href":"https:\/\/bodegasre.cl\/zh-hant\/wp-json\/wp\/v2\/types\/page"}],"author":[{"embeddable":true,"href":"https:\/\/bodegasre.cl\/zh-hant\/wp-json\/wp\/v2\/users\/1"}],"replies":[{"embeddable":true,"href":"https:\/\/bodegasre.cl\/zh-hant\/wp-json\/wp\/v2\/comments?post=9386"}],"version-history":[{"count":2,"href":"https:\/\/bodegasre.cl\/zh-hant\/wp-json\/wp\/v2\/pages\/9386\/revisions"}],"predecessor-version":[{"id":10954,"href":"https:\/\/bodegasre.cl\/zh-hant\/wp-json\/wp\/v2\/pages\/9386\/revisions\/10954"}],"wp:attachment":[{"href":"https:\/\/bodegasre.cl\/zh-hant\/wp-json\/wp\/v2\/media?parent=9386"}],"curies":[{"name":"wp","href":"https:\/\/api.w.org\/{rel}","templated":true}]}}